{"id":2194,"date":"2025-08-25T17:23:46","date_gmt":"2025-08-25T17:23:46","guid":{"rendered":"https:\/\/turanciaer.com\/?post_type=product&#038;p=2194"},"modified":"2025-08-25T17:39:57","modified_gmt":"2025-08-25T17:39:57","slug":"iki-rafli-mutfak-arabasi","status":"publish","type":"product","link":"https:\/\/turanciaer.com\/en\/product\/iki-rafli-mutfak-arabasi\/","title":{"rendered":"Kitchen Trolley"},"content":{"rendered":"<ul>\n<li>AISI 304 Quality Stainless Skeleton<\/li>\n<li>Four Movable Wheels, Two with Brakes<\/li>\n<\/ul>\n<p><strong>Dimensions: <\/strong>W: 55 L: 86 H: 90 cm<\/p>","protected":false},"excerpt":{"rendered":"<p>AISI 304 Kalite Paslanmaz \u0130skelet \u0130kisi Frenli, D\u00f6rt Adet Hareketli Tekerlek \u00d6l\u00e7\u00fcler: E: 55 B: 86 Y: 90 cm<\/p>","protected":false},"featured_media":2195,"template":"","meta":[],"product_brand":[],"product_cat":[207,206],"product_tag":[],"class_list":{"0":"post-2194","1":"product","2":"type-product","3":"status-publish","4":"has-post-thumbnail","6":"product_cat-mutfak-arabalari","7":"product_cat-mutfak-ekipmanlari","9":"first","10":"instock","11":"shipping-taxable","12":"product-type-simple"},"_links":{"self":[{"href":"https:\/\/turanciaer.com\/en\/wp-json\/wp\/v2\/product\/2194","targetHints":{"allow":["GET"]}}],"collection":[{"href":"https:\/\/turanciaer.com\/en\/wp-json\/wp\/v2\/product"}],"about":[{"href":"https:\/\/turanciaer.com\/en\/wp-json\/wp\/v2\/types\/product"}],"version-history":[{"count":1,"href":"https:\/\/turanciaer.com\/en\/wp-json\/wp\/v2\/product\/2194\/revisions"}],"predecessor-version":[{"id":2196,"href":"https:\/\/turanciaer.com\/en\/wp-json\/wp\/v2\/product\/2194\/revisions\/2196"}],"wp:featuredmedia":[{"embeddable":true,"href":"https:\/\/turanciaer.com\/en\/wp-json\/wp\/v2\/media\/2195"}],"wp:attachment":[{"href":"https:\/\/turanciaer.com\/en\/wp-json\/wp\/v2\/media?parent=2194"}],"wp:term":[{"taxonomy":"product_brand","embeddable":true,"href":"https:\/\/turanciaer.com\/en\/wp-json\/wp\/v2\/product_brand?post=2194"},{"taxonomy":"product_cat","embeddable":true,"href":"https:\/\/turanciaer.com\/en\/wp-json\/wp\/v2\/product_cat?post=2194"},{"taxonomy":"product_tag","embeddable":true,"href":"https:\/\/turanciaer.com\/en\/wp-json\/wp\/v2\/product_tag?post=2194"}],"curies":[{"name":"wp","href":"https:\/\/api.w.org\/{rel}","templated":true}]}}