{"id":2197,"date":"2025-08-26T15:43:29","date_gmt":"2025-08-26T15:43:29","guid":{"rendered":"https:\/\/turanciaer.com\/?post_type=product&#038;p=2197"},"modified":"2025-08-26T15:46:57","modified_gmt":"2025-08-26T15:46:57","slug":"tabak-tasima-arabasi","status":"publish","type":"product","link":"https:\/\/turanciaer.com\/en\/product\/tabak-tasima-arabasi\/","title":{"rendered":"Plate Trolley"},"content":{"rendered":"<ul>\n<li>Adjustable 5 Divider<\/li>\n<li>Available for Max. \u00d8 32 cm Plate<\/li>\n<li>According to Plate Diameter 250-450 Capacity<\/li>\n<\/ul>\n<p><strong>Dimensions: <\/strong>W: 71 L: 110\u00a0 H: 80 cm<\/p>","protected":false},"excerpt":{"rendered":"<p>Ayarlanabilir 5 B\u00f6lme Tabak \u00c7ap\u0131 32 cm\u2019e Kadar Ayarlanabilir Tabak \u00c7ap\u0131na G\u00f6re 250-450 Adet Ta\u015f\u0131ma Kapasitesi \u00d6l\u00e7\u00fcler: E: 71 B:<\/p>","protected":false},"featured_media":2198,"template":"","meta":[],"product_brand":[],"product_cat":[209],"product_tag":[],"class_list":{"0":"post-2197","1":"product","2":"type-product","3":"status-publish","4":"has-post-thumbnail","6":"product_cat-tabak-tasima-arabalari","8":"first","9":"instock","10":"shipping-taxable","11":"product-type-simple"},"_links":{"self":[{"href":"https:\/\/turanciaer.com\/en\/wp-json\/wp\/v2\/product\/2197","targetHints":{"allow":["GET"]}}],"collection":[{"href":"https:\/\/turanciaer.com\/en\/wp-json\/wp\/v2\/product"}],"about":[{"href":"https:\/\/turanciaer.com\/en\/wp-json\/wp\/v2\/types\/product"}],"version-history":[{"count":1,"href":"https:\/\/turanciaer.com\/en\/wp-json\/wp\/v2\/product\/2197\/revisions"}],"predecessor-version":[{"id":2199,"href":"https:\/\/turanciaer.com\/en\/wp-json\/wp\/v2\/product\/2197\/revisions\/2199"}],"wp:featuredmedia":[{"embeddable":true,"href":"https:\/\/turanciaer.com\/en\/wp-json\/wp\/v2\/media\/2198"}],"wp:attachment":[{"href":"https:\/\/turanciaer.com\/en\/wp-json\/wp\/v2\/media?parent=2197"}],"wp:term":[{"taxonomy":"product_brand","embeddable":true,"href":"https:\/\/turanciaer.com\/en\/wp-json\/wp\/v2\/product_brand?post=2197"},{"taxonomy":"product_cat","embeddable":true,"href":"https:\/\/turanciaer.com\/en\/wp-json\/wp\/v2\/product_cat?post=2197"},{"taxonomy":"product_tag","embeddable":true,"href":"https:\/\/turanciaer.com\/en\/wp-json\/wp\/v2\/product_tag?post=2197"}],"curies":[{"name":"wp","href":"https:\/\/api.w.org\/{rel}","templated":true}]}}