{"id":2206,"date":"2025-09-01T21:07:41","date_gmt":"2025-09-01T21:07:41","guid":{"rendered":"https:\/\/turanciaer.com\/?post_type=product&#038;p=2206"},"modified":"2025-10-02T06:07:07","modified_gmt":"2025-10-02T06:07:07","slug":"kat-arabasi-79","status":"publish","type":"product","link":"https:\/\/turanciaer.com\/en\/product\/kat-arabasi-79\/","title":{"rendered":"Chambermaid\u2019s Trolley"},"content":{"rendered":"<ul>\n<li>Plastic Body<\/li>\n<li>Electrostatic powder coated tube structure<\/li>\n<li>Foldable Side Arms<\/li>\n<li>Closable Canvas Cover on the Front Section<\/li>\n<li>Four Movable Wheels, Two with Brakes<\/li>\n<\/ul>\n<p><strong>Dimensions: <\/strong>W: 61 L: 112 \/ 175 H: 148\u00a0 cm<\/p>","protected":false},"excerpt":{"rendered":"<p>Plastik G\u00f6vde Elektrostatik Boyal\u0131 DKP Profil \u0130skelet Katlanabilir Yan Kollar \u00d6n B\u00f6l\u00fcmde Kapanabilen Branda Kapak \u0130kisi Frenli, D\u00f6rt Adet Hareketli<\/p>","protected":false},"featured_media":2207,"template":"","meta":[],"product_brand":[],"product_cat":[171,176],"product_tag":[],"class_list":{"0":"post-2206","1":"product","2":"type-product","3":"status-publish","4":"has-post-thumbnail","6":"product_cat-kat-arabalari","7":"product_cat-kat-hizmetleri-ekipmanlari","9":"first","10":"instock","11":"shipping-taxable","12":"product-type-simple"},"_links":{"self":[{"href":"https:\/\/turanciaer.com\/en\/wp-json\/wp\/v2\/product\/2206","targetHints":{"allow":["GET"]}}],"collection":[{"href":"https:\/\/turanciaer.com\/en\/wp-json\/wp\/v2\/product"}],"about":[{"href":"https:\/\/turanciaer.com\/en\/wp-json\/wp\/v2\/types\/product"}],"version-history":[{"count":1,"href":"https:\/\/turanciaer.com\/en\/wp-json\/wp\/v2\/product\/2206\/revisions"}],"predecessor-version":[{"id":2208,"href":"https:\/\/turanciaer.com\/en\/wp-json\/wp\/v2\/product\/2206\/revisions\/2208"}],"wp:featuredmedia":[{"embeddable":true,"href":"https:\/\/turanciaer.com\/en\/wp-json\/wp\/v2\/media\/2207"}],"wp:attachment":[{"href":"https:\/\/turanciaer.com\/en\/wp-json\/wp\/v2\/media?parent=2206"}],"wp:term":[{"taxonomy":"product_brand","embeddable":true,"href":"https:\/\/turanciaer.com\/en\/wp-json\/wp\/v2\/product_brand?post=2206"},{"taxonomy":"product_cat","embeddable":true,"href":"https:\/\/turanciaer.com\/en\/wp-json\/wp\/v2\/product_cat?post=2206"},{"taxonomy":"product_tag","embeddable":true,"href":"https:\/\/turanciaer.com\/en\/wp-json\/wp\/v2\/product_tag?post=2206"}],"curies":[{"name":"wp","href":"https:\/\/api.w.org\/{rel}","templated":true}]}}