{"id":2209,"date":"2025-09-01T21:12:20","date_gmt":"2025-09-01T21:12:20","guid":{"rendered":"https:\/\/turanciaer.com\/?post_type=product&#038;p=2209"},"modified":"2025-10-02T06:06:53","modified_gmt":"2025-10-02T06:06:53","slug":"kat-arabasi-80","status":"publish","type":"product","link":"https:\/\/turanciaer.com\/en\/product\/kat-arabasi-80\/","title":{"rendered":"Chambermaid\u2019s Trolley"},"content":{"rendered":"<ul>\n<li>Plastic Body<\/li>\n<li>Electrostatic powder coated tube structure<\/li>\n<li>3 Pieces Inside Drawer<\/li>\n<li>Foldable Side Arms<\/li>\n<li>Closable Canvas Cover on the Front Section<\/li>\n<li>Four Movable Wheels, Two with Brakes<\/li>\n<\/ul>\n<p><strong>Dimensions: <\/strong>W: 61 L: 112 H: 148\u00a0 cm<\/p>","protected":false},"excerpt":{"rendered":"<p>Plastik G\u00f6vde Elektrostatik Boyal\u0131 DKP Profil \u0130skelet 3 Adet \u0130\u00e7 \u00c7ekmece Katlanabilir Yan Kollar \u00d6n B\u00f6l\u00fcmde Kapanabilen Branda Kapak \u0130kisi<\/p>","protected":false},"featured_media":2210,"template":"","meta":[],"product_brand":[],"product_cat":[171,176],"product_tag":[],"class_list":{"0":"post-2209","1":"product","2":"type-product","3":"status-publish","4":"has-post-thumbnail","6":"product_cat-kat-arabalari","7":"product_cat-kat-hizmetleri-ekipmanlari","9":"first","10":"instock","11":"shipping-taxable","12":"product-type-simple"},"_links":{"self":[{"href":"https:\/\/turanciaer.com\/en\/wp-json\/wp\/v2\/product\/2209","targetHints":{"allow":["GET"]}}],"collection":[{"href":"https:\/\/turanciaer.com\/en\/wp-json\/wp\/v2\/product"}],"about":[{"href":"https:\/\/turanciaer.com\/en\/wp-json\/wp\/v2\/types\/product"}],"version-history":[{"count":1,"href":"https:\/\/turanciaer.com\/en\/wp-json\/wp\/v2\/product\/2209\/revisions"}],"predecessor-version":[{"id":2211,"href":"https:\/\/turanciaer.com\/en\/wp-json\/wp\/v2\/product\/2209\/revisions\/2211"}],"wp:featuredmedia":[{"embeddable":true,"href":"https:\/\/turanciaer.com\/en\/wp-json\/wp\/v2\/media\/2210"}],"wp:attachment":[{"href":"https:\/\/turanciaer.com\/en\/wp-json\/wp\/v2\/media?parent=2209"}],"wp:term":[{"taxonomy":"product_brand","embeddable":true,"href":"https:\/\/turanciaer.com\/en\/wp-json\/wp\/v2\/product_brand?post=2209"},{"taxonomy":"product_cat","embeddable":true,"href":"https:\/\/turanciaer.com\/en\/wp-json\/wp\/v2\/product_cat?post=2209"},{"taxonomy":"product_tag","embeddable":true,"href":"https:\/\/turanciaer.com\/en\/wp-json\/wp\/v2\/product_tag?post=2209"}],"curies":[{"name":"wp","href":"https:\/\/api.w.org\/{rel}","templated":true}]}}