{"id":2212,"date":"2025-08-26T21:14:56","date_gmt":"2025-08-26T21:14:56","guid":{"rendered":"https:\/\/turanciaer.com\/?post_type=product&#038;p=2212"},"modified":"2025-08-26T21:16:53","modified_gmt":"2025-08-26T21:16:53","slug":"temizlik-arabasi","status":"publish","type":"product","link":"https:\/\/turanciaer.com\/en\/product\/temizlik-arabasi\/","title":{"rendered":"Cleaning Car"},"content":{"rendered":"<ul>\n<li>Aluminum Body<\/li>\n<li>6 Small Buckets<\/li>\n<li>2 Large Buckets<\/li>\n<li>Pressed Mop Bucket<\/li>\n<li>Four Movable Wheels, Two with Brakes<\/li>\n<\/ul>\n<p><strong>Dimensions: <\/strong>W: 62 L: 140 H: 107\u00a0 cm<\/p>","protected":false},"excerpt":{"rendered":"<p>Al\u00fcminyum G\u00f6vde 6 Adet K\u00fc\u00e7\u00fck Kova 2 Adet B\u00fcy\u00fck Kova Presli Paspas Kovas\u0131 \u0130kisi Frenli, D\u00f6rt Adet Hareketli Tekerlek \u00d6l\u00e7\u00fcler:<\/p>","protected":false},"featured_media":2213,"template":"","meta":[],"product_brand":[],"product_cat":[176,194],"product_tag":[],"class_list":{"0":"post-2212","1":"product","2":"type-product","3":"status-publish","4":"has-post-thumbnail","6":"product_cat-kat-hizmetleri-ekipmanlari","7":"product_cat-temizlik-arabalari","9":"first","10":"instock","11":"shipping-taxable","12":"product-type-simple"},"_links":{"self":[{"href":"https:\/\/turanciaer.com\/en\/wp-json\/wp\/v2\/product\/2212","targetHints":{"allow":["GET"]}}],"collection":[{"href":"https:\/\/turanciaer.com\/en\/wp-json\/wp\/v2\/product"}],"about":[{"href":"https:\/\/turanciaer.com\/en\/wp-json\/wp\/v2\/types\/product"}],"version-history":[{"count":1,"href":"https:\/\/turanciaer.com\/en\/wp-json\/wp\/v2\/product\/2212\/revisions"}],"predecessor-version":[{"id":2214,"href":"https:\/\/turanciaer.com\/en\/wp-json\/wp\/v2\/product\/2212\/revisions\/2214"}],"wp:featuredmedia":[{"embeddable":true,"href":"https:\/\/turanciaer.com\/en\/wp-json\/wp\/v2\/media\/2213"}],"wp:attachment":[{"href":"https:\/\/turanciaer.com\/en\/wp-json\/wp\/v2\/media?parent=2212"}],"wp:term":[{"taxonomy":"product_brand","embeddable":true,"href":"https:\/\/turanciaer.com\/en\/wp-json\/wp\/v2\/product_brand?post=2212"},{"taxonomy":"product_cat","embeddable":true,"href":"https:\/\/turanciaer.com\/en\/wp-json\/wp\/v2\/product_cat?post=2212"},{"taxonomy":"product_tag","embeddable":true,"href":"https:\/\/turanciaer.com\/en\/wp-json\/wp\/v2\/product_tag?post=2212"}],"curies":[{"name":"wp","href":"https:\/\/api.w.org\/{rel}","templated":true}]}}