{"id":2225,"date":"2025-08-26T21:28:41","date_gmt":"2025-08-26T21:28:41","guid":{"rendered":"https:\/\/turanciaer.com\/?post_type=product&#038;p=2225"},"modified":"2025-08-26T21:31:28","modified_gmt":"2025-08-26T21:31:28","slug":"askili-valiz-tasima-arabasi-86","status":"publish","type":"product","link":"https:\/\/turanciaer.com\/en\/product\/askili-valiz-tasima-arabasi-86\/","title":{"rendered":"Luggage Trolley"},"content":{"rendered":"<ul>\n<li>AISI 304 Stainless steel tube structure<\/li>\n<li>Carpet covers the platform<\/li>\n<li>Impact Tire<\/li>\n<li>Hanging Apparatus<\/li>\n<li>Iron Chassis<\/li>\n<li>Four Movable Wheels, Two with Brakes<\/li>\n<\/ul>\n<p><strong>Dimensions: <\/strong>W: 65 L: 105\u00a0 H: 193 cm<\/p>","protected":false},"excerpt":{"rendered":"<p>AISI 304 Kalite Paslanmaz \u00c7elik Hal\u0131 Kaplamal\u0131 Y\u00fczey \u00c7arpma Lasti\u011fi Ask\u0131 Aparat\u0131 Demir \u015ease \u0130kisi Frenli, D\u00f6rt Adet Hareketli Tekerlek<\/p>","protected":false},"featured_media":2226,"template":"","meta":[],"product_brand":[],"product_cat":[184],"product_tag":[],"class_list":{"0":"post-2225","1":"product","2":"type-product","3":"status-publish","4":"has-post-thumbnail","6":"product_cat-valiz-tasima-arabalari","8":"first","9":"instock","10":"shipping-taxable","11":"product-type-simple"},"_links":{"self":[{"href":"https:\/\/turanciaer.com\/en\/wp-json\/wp\/v2\/product\/2225","targetHints":{"allow":["GET"]}}],"collection":[{"href":"https:\/\/turanciaer.com\/en\/wp-json\/wp\/v2\/product"}],"about":[{"href":"https:\/\/turanciaer.com\/en\/wp-json\/wp\/v2\/types\/product"}],"version-history":[{"count":1,"href":"https:\/\/turanciaer.com\/en\/wp-json\/wp\/v2\/product\/2225\/revisions"}],"predecessor-version":[{"id":2227,"href":"https:\/\/turanciaer.com\/en\/wp-json\/wp\/v2\/product\/2225\/revisions\/2227"}],"wp:featuredmedia":[{"embeddable":true,"href":"https:\/\/turanciaer.com\/en\/wp-json\/wp\/v2\/media\/2226"}],"wp:attachment":[{"href":"https:\/\/turanciaer.com\/en\/wp-json\/wp\/v2\/media?parent=2225"}],"wp:term":[{"taxonomy":"product_brand","embeddable":true,"href":"https:\/\/turanciaer.com\/en\/wp-json\/wp\/v2\/product_brand?post=2225"},{"taxonomy":"product_cat","embeddable":true,"href":"https:\/\/turanciaer.com\/en\/wp-json\/wp\/v2\/product_cat?post=2225"},{"taxonomy":"product_tag","embeddable":true,"href":"https:\/\/turanciaer.com\/en\/wp-json\/wp\/v2\/product_tag?post=2225"}],"curies":[{"name":"wp","href":"https:\/\/api.w.org\/{rel}","templated":true}]}}