{"id":2231,"date":"2025-04-30T21:19:32","date_gmt":"2025-04-30T21:19:32","guid":{"rendered":"https:\/\/turanciaer.com\/?post_type=product&#038;p=2231"},"modified":"2025-10-02T06:41:53","modified_gmt":"2025-10-02T06:41:53","slug":"gold-bariyer","status":"publish","type":"product","link":"https:\/\/turanciaer.com\/en\/product\/gold-bariyer\/","title":{"rendered":"Gold Barrier"},"content":{"rendered":"<ul>\n<li>Stainless Steel Gold Coating<\/li>\n<li>Rubber to Prevent Floor Scratch<\/li>\n<\/ul>\n<p><strong>Dimensions: <\/strong>\u00d8: 32 H: 100 cm<\/p>","protected":false},"excerpt":{"rendered":"<p>Paslanmaz \u00c7elik \u00dczeri Gold Kaplama Zemin \u00c7izilmesini \u00d6nleyici Lastik \u00d6l\u00e7\u00fcler: \u00d8: 32 Y: 100 cm<\/p>","protected":false},"featured_media":2235,"template":"","meta":[],"product_brand":[],"product_cat":[185],"product_tag":[],"class_list":{"0":"post-2231","1":"product","2":"type-product","3":"status-publish","4":"has-post-thumbnail","6":"product_cat-bariyer-yonlendirme-panolari","8":"first","9":"instock","10":"shipping-taxable","11":"product-type-simple"},"_links":{"self":[{"href":"https:\/\/turanciaer.com\/en\/wp-json\/wp\/v2\/product\/2231","targetHints":{"allow":["GET"]}}],"collection":[{"href":"https:\/\/turanciaer.com\/en\/wp-json\/wp\/v2\/product"}],"about":[{"href":"https:\/\/turanciaer.com\/en\/wp-json\/wp\/v2\/types\/product"}],"version-history":[{"count":2,"href":"https:\/\/turanciaer.com\/en\/wp-json\/wp\/v2\/product\/2231\/revisions"}],"predecessor-version":[{"id":2243,"href":"https:\/\/turanciaer.com\/en\/wp-json\/wp\/v2\/product\/2231\/revisions\/2243"}],"wp:featuredmedia":[{"embeddable":true,"href":"https:\/\/turanciaer.com\/en\/wp-json\/wp\/v2\/media\/2235"}],"wp:attachment":[{"href":"https:\/\/turanciaer.com\/en\/wp-json\/wp\/v2\/media?parent=2231"}],"wp:term":[{"taxonomy":"product_brand","embeddable":true,"href":"https:\/\/turanciaer.com\/en\/wp-json\/wp\/v2\/product_brand?post=2231"},{"taxonomy":"product_cat","embeddable":true,"href":"https:\/\/turanciaer.com\/en\/wp-json\/wp\/v2\/product_cat?post=2231"},{"taxonomy":"product_tag","embeddable":true,"href":"https:\/\/turanciaer.com\/en\/wp-json\/wp\/v2\/product_tag?post=2231"}],"curies":[{"name":"wp","href":"https:\/\/api.w.org\/{rel}","templated":true}]}}