{"id":2237,"date":"2025-04-30T21:22:12","date_gmt":"2025-04-30T21:22:12","guid":{"rendered":"https:\/\/turanciaer.com\/?post_type=product&#038;p=2237"},"modified":"2025-10-02T06:42:00","modified_gmt":"2025-10-02T06:42:00","slug":"bariyer-kordonu","status":"publish","type":"product","link":"https:\/\/turanciaer.com\/en\/product\/bariyer-kordonu\/","title":{"rendered":"Barrier Cord"},"content":{"rendered":"<p>&nbsp;<\/p>\n<p><strong>Size: <\/strong>150 cm<\/p>","protected":false},"excerpt":{"rendered":"<p>&nbsp; \u00d6l\u00e7\u00fc: 150 cm<\/p>","protected":false},"featured_media":2234,"template":"","meta":[],"product_brand":[],"product_cat":[185],"product_tag":[],"class_list":{"0":"post-2237","1":"product","2":"type-product","3":"status-publish","4":"has-post-thumbnail","6":"product_cat-bariyer-yonlendirme-panolari","8":"first","9":"instock","10":"shipping-taxable","11":"product-type-simple"},"_links":{"self":[{"href":"https:\/\/turanciaer.com\/en\/wp-json\/wp\/v2\/product\/2237","targetHints":{"allow":["GET"]}}],"collection":[{"href":"https:\/\/turanciaer.com\/en\/wp-json\/wp\/v2\/product"}],"about":[{"href":"https:\/\/turanciaer.com\/en\/wp-json\/wp\/v2\/types\/product"}],"version-history":[{"count":1,"href":"https:\/\/turanciaer.com\/en\/wp-json\/wp\/v2\/product\/2237\/revisions"}],"predecessor-version":[{"id":2238,"href":"https:\/\/turanciaer.com\/en\/wp-json\/wp\/v2\/product\/2237\/revisions\/2238"}],"wp:featuredmedia":[{"embeddable":true,"href":"https:\/\/turanciaer.com\/en\/wp-json\/wp\/v2\/media\/2234"}],"wp:attachment":[{"href":"https:\/\/turanciaer.com\/en\/wp-json\/wp\/v2\/media?parent=2237"}],"wp:term":[{"taxonomy":"product_brand","embeddable":true,"href":"https:\/\/turanciaer.com\/en\/wp-json\/wp\/v2\/product_brand?post=2237"},{"taxonomy":"product_cat","embeddable":true,"href":"https:\/\/turanciaer.com\/en\/wp-json\/wp\/v2\/product_cat?post=2237"},{"taxonomy":"product_tag","embeddable":true,"href":"https:\/\/turanciaer.com\/en\/wp-json\/wp\/v2\/product_tag?post=2237"}],"curies":[{"name":"wp","href":"https:\/\/api.w.org\/{rel}","templated":true}]}}