{"id":2244,"date":"2025-04-30T22:37:32","date_gmt":"2025-04-30T22:37:32","guid":{"rendered":"https:\/\/turanciaer.com\/?post_type=product&#038;p=2244"},"modified":"2025-10-02T06:43:38","modified_gmt":"2025-10-02T06:43:38","slug":"banket-sandalye","status":"publish","type":"product","link":"https:\/\/turanciaer.com\/en\/product\/banket-sandalye\/","title":{"rendered":"Banquet Chair"},"content":{"rendered":"<ul>\n<li>25 x 25 x 2 mm Aluminium Structure<\/li>\n<li>Flexible Back<\/li>\n<li>Electrostatic Powder Coated<\/li>\n<li>600 gr. Cold Cast Polyurethane Sponge Seat<\/li>\n<\/ul>\n<p><strong>Dimensions: <\/strong>W: 45 L: 61\u00a0 H: 48 \/ 90 cm<\/p>","protected":false},"excerpt":{"rendered":"<p>25 x 25 x 2 mm Aluminyum Profil \u0130skelet Esnek S\u0131rtl\u0131 Elektrostatik F\u0131r\u0131n Toz Boya 600 Gr. So\u011fuk D\u00f6k\u00fcm Poli\u00fcretan<\/p>","protected":false},"featured_media":2245,"template":"","meta":[],"product_brand":[],"product_cat":[178,182],"product_tag":[],"class_list":{"0":"post-2244","1":"product","2":"type-product","3":"status-publish","4":"has-post-thumbnail","6":"product_cat-banket-toplanti-ekipmanlari","7":"product_cat-sandalyeler","9":"first","10":"instock","11":"shipping-taxable","12":"product-type-simple"},"_links":{"self":[{"href":"https:\/\/turanciaer.com\/en\/wp-json\/wp\/v2\/product\/2244","targetHints":{"allow":["GET"]}}],"collection":[{"href":"https:\/\/turanciaer.com\/en\/wp-json\/wp\/v2\/product"}],"about":[{"href":"https:\/\/turanciaer.com\/en\/wp-json\/wp\/v2\/types\/product"}],"version-history":[{"count":2,"href":"https:\/\/turanciaer.com\/en\/wp-json\/wp\/v2\/product\/2244\/revisions"}],"predecessor-version":[{"id":2247,"href":"https:\/\/turanciaer.com\/en\/wp-json\/wp\/v2\/product\/2244\/revisions\/2247"}],"wp:featuredmedia":[{"embeddable":true,"href":"https:\/\/turanciaer.com\/en\/wp-json\/wp\/v2\/media\/2245"}],"wp:attachment":[{"href":"https:\/\/turanciaer.com\/en\/wp-json\/wp\/v2\/media?parent=2244"}],"wp:term":[{"taxonomy":"product_brand","embeddable":true,"href":"https:\/\/turanciaer.com\/en\/wp-json\/wp\/v2\/product_brand?post=2244"},{"taxonomy":"product_cat","embeddable":true,"href":"https:\/\/turanciaer.com\/en\/wp-json\/wp\/v2\/product_cat?post=2244"},{"taxonomy":"product_tag","embeddable":true,"href":"https:\/\/turanciaer.com\/en\/wp-json\/wp\/v2\/product_tag?post=2244"}],"curies":[{"name":"wp","href":"https:\/\/api.w.org\/{rel}","templated":true}]}}