{"id":31,"date":"2023-04-20T11:47:35","date_gmt":"2023-04-20T11:47:35","guid":{"rendered":"https:\/\/dummy.xtemos.com\/woodmart2\/furniture2-elementor\/?page_id=31"},"modified":"2025-07-31T14:41:53","modified_gmt":"2025-07-31T14:41:53","slug":"hakkimizda","status":"publish","type":"page","link":"https:\/\/turanciaer.com\/ru\/hakkimizda\/","title":{"rendered":"\u041e \u043d\u0430\u0441"},"content":{"rendered":"<div data-elementor-type=\"wp-page\" data-elementor-id=\"31\" class=\"elementor elementor-31\" data-elementor-post-type=\"page\">\n\t\t\t\t<div class=\"wd-negative-gap elementor-element elementor-element-43bbe8e wd-collapsible-content e-flex e-con-boxed e-con e-parent\" data-id=\"43bbe8e\" data-element_type=\"container\" data-e-type=\"container\">\n\t\t\t\t\t<div class=\"e-con-inner\">\n\t\t\t\t<div class=\"elementor-element elementor-element-cf18f75 elementor-widget elementor-widget-wd_button\" data-id=\"cf18f75\" data-element_type=\"widget\" data-e-type=\"widget\" data-widget_type=\"wd_button.default\">\n\t\t\t\t<div class=\"elementor-widget-container\">\n\t\t\t\t\t\t\t<div class=\"wd-button-wrapper text-left wd-collapsible-button\" >\n\t\t\t<a class=\"btn btn-style-link btn-shape- btn-size-default btn-color-primary btn-icon-pos-right\"  href=\"#\">\n\t\t\t\t<span class=\"wd-btn-text\" data-elementor-setting-key=\"text\">\n\t\t\t\t\tRead More\t\t\t\t<\/span>\n\n\t\t\t\t\t\t\t<\/a>\n\t\t<\/div>\n\t\t\t\t\t\t<\/div>\n\t\t\t\t<\/div>\n\t\t\t\t\t<\/div>\n\t\t\t\t<\/div>\n\t\t\t\t<section class=\"wd-negative-gap elementor-section elementor-top-section elementor-element elementor-element-6cdeb754 wd-section-stretch elementor-section-content-middle elementor-section-boxed elementor-section-height-default elementor-section-height-default\" data-id=\"6cdeb754\" data-element_type=\"section\" data-e-type=\"section\">\n\t\t\t\t\t\t<div class=\"elementor-container elementor-column-gap-extended\">\n\t\t\t\t\t<div class=\"elementor-column elementor-col-50 elementor-top-column elementor-element elementor-element-30bd4a18\" data-id=\"30bd4a18\" data-element_type=\"column\" data-e-type=\"column\">\n\t\t\t<div class=\"elementor-widget-wrap elementor-element-populated\">\n\t\t\t\t\t\t<div class=\"elementor-element elementor-element-28b1f2e5 wd-width-100 elementor-widget elementor-widget-wd_images_gallery\" data-id=\"28b1f2e5\" data-element_type=\"widget\" data-e-type=\"widget\" data-widget_type=\"wd_images_gallery.default\">\n\t\t\t\t<div class=\"elementor-widget-container\">\n\t\t\t\t\t\t\t<div class=\"wd-images-gallery photoswipe-images\" style=\"--wd-align-items:center; --wd-justify-content:center;\">\n\t\t\t\t\t\t<div class=\"wd-masonry wd-grid-f-col\" style=\"--wd-col-lg:2;--wd-col-md:2;--wd-col-sm:1;--wd-gap-lg:6px;\" >\n\t\t\t\t\t\t\t\t\t\t\t\t\t\t\t\t\t\t<div class=\"wd-gallery-item wd-col\">\n\t\t\t\t\t\t\t\t\t\t\t\t\t<a  href=\"https:\/\/turanciaer.com\/wp-content\/uploads\/2025\/07\/about-1.jpg\" data-width=\"400\" data-height=\"548\" data-index=\"1\" data-elementor-open-lightbox=\"no\">\n\t\t\t\t\t\t\n\t\t\t\t\t\t<img loading=\"lazy\" decoding=\"async\" width=\"400\" height=\"548\" src=\"https:\/\/turanciaer.com\/wp-content\/uploads\/2025\/07\/about-1.jpg\" class=\"attachment-full size-full\" alt=\"about-1\" srcset=\"https:\/\/turanciaer.com\/wp-content\/uploads\/2025\/07\/about-1.jpg 400w, https:\/\/turanciaer.com\/wp-content\/uploads\/2025\/07\/about-1-150x206.jpg 150w, https:\/\/turanciaer.com\/wp-content\/uploads\/2025\/07\/about-1-219x300.jpg 219w\" sizes=\"auto, (max-width: 400px) 100vw, 400px\" \/>\n\t\t\t\t\t\t\t\t\t\t\t\t\t<\/a>\n\t\t\t\t\t\t\t\t\t\t\t<\/div>\n\t\t\t\t\t\t\t\t\t\t\t\t\t\t\t<div class=\"wd-gallery-item wd-col\">\n\t\t\t\t\t\t\t\t\t\t\t\t\t<a  href=\"https:\/\/turanciaer.com\/wp-content\/uploads\/2025\/07\/about-2.jpg\" data-width=\"400\" data-height=\"269\" data-index=\"2\" data-elementor-open-lightbox=\"no\">\n\t\t\t\t\t\t\n\t\t\t\t\t\t<img loading=\"lazy\" decoding=\"async\" width=\"400\" height=\"269\" src=\"https:\/\/turanciaer.com\/wp-content\/uploads\/2025\/07\/about-2.jpg\" class=\"attachment-full size-full\" alt=\"about-2\" srcset=\"https:\/\/turanciaer.com\/wp-content\/uploads\/2025\/07\/about-2.jpg 400w, https:\/\/turanciaer.com\/wp-content\/uploads\/2025\/07\/about-2-150x101.jpg 150w, https:\/\/turanciaer.com\/wp-content\/uploads\/2025\/07\/about-2-300x202.jpg 300w\" sizes=\"auto, (max-width: 400px) 100vw, 400px\" \/>\n\t\t\t\t\t\t\t\t\t\t\t\t\t<\/a>\n\t\t\t\t\t\t\t\t\t\t\t<\/div>\n\t\t\t\t\t\t\t\t\t\t\t\t\t\t\t<div class=\"wd-gallery-item wd-col\">\n\t\t\t\t\t\t\t\t\t\t\t\t\t<a  href=\"https:\/\/turanciaer.com\/wp-content\/uploads\/2025\/07\/about-3.jpg\" data-width=\"400\" data-height=\"269\" data-index=\"3\" data-elementor-open-lightbox=\"no\">\n\t\t\t\t\t\t\n\t\t\t\t\t\t<img loading=\"lazy\" decoding=\"async\" width=\"400\" height=\"269\" src=\"https:\/\/turanciaer.com\/wp-content\/uploads\/2025\/07\/about-3.jpg\" class=\"attachment-full size-full\" alt=\"about-3\" srcset=\"https:\/\/turanciaer.com\/wp-content\/uploads\/2025\/07\/about-3.jpg 400w, https:\/\/turanciaer.com\/wp-content\/uploads\/2025\/07\/about-3-150x101.jpg 150w, https:\/\/turanciaer.com\/wp-content\/uploads\/2025\/07\/about-3-300x202.jpg 300w\" sizes=\"auto, (max-width: 400px) 100vw, 400px\" \/>\n\t\t\t\t\t\t\t\t\t\t\t\t\t<\/a>\n\t\t\t\t\t\t\t\t\t\t\t<\/div>\n\t\t\t\t\t\t\t\t\t\t\t\t\t<\/div>\n\t\t\t\t\t<\/div>\n\t\t\t\t\t\t<\/div>\n\t\t\t\t<\/div>\n\t\t\t\t\t<\/div>\n\t\t<\/div>\n\t\t\t\t<div class=\"elementor-column elementor-col-50 elementor-top-column elementor-element elementor-element-73e12a61\" data-id=\"73e12a61\" data-element_type=\"column\" data-e-type=\"column\">\n\t\t\t<div class=\"elementor-widget-wrap elementor-element-populated\">\n\t\t\t\t\t\t<div class=\"elementor-element elementor-element-37741d61 wd-width-100 elementor-widget elementor-widget-wd_title\" data-id=\"37741d61\" data-element_type=\"widget\" data-e-type=\"widget\" data-widget_type=\"wd_title.default\">\n\t\t\t\t<div class=\"elementor-widget-container\">\n\t\t\t\t\t\t\t<div class=\"title-wrapper wd-set-mb reset-last-child wd-title-color-default wd-title-style-default wd-title-size-default text-left\">\n\n\t\t\t\n\t\t\t<div class=\"liner-continer\">\n\t\t\t\t<h4 class=\"woodmart-title-container title wd-fontsize-l wd-underline-bordered translation-block\">\u041e <strong><u>TURANCI&amp;AER<\/u><\/strong>, \u043a\u043e\u0442\u043e\u0440\u043e\u043c\u0443 \u0441\u043a\u043e\u0440\u043e \u0438\u0441\u043f\u043e\u043b\u043d\u0438\u0442\u0441\u044f \u043f\u043e\u043b\u0432\u0435\u043a\u0430<\/h4> \n\t\t\t\t\t\t\t<\/div>\n\n\t\t\t\t\t<\/div>\n\t\t\t\t\t\t<\/div>\n\t\t\t\t<\/div>\n\t\t\t\t<div class=\"elementor-element elementor-element-3c2f1d7a elementor-widget elementor-widget-wd_text_block\" data-id=\"3c2f1d7a\" data-element_type=\"widget\" data-e-type=\"widget\" data-widget_type=\"wd_text_block.default\">\n\t\t\t\t<div class=\"elementor-widget-container\">\n\t\t\t\t\t\t\t<div class=\"wd-text-block reset-last-child text-left\">\n\t\t\t\n\t\t\t<p class=\"translation-block\">\u0411\u043b\u0430\u0433\u043e\u0434\u0430\u0440\u044f \u043d\u0430\u0448\u0435\u043c\u0443 45-\u043b\u0435\u0442\u043d\u0435\u043c\u0443 \u0431\u043e\u0433\u0430\u0442\u043e\u043c\u0443 \u043e\u043f\u044b\u0442\u0443 \u0438 \u043d\u0435\u043f\u043e\u043a\u043e\u043b\u0435\u0431\u0438\u043c\u043e\u0439 \u0441\u0442\u0440\u0430\u0441\u0442\u0438 \u043c\u044b, \u043a\u0430\u043a <strong>TURANCI&amp;AER<\/strong>, \u0441\u043e\u0437\u0434\u0430\u043b\u0438 \u043a\u043e\u043c\u0430\u043d\u0434\u0443, \u043a\u043e\u0442\u043e\u0440\u0430\u044f \u0441\u0442\u0440\u0435\u043c\u0438\u0442\u0441\u044f \u043c\u0430\u043a\u0441\u0438\u043c\u0430\u043b\u044c\u043d\u043e \u043f\u043e\u0432\u044b\u0441\u0438\u0442\u044c \u0443\u0434\u043e\u0432\u043b\u0435\u0442\u0432\u043e\u0440\u0435\u043d\u043d\u043e\u0441\u0442\u044c \u0433\u043e\u0441\u0442\u0435\u0439 \u0438 \u043e\u043f\u0435\u0440\u0430\u0446\u0438\u043e\u043d\u043d\u0443\u044e \u044d\u0444\u0444\u0435\u043a\u0442\u0438\u0432\u043d\u043e\u0441\u0442\u044c \u043f\u0440\u0435\u0434\u043f\u0440\u0438\u044f\u0442\u0438\u0439.<\/p>\n\t\t\t\t\t<\/div>\n\t\t\t\t\t\t<\/div>\n\t\t\t\t<\/div>\n\t\t\t\t<div class=\"elementor-element elementor-element-732d7087 elementor-widget__width-auto elementor-widget elementor-widget-wd_text_block\" data-id=\"732d7087\" data-element_type=\"widget\" data-e-type=\"widget\" data-widget_type=\"wd_text_block.default\">\n\t\t\t\t<div class=\"elementor-widget-container\">\n\t\t\t\t\t\t\t<div class=\"wd-text-block reset-last-child text-left\">\n\t\t\t\n\t\t\t<p>\u041f\u043e\u0434\u043f\u0438\u0441\u044b\u0432\u0430\u0439\u0442\u0435\u0441\u044c \u043d\u0430 \u043d\u0430\u0441 <b>Instagram<\/b>\u00a0ve <strong><a href=\"http:\/\/facebook.com\">Facebook<\/a><\/strong><\/p>\n\t\t\t\t\t<\/div>\n\t\t\t\t\t\t<\/div>\n\t\t\t\t<\/div>\n\t\t\t\t<div class=\"elementor-element elementor-element-4e6fffba elementor-widget__width-auto elementor-widget elementor-widget-wd_image_or_svg\" data-id=\"4e6fffba\" data-element_type=\"widget\" data-e-type=\"widget\" data-widget_type=\"wd_image_or_svg.default\">\n\t\t\t\t<div class=\"elementor-widget-container\">\n\t\t\t\t\t\n\t\t<div class=\"wd-image text-right\">\n\t\t\t\t\t\t\t\t<img loading=\"lazy\" decoding=\"async\" width=\"50\" height=\"50\" src=\"https:\/\/turanciaer.com\/wp-content\/uploads\/2025\/07\/cropped-logo-50x50.png\" class=\"attachment-50x size-50x\" alt=\"\" srcset=\"https:\/\/turanciaer.com\/wp-content\/uploads\/2025\/07\/cropped-logo-50x50.png 50w, https:\/\/turanciaer.com\/wp-content\/uploads\/2025\/07\/cropped-logo-300x300.png 300w, https:\/\/turanciaer.com\/wp-content\/uploads\/2025\/07\/cropped-logo-150x150.png 150w, https:\/\/turanciaer.com\/wp-content\/uploads\/2025\/07\/cropped-logo-270x270.png 270w, https:\/\/turanciaer.com\/wp-content\/uploads\/2025\/07\/cropped-logo-192x192.png 192w, https:\/\/turanciaer.com\/wp-content\/uploads\/2025\/07\/cropped-logo-180x180.png 180w, https:\/\/turanciaer.com\/wp-content\/uploads\/2025\/07\/cropped-logo-32x32.png 32w, https:\/\/turanciaer.com\/wp-content\/uploads\/2025\/07\/cropped-logo.png 512w\" sizes=\"auto, (max-width: 50px) 100vw, 50px\" \/>\t\t\t\t\t<\/div>\n\n\t\t\t\t\t\t<\/div>\n\t\t\t\t<\/div>\n\t\t\t\t\t<\/div>\n\t\t<\/div>\n\t\t\t\t\t<\/div>\n\t\t<\/section>\n\t\t<div class=\"wd-negative-gap elementor-element elementor-element-a06e11e e-flex e-con-boxed e-con e-parent\" data-id=\"a06e11e\" data-element_type=\"container\" data-e-type=\"container\">\n\t\t\t\t\t<div class=\"e-con-inner\">\n\t\t\t\t<div class=\"elementor-element elementor-element-1ae4b84 elementor-widget-divider--separator-type-pattern elementor-widget-divider--view-line elementor-widget elementor-widget-divider\" data-id=\"1ae4b84\" data-element_type=\"widget\" data-e-type=\"widget\" data-widget_type=\"divider.default\">\n\t\t\t\t<div class=\"elementor-widget-container\">\n\t\t\t\t\t\t\t<div class=\"elementor-divider\" style=\"--divider-pattern-url: url(&quot;data:image\/svg+xml,%3Csvg xmlns=&#039;http:\/\/www.w3.org\/2000\/svg&#039; preserveAspectRatio=&#039;none&#039; overflow=&#039;visible&#039; height=&#039;100%&#039; viewBox=&#039;0 0 24 24&#039; fill=&#039;none&#039; stroke=&#039;black&#039; stroke-width=&#039;1.3&#039; stroke-linecap=&#039;square&#039; stroke-miterlimit=&#039;10&#039;%3E%3Cpath d=&#039;M0,6c6,0,0.9,11.1,6.9,11.1S18,6,24,6&#039;\/%3E%3C\/svg%3E&quot;);\">\n\t\t\t<span class=\"elementor-divider-separator\">\n\t\t\t\t\t\t<\/span>\n\t\t<\/div>\n\t\t\t\t\t\t<\/div>\n\t\t\t\t<\/div>\n\t\t\t\t\t<\/div>\n\t\t\t\t<\/div>\n\t\t<div class=\"wd-negative-gap elementor-element elementor-element-1c43cb52 e-flex e-con-boxed e-con e-parent\" data-id=\"1c43cb52\" data-element_type=\"container\" data-e-type=\"container\">\n\t\t\t\t\t<div class=\"e-con-inner\">\n\t\t<div class=\"elementor-element elementor-element-54a866c8 e-con-full e-flex e-con e-child\" data-id=\"54a866c8\" data-element_type=\"container\" data-e-type=\"container\">\n\t\t<div class=\"elementor-element elementor-element-3c5c66e e-con-full e-flex e-con e-child\" data-id=\"3c5c66e\" data-element_type=\"container\" data-e-type=\"container\">\n\t\t\t\t<div class=\"elementor-element elementor-element-2a5ba38b elementor-widget elementor-widget-wd_infobox\" data-id=\"2a5ba38b\" data-element_type=\"widget\" data-e-type=\"widget\" data-widget_type=\"wd_infobox.default\">\n\t\t\t\t<div class=\"elementor-widget-container\">\n\t\t\t\t\t\t\t<div class=\"info-box-wrapper\">\n\t\t\t<div class=\"wd-info-box text-left box-icon-align-right box-style-base color-scheme- wd-items-bottom\">\n\t\t\t\t\n\t\t\t\t<div class=\"info-box-content\">\n\t\t\t\t\t\n\t\t\t\t\t\t\t\t\t\t\t<h4\t\t\t\t\t\tclass=\"info-box-title title box-title-style-default wd-fontsize-m\" data-elementor-setting-key=\"title\">\n\t\t\t\t\t\t\t\t\u041a\u0442\u043e \u043c\u044b?\t\t\t\t\t\t<\/h4>\n\t\t\t\t\t\n\t\t\t\t\t<div class=\"info-box-inner reset-last-child\"data-elementor-setting-key=\"content\"><\/div>\n\n\t\t\t\t\t\t\t\t\t<\/div>\n\n\t\t\t\t\t\t\t<\/div>\n\t\t<\/div>\n\t\t\t\t\t\t<\/div>\n\t\t\t\t<\/div>\n\t\t\t\t<div class=\"elementor-element elementor-element-1897c7c elementor-widget elementor-widget-wd_text_block\" data-id=\"1897c7c\" data-element_type=\"widget\" data-e-type=\"widget\" data-widget_type=\"wd_text_block.default\">\n\t\t\t\t<div class=\"elementor-widget-container\">\n\t\t\t\t\t\t\t<div class=\"wd-text-block reset-last-child text-left\">\n\t\t\t\n\t\t\t<p>TURANCI&amp;AER \u2014 \u043f\u0438\u043e\u043d\u0435\u0440 \u0432 \u043e\u0431\u043b\u0430\u0441\u0442\u0438 \u0434\u0438\u0437\u0430\u0439\u043d\u0430 \u0438 \u043f\u0440\u043e\u0438\u0437\u0432\u043e\u0434\u0441\u0442\u0432\u0430, \u0431\u0440\u0435\u043d\u0434, \u0441\u043e\u0447\u0435\u0442\u0430\u044e\u0449\u0438\u0439 \u0432 \u0441\u0435\u0431\u0435 \u0441\u0442\u0440\u0430\u0441\u0442\u044c, \u043f\u0440\u0435\u0434\u0430\u043d\u043d\u043e\u0441\u0442\u044c \u0441\u0432\u043e\u0435\u043c\u0443 \u0434\u0435\u043b\u0443 \u0438 45-\u043b\u0435\u0442\u043d\u0438\u0439 \u043e\u043f\u044b\u0442 \u0440\u0430\u0431\u043e\u0442\u044b \u0432 \u043e\u0442\u0440\u0430\u0441\u043b\u0438. \u041d\u0430\u0448\u0430 \u0438\u0441\u0442\u043e\u0440\u0438\u044f \u043e\u0442\u0440\u0430\u0436\u0430\u0435\u0442 \u043d\u0430\u0448\u0435 \u0441\u0442\u0440\u0435\u043c\u043b\u0435\u043d\u0438\u0435 \u043a \u0441\u043e\u0432\u0435\u0440\u0448\u0435\u043d\u0441\u0442\u0432\u0443 \u0438 \u043f\u043e\u0441\u0442\u043e\u044f\u043d\u043d\u043e\u043c\u0443 \u0441\u043e\u0432\u0435\u0440\u0448\u0435\u043d\u0441\u0442\u0432\u043e\u0432\u0430\u043d\u0438\u044e. \u041c\u044b \u2014 \u0441\u0435\u043c\u044c\u044f, \u043a\u043e\u0442\u043e\u0440\u0430\u044f \u0440\u0430\u0441\u0442\u0451\u0442, \u043c\u0435\u043d\u044f\u0435\u0442\u0441\u044f \u0438 \u0440\u0430\u0437\u0432\u0438\u0432\u0430\u0435\u0442\u0441\u044f \u0432\u043c\u0435\u0441\u0442\u0435 \u0441 \u0432\u0430\u043c\u0438.<\/p>\n\t\t\t\t\t<\/div>\n\t\t\t\t\t\t<\/div>\n\t\t\t\t<\/div>\n\t\t\t\t<div class=\"elementor-element elementor-element-9207310 elementor-widget elementor-widget-image\" data-id=\"9207310\" data-element_type=\"widget\" data-e-type=\"widget\" data-widget_type=\"image.default\">\n\t\t\t\t<div class=\"elementor-widget-container\">\n\t\t\t\t\t\t\t\t\t\t\t\t\t\t\t<img loading=\"lazy\" decoding=\"async\" width=\"400\" height=\"269\" src=\"https:\/\/turanciaer.com\/wp-content\/uploads\/2025\/07\/about-5.png\" class=\"attachment-large size-large wp-image-2020\" alt=\"\" srcset=\"https:\/\/turanciaer.com\/wp-content\/uploads\/2025\/07\/about-5.png 400w, https:\/\/turanciaer.com\/wp-content\/uploads\/2025\/07\/about-5-150x101.png 150w, https:\/\/turanciaer.com\/wp-content\/uploads\/2025\/07\/about-5-300x202.png 300w\" sizes=\"auto, (max-width: 400px) 100vw, 400px\" \/>\t\t\t\t\t\t\t\t\t\t\t\t\t\t\t<\/div>\n\t\t\t\t<\/div>\n\t\t\t\t<\/div>\n\t\t<div class=\"elementor-element elementor-element-6c826b0 e-con-full e-flex e-con e-child\" data-id=\"6c826b0\" data-element_type=\"container\" data-e-type=\"container\">\n\t\t\t\t<div class=\"elementor-element elementor-element-76e14250 elementor-widget elementor-widget-wd_image_or_svg\" data-id=\"76e14250\" data-element_type=\"widget\" data-e-type=\"widget\" data-widget_type=\"wd_image_or_svg.default\">\n\t\t\t\t<div class=\"elementor-widget-container\">\n\t\t\t\t\t\n\t\t<div class=\"wd-image text-center\">\n\t\t\t\t\t\t\t\t<img loading=\"lazy\" decoding=\"async\" width=\"402\" height=\"522\" src=\"https:\/\/turanciaer.com\/wp-content\/uploads\/2025\/07\/about-4.png\" class=\"attachment-full size-full\" alt=\"\" srcset=\"https:\/\/turanciaer.com\/wp-content\/uploads\/2025\/07\/about-4.png 402w, https:\/\/turanciaer.com\/wp-content\/uploads\/2025\/07\/about-4-150x195.png 150w, https:\/\/turanciaer.com\/wp-content\/uploads\/2025\/07\/about-4-231x300.png 231w\" sizes=\"auto, (max-width: 402px) 100vw, 402px\" \/>\t\t\t\t\t<\/div>\n\n\t\t\t\t\t\t<\/div>\n\t\t\t\t<\/div>\n\t\t\t\t<\/div>\n\t\t<div class=\"elementor-element elementor-element-f4d3358 e-con-full e-flex e-con e-child\" data-id=\"f4d3358\" data-element_type=\"container\" data-e-type=\"container\">\n\t\t\t\t<div class=\"elementor-element elementor-element-74ccc76 elementor-widget elementor-widget-image\" data-id=\"74ccc76\" data-element_type=\"widget\" data-e-type=\"widget\" data-widget_type=\"image.default\">\n\t\t\t\t<div class=\"elementor-widget-container\">\n\t\t\t\t\t\t\t\t\t\t\t\t\t\t\t<img loading=\"lazy\" decoding=\"async\" width=\"400\" height=\"269\" src=\"https:\/\/turanciaer.com\/wp-content\/uploads\/2025\/07\/about-6.png\" class=\"attachment-large size-large wp-image-2021\" alt=\"\" srcset=\"https:\/\/turanciaer.com\/wp-content\/uploads\/2025\/07\/about-6.png 400w, https:\/\/turanciaer.com\/wp-content\/uploads\/2025\/07\/about-6-150x101.png 150w, https:\/\/turanciaer.com\/wp-content\/uploads\/2025\/07\/about-6-300x202.png 300w\" sizes=\"auto, (max-width: 400px) 100vw, 400px\" \/>\t\t\t\t\t\t\t\t\t\t\t\t\t\t\t<\/div>\n\t\t\t\t<\/div>\n\t\t\t\t<div class=\"elementor-element elementor-element-31e2d5c elementor-widget elementor-widget-wd_infobox\" data-id=\"31e2d5c\" data-element_type=\"widget\" data-e-type=\"widget\" data-widget_type=\"wd_infobox.default\">\n\t\t\t\t<div class=\"elementor-widget-container\">\n\t\t\t\t\t\t\t<div class=\"info-box-wrapper\">\n\t\t\t<div class=\"wd-info-box text-left box-icon-align-right box-style-base color-scheme- wd-items-bottom\">\n\t\t\t\t\n\t\t\t\t<div class=\"info-box-content\">\n\t\t\t\t\t\n\t\t\t\t\t\t\t\t\t\t\t<h4\t\t\t\t\t\tclass=\"info-box-title title box-title-style-default wd-fontsize-m\" data-elementor-setting-key=\"title\">\n\t\t\t\t\t\t\t\t\u0427\u0442\u043e \u043c\u044b \u0434\u0435\u043b\u0430\u0435\u043c?\t\t\t\t\t\t<\/h4>\n\t\t\t\t\t\n\t\t\t\t\t<div class=\"info-box-inner reset-last-child\"data-elementor-setting-key=\"content\"><\/div>\n\n\t\t\t\t\t\t\t\t\t<\/div>\n\n\t\t\t\t\t\t\t<\/div>\n\t\t<\/div>\n\t\t\t\t\t\t<\/div>\n\t\t\t\t<\/div>\n\t\t\t\t<div class=\"elementor-element elementor-element-5e2d9b0 elementor-widget elementor-widget-wd_text_block\" data-id=\"5e2d9b0\" data-element_type=\"widget\" data-e-type=\"widget\" data-widget_type=\"wd_text_block.default\">\n\t\t\t\t<div class=\"elementor-widget-container\">\n\t\t\t\t\t\t\t<div class=\"wd-text-block reset-last-child text-left\">\n\t\t\t\n\t\t\t\u041c\u044b \u0440\u0430\u0431\u043e\u0442\u0430\u0435\u043c, \u0447\u0442\u043e\u0431\u044b \u0432\u0434\u043e\u0445\u043d\u0443\u0442\u044c \u0436\u0438\u0437\u043d\u044c \u0432 \u0432\u0430\u0448\u0438 \u0437\u043e\u043d\u044b \u043e\u0431\u0441\u043b\u0443\u0436\u0438\u0432\u0430\u043d\u0438\u044f. TURANCI&amp;AER \u043f\u043e\u0432\u044b\u0448\u0430\u0435\u0442 \u0446\u0435\u043d\u043d\u043e\u0441\u0442\u044c \u0432\u0430\u0448\u0435\u0433\u043e \u0431\u0438\u0437\u043d\u0435\u0441\u0430, \u043f\u0440\u0435\u0434\u043b\u0430\u0433\u0430\u044f \u0438\u043d\u0434\u0438\u0432\u0438\u0434\u0443\u0430\u043b\u044c\u043d\u044b\u0435 \u0441\u0435\u0440\u0432\u0438\u0441\u043d\u044b\u0435 \u0442\u0435\u043b\u0435\u0436\u043a\u0438, \u0441\u0442\u043e\u043b\u0435\u0448\u043d\u0438\u0446\u044b \u0438 \u0440\u0435\u0448\u0435\u043d\u0438\u044f \u0434\u043b\u044f \u0445\u0440\u0430\u043d\u0435\u043d\u0438\u044f. \u041a\u0430\u0436\u0434\u044b\u0439 \u0438\u0437 \u043d\u0430\u0448\u0438\u0445 \u043f\u0440\u043e\u0434\u0443\u043a\u0442\u043e\u0432 \u043e\u0442\u043b\u0438\u0447\u0430\u0435\u0442\u0441\u044f \u044d\u043b\u0435\u0433\u0430\u043d\u0442\u043d\u044b\u043c \u0434\u0438\u0437\u0430\u0439\u043d\u043e\u043c, \u043f\u0440\u043e\u0447\u043d\u043e\u0439 \u043a\u043e\u043d\u0441\u0442\u0440\u0443\u043a\u0446\u0438\u0435\u0439 \u0438 \u043f\u0440\u0435\u0432\u043e\u0441\u0445\u043e\u0434\u043d\u043e\u0439 \u0444\u0443\u043d\u043a\u0446\u0438\u043e\u043d\u0430\u043b\u044c\u043d\u043e\u0441\u0442\u044c\u044e. \u041f\u0440\u0435\u0434\u043b\u0430\u0433\u0430\u044f \u0440\u0435\u0448\u0435\u043d\u0438\u044f, \u0430\u0434\u0430\u043f\u0442\u0438\u0440\u043e\u0432\u0430\u043d\u043d\u044b\u0435 \u043a \u0432\u0430\u0448\u0438\u043c \u043f\u043e\u0442\u0440\u0435\u0431\u043d\u043e\u0441\u0442\u044f\u043c, \u043c\u044b \u0441\u0442\u0440\u0435\u043c\u0438\u043c\u0441\u044f \u043d\u0435 \u0442\u043e\u043b\u044c\u043a\u043e \u0432\u043f\u0435\u0447\u0430\u0442\u043b\u0438\u0442\u044c \u0432\u0430\u0448\u0438\u0445 \u0433\u043e\u0441\u0442\u0435\u0439, \u043d\u043e \u0438 \u043f\u043e\u0432\u044b\u0441\u0438\u0442\u044c \u044d\u0444\u0444\u0435\u043a\u0442\u0438\u0432\u043d\u043e\u0441\u0442\u044c \u0432\u0430\u0448\u0435\u0433\u043e \u0431\u0438\u0437\u043d\u0435\u0441\u0430.\n\t\t\t\t\t<\/div>\n\t\t\t\t\t\t<\/div>\n\t\t\t\t<\/div>\n\t\t\t\t<\/div>\n\t\t\t\t<\/div>\n\t\t\t\t\t<\/div>\n\t\t\t\t<\/div>\n\t\t\t\t<\/div>","protected":false},"excerpt":{"rendered":"<p>Read More Yar\u0131m asra yakla\u015fan TURANCI&amp;AER hakk\u0131nda 45 y\u0131ll\u0131k k\u00f6kl\u00fc birikimimiz ve sars\u0131lmaz tutkumuzla, TURANCI&amp;AER olarak misafir memnuniyetini ve i\u015fletmelerin<\/p>","protected":false},"author":1,"featured_media":0,"parent":0,"menu_order":0,"comment_status":"closed","ping_status":"closed","template":"","meta":{"footnotes":""},"class_list":["post-31","page","type-page","status-publish","hentry"],"_links":{"self":[{"href":"https:\/\/turanciaer.com\/ru\/wp-json\/wp\/v2\/pages\/31","targetHints":{"allow":["GET"]}}],"collection":[{"href":"https:\/\/turanciaer.com\/ru\/wp-json\/wp\/v2\/pages"}],"about":[{"href":"https:\/\/turanciaer.com\/ru\/wp-json\/wp\/v2\/types\/page"}],"author":[{"embeddable":true,"href":"https:\/\/turanciaer.com\/ru\/wp-json\/wp\/v2\/users\/1"}],"replies":[{"embeddable":true,"href":"https:\/\/turanciaer.com\/ru\/wp-json\/wp\/v2\/comments?post=31"}],"version-history":[{"count":16,"href":"https:\/\/turanciaer.com\/ru\/wp-json\/wp\/v2\/pages\/31\/revisions"}],"predecessor-version":[{"id":2099,"href":"https:\/\/turanciaer.com\/ru\/wp-json\/wp\/v2\/pages\/31\/revisions\/2099"}],"wp:attachment":[{"href":"https:\/\/turanciaer.com\/ru\/wp-json\/wp\/v2\/media?parent=31"}],"curies":[{"name":"wp","href":"https:\/\/api.w.org\/{rel}","templated":true}]}}