{"id":1471,"date":"2025-06-26T22:51:20","date_gmt":"2025-06-26T22:51:20","guid":{"rendered":"https:\/\/turanciaer.com\/?post_type=product&#038;p=1471"},"modified":"2025-10-02T07:17:16","modified_gmt":"2025-10-02T07:17:16","slug":"minibar-009","status":"publish","type":"product","link":"https:\/\/turanciaer.com\/ru\/product\/minibar-009\/","title":{"rendered":"\u0422\u0435\u043b\u0435\u0436\u043a\u0430 \u0434\u043b\u044f \u043c\u0438\u043d\u0438-\u0431\u0430\u0440\u0430"},"content":{"rendered":"<ul>\n<li>\u041a\u0430\u0440\u043a\u0430\u0441 \u0438\u0437 \u043d\u0435\u0440\u0436\u0430\u0432\u0435\u044e\u0449\u0435\u0439 \u0441\u0442\u0430\u043b\u0438 \u043a\u0430\u0447\u0435\u0441\u0442\u0432\u0430 AISI 304<\/li>\n<li>\u041f\u043e\u0432\u0435\u0440\u0445\u043d\u043e\u0441\u0442\u044c Glossmax (\u0432\u044b\u0441\u043e\u043a\u0438\u0439 \u0433\u043b\u044f\u043d\u0435\u0446)<\/li>\n<li>3 \u0432\u044b\u0434\u0432\u0438\u0436\u043d\u044b\u0445 \u044f\u0449\u0438\u043a\u0430 \u0434\u043b\u044f \u043f\u043e\u0441\u0443\u0434\u044b \u0441 \u043d\u0430\u043f\u0440\u0430\u0432\u043b\u044f\u044e\u0449\u0438\u043c\u0438<\/li>\n<li>4 x 270\u00b0 \u0442\u043e\u0440\u043c\u043e\u0437\u043d\u043e\u0439 \u0448\u0430\u0440\u043d\u0438\u0440<\/li>\n<li>\u0412\u0435\u0440\u0445\u043d\u0438\u0439 \u044f\u0449\u0438\u043a \u0434\u043b\u044f \u0431\u0443\u043a\u043b\u0435 \u0441 5 \u043e\u0442\u0434\u0435\u043b\u0435\u043d\u0438\u044f\u043c\u0438<\/li>\n<li>\u0414\u0432\u0435\u0440\u044c, \u043a\u043e\u0442\u043e\u0440\u0443\u044e \u043c\u043e\u0436\u043d\u043e \u0437\u0430\u043f\u0435\u0440\u0435\u0442\u044c<\/li>\n<li>\u0427\u0435\u0442\u044b\u0440\u0435 \u043f\u043e\u0434\u0432\u0438\u0436\u043d\u044b\u0445 \u043a\u043e\u043b\u0435\u0441\u0430, \u0434\u0432\u0430 \u0441 \u0442\u043e\u0440\u043c\u043e\u0437\u0430\u043c\u0438<\/li>\n<\/ul>\n<p><strong>\u0420\u0430\u0437\u043c\u0435\u0440\u044b:<\/strong> \u0428: 56 \u0414: 70\u00a0 B : 132 cm<\/p>","protected":false},"excerpt":{"rendered":"<p>AISI 304 Kalite Paslanmaz C\u0327elik Profil I\u0307skelet Glossmax (High Gloss) G\u00f6vde 3 Adet Rayl\u0131 \u00c7ekmece 4 adet 270\u00b0 Frenli Mente\u015fe<\/p>","protected":false},"featured_media":1479,"template":"","meta":[],"product_brand":[],"product_cat":[176,193],"product_tag":[],"class_list":{"0":"post-1471","1":"product","2":"type-product","3":"status-publish","4":"has-post-thumbnail","6":"product_cat-kat-hizmetleri-ekipmanlari","7":"product_cat-minibar-arabalari","9":"first","10":"instock","11":"featured","12":"shipping-taxable","13":"product-type-simple"},"_links":{"self":[{"href":"https:\/\/turanciaer.com\/ru\/wp-json\/wp\/v2\/product\/1471","targetHints":{"allow":["GET"]}}],"collection":[{"href":"https:\/\/turanciaer.com\/ru\/wp-json\/wp\/v2\/product"}],"about":[{"href":"https:\/\/turanciaer.com\/ru\/wp-json\/wp\/v2\/types\/product"}],"version-history":[{"count":1,"href":"https:\/\/turanciaer.com\/ru\/wp-json\/wp\/v2\/product\/1471\/revisions"}],"predecessor-version":[{"id":1472,"href":"https:\/\/turanciaer.com\/ru\/wp-json\/wp\/v2\/product\/1471\/revisions\/1472"}],"wp:featuredmedia":[{"embeddable":true,"href":"https:\/\/turanciaer.com\/ru\/wp-json\/wp\/v2\/media\/1479"}],"wp:attachment":[{"href":"https:\/\/turanciaer.com\/ru\/wp-json\/wp\/v2\/media?parent=1471"}],"wp:term":[{"taxonomy":"product_brand","embeddable":true,"href":"https:\/\/turanciaer.com\/ru\/wp-json\/wp\/v2\/product_brand?post=1471"},{"taxonomy":"product_cat","embeddable":true,"href":"https:\/\/turanciaer.com\/ru\/wp-json\/wp\/v2\/product_cat?post=1471"},{"taxonomy":"product_tag","embeddable":true,"href":"https:\/\/turanciaer.com\/ru\/wp-json\/wp\/v2\/product_tag?post=1471"}],"curies":[{"name":"wp","href":"https:\/\/api.w.org\/{rel}","templated":true}]}}