{"id":1480,"date":"2025-09-21T23:09:40","date_gmt":"2025-09-21T23:09:40","guid":{"rendered":"https:\/\/turanciaer.com\/?post_type=product&#038;p=1480"},"modified":"2026-02-23T19:14:55","modified_gmt":"2026-02-23T19:14:55","slug":"gece-mavisi-icki-arabasi","status":"publish","type":"product","link":"https:\/\/turanciaer.com\/ru\/product\/gece-mavisi-icki-arabasi\/","title":{"rendered":"\u0422\u0435\u043b\u0435\u0436\u043a\u0430 \u0434\u043b\u044f \u0441\u043f\u0438\u0440\u0442\u043d\u044b\u0445 \u043d\u0430\u043f\u0438\u0442\u043a\u043e\u0432"},"content":{"rendered":"<ul>\n<li>\u041a\u0430\u0440\u043a\u0430\u0441 \u0438\u0437 \u043d\u0435\u0440\u0436\u0430\u0432\u0435\u044e\u0449\u0435\u0439 \u0441\u0442\u0430\u043b\u0438 \u043a\u0430\u0447\u0435\u0441\u0442\u0432\u0430 AISI 304<\/li>\n<li>\u043a\u043e\u0440\u043f\u0443\u0441 \u0438\u0437 \u0433\u0440\u0430\u0431\u0430<\/li>\n<li>\u0411\u043b\u0435\u0441\u0442\u044f\u0449\u0435\u0435 \u0437\u043e\u043b\u043e\u0442\u043e\u0435 PVD-\u043f\u043e\u043a\u0440\u044b\u0442\u0438\u0435<\/li>\n<li>2 \u0432\u044b\u0434\u0432\u0438\u0436\u043d\u044b\u0445 \u044f\u0449\u0438\u043a\u0430 \u0434\u043b\u044f \u043f\u043e\u0441\u0443\u0434\u044b \u0441 \u043d\u0430\u043f\u0440\u0430\u0432\u043b\u044f\u044e\u0449\u0438\u043c\u0438<\/li>\n<li>2 \u0441\u0435\u043a\u0446\u0438\u043e\u043d\u043d\u044b\u0439 \u043d\u0430\u043f\u0438\u0442\u043e\u043a \u0441\u043e\u043a\u0440\u043e\u0432\u0438\u0449\u043d\u0438\u0446\u0430<\/li>\n<li>\u041c\u0435\u0442\u0430\u043b\u043b\u0438\u0447\u0435\u0441\u043a\u0430\u044f \u043f\u043e\u0434\u0441\u0442\u0430\u0432\u043a\u0430 \u0434\u043b\u044f \u0441\u0442\u0430\u043a\u0430\u043d\u043e\u0432<\/li>\n<li>\u0427\u0435\u0442\u044b\u0440\u0435 \u043f\u043e\u0434\u0432\u0438\u0436\u043d\u044b\u0445 \u043a\u043e\u043b\u0435\u0441\u0430, \u0434\u0432\u0430 \u0441 \u0442\u043e\u0440\u043c\u043e\u0437\u0430\u043c\u0438<\/li>\n<\/ul>\n<p><strong>\u0420\u0430\u0437\u043c\u0435\u0440\u044b:<\/strong> \u0428: 60 \u0414: 114\u00a0 B: 95 cm<\/p>","protected":false},"excerpt":{"rendered":"<p>AISI 304 Kalite Paslanmaz C\u0327elik Profil I\u0307skelet G\u00fcrken Kaplamal\u0131 G\u00f6vde Parlak Gold PVD Kaplama 2 Adet Rayl\u0131 Servis \u00c7ekmecesi 2<\/p>","protected":false},"featured_media":1481,"template":"","meta":[],"product_brand":[],"product_cat":[172],"product_tag":[],"class_list":{"0":"post-1480","1":"product","2":"type-product","3":"status-publish","4":"has-post-thumbnail","6":"product_cat-icki-arabalari","8":"first","9":"instock","10":"featured","11":"shipping-taxable","12":"product-type-simple"},"_links":{"self":[{"href":"https:\/\/turanciaer.com\/ru\/wp-json\/wp\/v2\/product\/1480","targetHints":{"allow":["GET"]}}],"collection":[{"href":"https:\/\/turanciaer.com\/ru\/wp-json\/wp\/v2\/product"}],"about":[{"href":"https:\/\/turanciaer.com\/ru\/wp-json\/wp\/v2\/types\/product"}],"version-history":[{"count":2,"href":"https:\/\/turanciaer.com\/ru\/wp-json\/wp\/v2\/product\/1480\/revisions"}],"predecessor-version":[{"id":1823,"href":"https:\/\/turanciaer.com\/ru\/wp-json\/wp\/v2\/product\/1480\/revisions\/1823"}],"wp:featuredmedia":[{"embeddable":true,"href":"https:\/\/turanciaer.com\/ru\/wp-json\/wp\/v2\/media\/1481"}],"wp:attachment":[{"href":"https:\/\/turanciaer.com\/ru\/wp-json\/wp\/v2\/media?parent=1480"}],"wp:term":[{"taxonomy":"product_brand","embeddable":true,"href":"https:\/\/turanciaer.com\/ru\/wp-json\/wp\/v2\/product_brand?post=1480"},{"taxonomy":"product_cat","embeddable":true,"href":"https:\/\/turanciaer.com\/ru\/wp-json\/wp\/v2\/product_cat?post=1480"},{"taxonomy":"product_tag","embeddable":true,"href":"https:\/\/turanciaer.com\/ru\/wp-json\/wp\/v2\/product_tag?post=1480"}],"curies":[{"name":"wp","href":"https:\/\/api.w.org\/{rel}","templated":true}]}}