{"id":1496,"date":"2025-09-21T23:28:22","date_gmt":"2025-09-21T23:28:22","guid":{"rendered":"https:\/\/turanciaer.com\/?post_type=product&#038;p=1496"},"modified":"2026-02-23T19:14:24","modified_gmt":"2026-02-23T19:14:24","slug":"yuvarlak-icki-arabasi","status":"publish","type":"product","link":"https:\/\/turanciaer.com\/ru\/product\/yuvarlak-icki-arabasi\/","title":{"rendered":"\u0422\u0435\u043b\u0435\u0436\u043a\u0430 \u0434\u043b\u044f \u0432\u0438\u043d\u0430"},"content":{"rendered":"<ul>\n<li>\u0421\u0432\u0435\u0440\u0445\u043f\u0440\u043e\u0447\u043d\u044b\u0439 \u0441\u0442\u0432\u043e\u043b \u0438\u0437 \u0433\u0440\u0430\u0431\u0430<\/li>\n<li>\u041f\u043e\u0437\u043e\u043b\u043e\u0447\u0435\u043d\u043d\u0430\u044f \u0440\u0430\u043c\u0430<\/li>\n<li>\u0427\u0435\u0442\u044b\u0440\u0435 \u043f\u043e\u0434\u0432\u0438\u0436\u043d\u044b\u0445 \u043a\u043e\u043b\u0435\u0441\u0430, \u0434\u0432\u0430 \u0441 \u0442\u043e\u0440\u043c\u043e\u0437\u0430\u043c\u0438<\/li>\n<\/ul>\n<p><strong>\u0420\u0430\u0437\u043c\u0435\u0440\u044b:<\/strong> \u0428: 65 \u0414: 120\u00a0 B: 85 cm<\/p>","protected":false},"excerpt":{"rendered":"<p>Ekstra Dayan\u0131kl\u0131 G\u00fcrgen G\u00f6vde Gold Kaplamal\u0131 \u00c7er\u00e7eve I\u0307kisi Frenli, Do\u0308rt Adet Hareketli Tekerlek \u00d6l\u00e7\u00fcler: E: 65 B: 120\u00a0 Y: 85<\/p>","protected":false},"featured_media":1497,"template":"","meta":[],"product_brand":[],"product_cat":[172],"product_tag":[],"class_list":{"0":"post-1496","1":"product","2":"type-product","3":"status-publish","4":"has-post-thumbnail","6":"product_cat-icki-arabalari","8":"first","9":"instock","10":"featured","11":"shipping-taxable","12":"product-type-simple"},"_links":{"self":[{"href":"https:\/\/turanciaer.com\/ru\/wp-json\/wp\/v2\/product\/1496","targetHints":{"allow":["GET"]}}],"collection":[{"href":"https:\/\/turanciaer.com\/ru\/wp-json\/wp\/v2\/product"}],"about":[{"href":"https:\/\/turanciaer.com\/ru\/wp-json\/wp\/v2\/types\/product"}],"version-history":[{"count":3,"href":"https:\/\/turanciaer.com\/ru\/wp-json\/wp\/v2\/product\/1496\/revisions"}],"predecessor-version":[{"id":1830,"href":"https:\/\/turanciaer.com\/ru\/wp-json\/wp\/v2\/product\/1496\/revisions\/1830"}],"wp:featuredmedia":[{"embeddable":true,"href":"https:\/\/turanciaer.com\/ru\/wp-json\/wp\/v2\/media\/1497"}],"wp:attachment":[{"href":"https:\/\/turanciaer.com\/ru\/wp-json\/wp\/v2\/media?parent=1496"}],"wp:term":[{"taxonomy":"product_brand","embeddable":true,"href":"https:\/\/turanciaer.com\/ru\/wp-json\/wp\/v2\/product_brand?post=1496"},{"taxonomy":"product_cat","embeddable":true,"href":"https:\/\/turanciaer.com\/ru\/wp-json\/wp\/v2\/product_cat?post=1496"},{"taxonomy":"product_tag","embeddable":true,"href":"https:\/\/turanciaer.com\/ru\/wp-json\/wp\/v2\/product_tag?post=1496"}],"curies":[{"name":"wp","href":"https:\/\/api.w.org\/{rel}","templated":true}]}}