{"id":1502,"date":"2025-09-21T23:05:01","date_gmt":"2025-09-21T23:05:01","guid":{"rendered":"https:\/\/turanciaer.com\/?post_type=product&#038;p=1502"},"modified":"2026-02-23T19:31:16","modified_gmt":"2026-02-23T19:31:16","slug":"meze-arabasi","status":"publish","type":"product","link":"https:\/\/turanciaer.com\/ru\/product\/meze-arabasi\/","title":{"rendered":"\u0422\u0435\u043b\u0435\u0436\u043a\u0430 \u0434\u043b\u044f \u0437\u0430\u043a\u0443\u0441\u043e\u043a"},"content":{"rendered":"<ul>\n<li>\u0421\u0432\u0435\u0440\u0445\u043f\u0440\u043e\u0447\u043d\u044b\u0439 \u0441\u0442\u0432\u043e\u043b \u0438\u0437 \u0433\u0440\u0430\u0431\u0430<\/li>\n<li>\u041f\u043e\u0432\u0435\u0440\u0445\u043d\u043e\u0441\u0442\u044c \u043e\u0445\u043b\u0430\u0436\u0434\u0435\u043d\u0438\u044f \u043b\u044c\u0434\u0430 \u0438\u0437 \u043d\u0435\u0440\u0436\u0430\u0432\u0435\u044e\u0449\u0435\u0439 \u0441\u0442\u0430\u043b\u0438<\/li>\n<li>\u0412\u043c\u0435\u0441\u0442\u0438\u043c\u043e\u0441\u0442\u044c 10 x 1\u20444 GN<\/li>\n<li>\u041a\u0440\u044b\u0448\u043a\u0430 \u0438\u0437 \u043e\u0440\u0433\u0441\u0442\u0435\u043a\u043b\u0430<\/li>\n<li>\u0421\u043b\u0438\u0432\u043d\u043e\u0439 \u043a\u0440\u0430\u043d<\/li>\n<li>\u042f\u0449\u0438\u043a \u0434\u043b\u044f \u0438\u043d\u0441\u0442\u0440\u0443\u043c\u0435\u043d\u0442\u043e\u0432<\/li>\n<li>\u0427\u0435\u0442\u044b\u0440\u0435 \u043f\u043e\u0434\u0432\u0438\u0436\u043d\u044b\u0445 \u043a\u043e\u043b\u0435\u0441\u0430, \u0434\u0432\u0430 \u0441 \u0442\u043e\u0440\u043c\u043e\u0437\u0430\u043c\u0438<\/li>\n<\/ul>\n<p><strong>\u0420\u0430\u0437\u043c\u0435\u0440\u044b:<\/strong> \u0428: 60 \u0414: 105\u00a0 B: 105 cm<\/p>","protected":false},"excerpt":{"rendered":"<p>Ekstra Dayan\u0131kl\u0131 G\u00fcrgen G\u00f6vde \u0130zolasyonlu Paslanmaz Buz Haznesi 10 Ad. GN 1\u20444 &#8211; 65 mm K\u00fcvet Plexiglass Kapak Tahliye Muslu\u011fu<\/p>","protected":false},"featured_media":1503,"template":"","meta":[],"product_brand":[],"product_cat":[172],"product_tag":[],"class_list":{"0":"post-1502","1":"product","2":"type-product","3":"status-publish","4":"has-post-thumbnail","6":"product_cat-icki-arabalari","8":"first","9":"instock","10":"shipping-taxable","11":"product-type-simple"},"_links":{"self":[{"href":"https:\/\/turanciaer.com\/ru\/wp-json\/wp\/v2\/product\/1502","targetHints":{"allow":["GET"]}}],"collection":[{"href":"https:\/\/turanciaer.com\/ru\/wp-json\/wp\/v2\/product"}],"about":[{"href":"https:\/\/turanciaer.com\/ru\/wp-json\/wp\/v2\/types\/product"}],"version-history":[{"count":1,"href":"https:\/\/turanciaer.com\/ru\/wp-json\/wp\/v2\/product\/1502\/revisions"}],"predecessor-version":[{"id":1504,"href":"https:\/\/turanciaer.com\/ru\/wp-json\/wp\/v2\/product\/1502\/revisions\/1504"}],"wp:featuredmedia":[{"embeddable":true,"href":"https:\/\/turanciaer.com\/ru\/wp-json\/wp\/v2\/media\/1503"}],"wp:attachment":[{"href":"https:\/\/turanciaer.com\/ru\/wp-json\/wp\/v2\/media?parent=1502"}],"wp:term":[{"taxonomy":"product_brand","embeddable":true,"href":"https:\/\/turanciaer.com\/ru\/wp-json\/wp\/v2\/product_brand?post=1502"},{"taxonomy":"product_cat","embeddable":true,"href":"https:\/\/turanciaer.com\/ru\/wp-json\/wp\/v2\/product_cat?post=1502"},{"taxonomy":"product_tag","embeddable":true,"href":"https:\/\/turanciaer.com\/ru\/wp-json\/wp\/v2\/product_tag?post=1502"}],"curies":[{"name":"wp","href":"https:\/\/api.w.org\/{rel}","templated":true}]}}