{"id":1505,"date":"2025-06-26T23:41:09","date_gmt":"2025-06-26T23:41:09","guid":{"rendered":"https:\/\/turanciaer.com\/?post_type=product&#038;p=1505"},"modified":"2025-10-02T07:17:08","modified_gmt":"2025-10-02T07:17:08","slug":"pasta-arabasi","status":"publish","type":"product","link":"https:\/\/turanciaer.com\/ru\/product\/pasta-arabasi\/","title":{"rendered":"\u0422\u0435\u043b\u0435\u0436\u043a\u0430 \u0434\u043b\u044f \u0432\u044b\u043f\u0435\u0447\u043a\u0438"},"content":{"rendered":"<ul>\n<li>\u041a\u043e\u0440\u043f\u0443\u0441 \u0438\u0437 \u043d\u0435\u0440\u0436\u0430\u0432\u0435\u044e\u0449\u0435\u0439 \u0441\u0442\u0430\u043b\u0438 AISI 304<\/li>\n<li>\u041a\u0430\u0440\u043a\u0430\u0441 \u043f\u0440\u043e\u0444\u0438\u043b\u044f \u0438\u0437 \u043d\u0435\u0440\u0436\u0430\u0432\u0435\u044e\u0449\u0435\u0439 \u0441\u0442\u0430\u043b\u0438 \u043a\u0430\u0447\u0435\u0441\u0442\u0432\u0430 AISI 304<\/li>\n<li>\u0130ki Y\u00f6nden A\u00e7\u0131labilen S\u00fcrg\u00fcl\u00fc Plexiglass Kapak<\/li>\n<li>\u0427\u0435\u0442\u044b\u0440\u0435 \u043f\u043e\u0434\u0432\u0438\u0436\u043d\u044b\u0445 \u043a\u043e\u043b\u0435\u0441\u0430, \u0434\u0432\u0430 \u0441 \u0442\u043e\u0440\u043c\u043e\u0437\u0430\u043c\u0438<\/li>\n<\/ul>\n<p><strong>\u0420\u0430\u0437\u043c\u0435\u0440\u044b:<\/strong> \u0428: 61 \u0414: 145\u00a0 B: 107 cm<\/p>","protected":false},"excerpt":{"rendered":"<p>AISI 304 Kalite Paslanmaz \u00c7elik G\u00f6vde AISI 304 Kalite Paslanmaz \u00c7elik Profil \u0130skelet \u0130ki Y\u00f6nden A\u00e7\u0131labilen S\u00fcrg\u00fcl\u00fc Plexiglass Kapak I\u0307kisi<\/p>","protected":false},"featured_media":1508,"template":"","meta":[],"product_brand":[],"product_cat":[190],"product_tag":[],"class_list":{"0":"post-1505","1":"product","2":"type-product","3":"status-publish","4":"has-post-thumbnail","6":"product_cat-pasta-teshir-servis-arabalari","8":"first","9":"instock","10":"featured","11":"shipping-taxable","12":"product-type-simple"},"_links":{"self":[{"href":"https:\/\/turanciaer.com\/ru\/wp-json\/wp\/v2\/product\/1505","targetHints":{"allow":["GET"]}}],"collection":[{"href":"https:\/\/turanciaer.com\/ru\/wp-json\/wp\/v2\/product"}],"about":[{"href":"https:\/\/turanciaer.com\/ru\/wp-json\/wp\/v2\/types\/product"}],"version-history":[{"count":1,"href":"https:\/\/turanciaer.com\/ru\/wp-json\/wp\/v2\/product\/1505\/revisions"}],"predecessor-version":[{"id":1507,"href":"https:\/\/turanciaer.com\/ru\/wp-json\/wp\/v2\/product\/1505\/revisions\/1507"}],"wp:featuredmedia":[{"embeddable":true,"href":"https:\/\/turanciaer.com\/ru\/wp-json\/wp\/v2\/media\/1508"}],"wp:attachment":[{"href":"https:\/\/turanciaer.com\/ru\/wp-json\/wp\/v2\/media?parent=1505"}],"wp:term":[{"taxonomy":"product_brand","embeddable":true,"href":"https:\/\/turanciaer.com\/ru\/wp-json\/wp\/v2\/product_brand?post=1505"},{"taxonomy":"product_cat","embeddable":true,"href":"https:\/\/turanciaer.com\/ru\/wp-json\/wp\/v2\/product_cat?post=1505"},{"taxonomy":"product_tag","embeddable":true,"href":"https:\/\/turanciaer.com\/ru\/wp-json\/wp\/v2\/product_tag?post=1505"}],"curies":[{"name":"wp","href":"https:\/\/api.w.org\/{rel}","templated":true}]}}