{"id":1509,"date":"2025-06-26T23:45:32","date_gmt":"2025-06-26T23:45:32","guid":{"rendered":"https:\/\/turanciaer.com\/?post_type=product&#038;p=1509"},"modified":"2025-10-02T07:17:00","modified_gmt":"2025-10-02T07:17:00","slug":"pasta-arabasi-017","status":"publish","type":"product","link":"https:\/\/turanciaer.com\/ru\/product\/pasta-arabasi-017\/","title":{"rendered":"\u0422\u0435\u043b\u0435\u0436\u043a\u0430 \u0434\u043b\u044f \u0432\u044b\u043f\u0435\u0447\u043a\u0438"},"content":{"rendered":"<ul>\n<li>\u0421\u0432\u0435\u0440\u0445\u043f\u0440\u043e\u0447\u043d\u044b\u0439 \u0441\u0442\u0432\u043e\u043b \u0438\u0437 \u0433\u0440\u0430\u0431\u0430<\/li>\n<li>\u0421\u0438\u0441\u0442\u0435\u043c\u0430 \u043e\u0445\u043b\u0430\u0436\u0434\u0435\u043d\u0438\u044f \u0441 \u0446\u0438\u0444\u0440\u043e\u0432\u044b\u043c \u0442\u0435\u0440\u043c\u043e\u0441\u0442\u0430\u0442\u043e\u043c \u0438 \u0432\u0435\u043d\u0442\u0438\u043b\u044f\u0442\u043e\u0440\u043e\u043c<\/li>\n<li>\u041a\u043e\u043c\u043f\u0440\u0435\u0441\u0441\u043e\u0440 3\/8 \u043b.\u0441. R-134 \u0413\u0430\u0437<\/li>\n<li>\u0410\u0432\u0442\u043e\u043c\u0430\u0442\u0438\u0447\u0435\u0441\u043a\u0430\u044f \u0441\u0438\u0441\u0442\u0435\u043c\u0430 \u0440\u0430\u0437\u043c\u043e\u0440\u0430\u0436\u0438\u0432\u0430\u043d\u0438\u044f<\/li>\n<li>\u0421\u043a\u0440\u044b\u0442\u043e\u0435 \u0441\u0432\u0435\u0442\u043e\u0434\u0438\u043e\u0434\u043d\u043e\u0435 \u043e\u0441\u0432\u0435\u0449\u0435\u043d\u0438\u0435<\/li>\n<li>\u041a\u0440\u044b\u0448\u043a\u0443 \u0438\u0437 \u043f\u043b\u0435\u043a\u0441\u0438\u0433\u043b\u0430\u0441\u0430 \u043c\u043e\u0436\u043d\u043e \u0438\u0441\u043f\u043e\u043b\u044c\u0437\u043e\u0432\u0430\u0442\u044c \u0441 \u043e\u0431\u0435\u0438\u0445 \u0441\u0442\u043e\u0440\u043e\u043d.<\/li>\n<li>\u0418\u0437\u043e\u043b\u0438\u0440\u043e\u0432\u0430\u043d\u043d\u043e\u0435 \u0441\u0442\u0435\u043a\u043b\u043e \u043d\u0438\u0436\u043d\u0435\u0439 \u0447\u0430\u0441\u0442\u0438 \u0434\u0438\u0441\u043f\u043b\u0435\u044f<\/li>\n<li>\u0427\u0435\u0442\u044b\u0440\u0435 \u043f\u043e\u0434\u0432\u0438\u0436\u043d\u044b\u0445 \u043a\u043e\u043b\u0435\u0441\u0430, \u0434\u0432\u0430 \u0441 \u0442\u043e\u0440\u043c\u043e\u0437\u0430\u043c\u0438<\/li>\n<\/ul>\n<p><strong>\u0420\u0430\u0437\u043c\u0435\u0440\u044b:<\/strong> \u0428: 63 \u0414: 145\u00a0 B: 125 cm<\/p>","protected":false},"excerpt":{"rendered":"<p>Ekstra Dayan\u0131kl\u0131 G\u00fcrgen G\u00f6vde Digital Termostatl\u0131 Fanl\u0131 So\u011futma Sistemi 3\/8 Hp Kompres\u00f6r R-134 Gaz Otomatik Defrost Sistemi Gizli Led Ayd\u0131nlatma<\/p>","protected":false},"featured_media":1506,"template":"","meta":[],"product_brand":[],"product_cat":[190],"product_tag":[],"class_list":{"0":"post-1509","1":"product","2":"type-product","3":"status-publish","4":"has-post-thumbnail","6":"product_cat-pasta-teshir-servis-arabalari","8":"first","9":"instock","10":"shipping-taxable","11":"product-type-simple"},"_links":{"self":[{"href":"https:\/\/turanciaer.com\/ru\/wp-json\/wp\/v2\/product\/1509","targetHints":{"allow":["GET"]}}],"collection":[{"href":"https:\/\/turanciaer.com\/ru\/wp-json\/wp\/v2\/product"}],"about":[{"href":"https:\/\/turanciaer.com\/ru\/wp-json\/wp\/v2\/types\/product"}],"version-history":[{"count":1,"href":"https:\/\/turanciaer.com\/ru\/wp-json\/wp\/v2\/product\/1509\/revisions"}],"predecessor-version":[{"id":1510,"href":"https:\/\/turanciaer.com\/ru\/wp-json\/wp\/v2\/product\/1509\/revisions\/1510"}],"wp:featuredmedia":[{"embeddable":true,"href":"https:\/\/turanciaer.com\/ru\/wp-json\/wp\/v2\/media\/1506"}],"wp:attachment":[{"href":"https:\/\/turanciaer.com\/ru\/wp-json\/wp\/v2\/media?parent=1509"}],"wp:term":[{"taxonomy":"product_brand","embeddable":true,"href":"https:\/\/turanciaer.com\/ru\/wp-json\/wp\/v2\/product_brand?post=1509"},{"taxonomy":"product_cat","embeddable":true,"href":"https:\/\/turanciaer.com\/ru\/wp-json\/wp\/v2\/product_cat?post=1509"},{"taxonomy":"product_tag","embeddable":true,"href":"https:\/\/turanciaer.com\/ru\/wp-json\/wp\/v2\/product_tag?post=1509"}],"curies":[{"name":"wp","href":"https:\/\/api.w.org\/{rel}","templated":true}]}}