{"id":1511,"date":"2025-09-22T00:42:12","date_gmt":"2025-09-22T00:42:12","guid":{"rendered":"https:\/\/turanciaer.com\/?post_type=product&#038;p=1511"},"modified":"2026-02-23T19:13:13","modified_gmt":"2026-02-23T19:13:13","slug":"servis-arabasi","status":"publish","type":"product","link":"https:\/\/turanciaer.com\/ru\/product\/servis-arabasi\/","title":{"rendered":"\u0421\u0435\u0440\u0432\u0438\u0441\u043d\u0430\u044f \u0442\u0435\u043b\u0435\u0436\u043a\u0430"},"content":{"rendered":"<ul>\n<li>\u041a\u043e\u0440\u043f\u0443\u0441 \u0438\u0437 \u043d\u0435\u0440\u0436\u0430\u0432\u0435\u044e\u0449\u0435\u0439 \u0441\u0442\u0430\u043b\u0438 AISI 304<\/li>\n<li>\u041a\u0430\u0440\u043a\u0430\u0441 \u043f\u0440\u043e\u0444\u0438\u043b\u044f \u0438\u0437 \u043d\u0435\u0440\u0436\u0430\u0432\u0435\u044e\u0449\u0435\u0439 \u0441\u0442\u0430\u043b\u0438 \u043a\u0430\u0447\u0435\u0441\u0442\u0432\u0430 AISI 304<\/li>\n<li>\u0411\u043b\u0435\u0441\u0442\u044f\u0449\u0435\u0435 \u0440\u043e\u0437\u043e\u0432\u043e\u0435 PVD-\u043f\u043e\u043a\u0440\u044b\u0442\u0438\u0435<\/li>\n<li>\u0427\u0435\u0442\u044b\u0440\u0435 \u043f\u043e\u0434\u0432\u0438\u0436\u043d\u044b\u0445 \u043a\u043e\u043b\u0435\u0441\u0430, \u0434\u0432\u0430 \u0441 \u0442\u043e\u0440\u043c\u043e\u0437\u0430\u043c\u0438<\/li>\n<\/ul>\n<p><strong>\u0420\u0430\u0437\u043c\u0435\u0440\u044b:<\/strong> \u0428: 50 \u0414: 102\u00a0 B: 87 cm<\/p>","protected":false},"excerpt":{"rendered":"<p>AISI 304 Kalite Paslanmaz \u00c7elik G\u00f6vde AISI 304 Kalite Paslanmaz \u00c7elik Profil \u0130skelet Parlak Rose PVD Kaplama I\u0307kisi Frenli, Do\u0308rt<\/p>","protected":false},"featured_media":1513,"template":"","meta":[],"product_brand":[],"product_cat":[174],"product_tag":[],"class_list":{"0":"post-1511","1":"product","2":"type-product","3":"status-publish","4":"has-post-thumbnail","6":"product_cat-servis-arabalari","8":"first","9":"instock","10":"shipping-taxable","11":"product-type-simple"},"_links":{"self":[{"href":"https:\/\/turanciaer.com\/ru\/wp-json\/wp\/v2\/product\/1511","targetHints":{"allow":["GET"]}}],"collection":[{"href":"https:\/\/turanciaer.com\/ru\/wp-json\/wp\/v2\/product"}],"about":[{"href":"https:\/\/turanciaer.com\/ru\/wp-json\/wp\/v2\/types\/product"}],"version-history":[{"count":1,"href":"https:\/\/turanciaer.com\/ru\/wp-json\/wp\/v2\/product\/1511\/revisions"}],"predecessor-version":[{"id":1514,"href":"https:\/\/turanciaer.com\/ru\/wp-json\/wp\/v2\/product\/1511\/revisions\/1514"}],"wp:featuredmedia":[{"embeddable":true,"href":"https:\/\/turanciaer.com\/ru\/wp-json\/wp\/v2\/media\/1513"}],"wp:attachment":[{"href":"https:\/\/turanciaer.com\/ru\/wp-json\/wp\/v2\/media?parent=1511"}],"wp:term":[{"taxonomy":"product_brand","embeddable":true,"href":"https:\/\/turanciaer.com\/ru\/wp-json\/wp\/v2\/product_brand?post=1511"},{"taxonomy":"product_cat","embeddable":true,"href":"https:\/\/turanciaer.com\/ru\/wp-json\/wp\/v2\/product_cat?post=1511"},{"taxonomy":"product_tag","embeddable":true,"href":"https:\/\/turanciaer.com\/ru\/wp-json\/wp\/v2\/product_tag?post=1511"}],"curies":[{"name":"wp","href":"https:\/\/api.w.org\/{rel}","templated":true}]}}