{"id":1517,"date":"2025-09-15T00:23:24","date_gmt":"2025-09-15T00:23:24","guid":{"rendered":"https:\/\/turanciaer.com\/?post_type=product&#038;p=1517"},"modified":"2025-10-02T06:03:49","modified_gmt":"2025-10-02T06:03:49","slug":"servis-arabasi-020","status":"publish","type":"product","link":"https:\/\/turanciaer.com\/ru\/product\/servis-arabasi-020\/","title":{"rendered":"\u0421\u0435\u0440\u0432\u0438\u0441\u043d\u0430\u044f \u0442\u0435\u043b\u0435\u0436\u043a\u0430"},"content":{"rendered":"<ul>\n<li>\u0414\u0435\u0440\u0435\u0432\u044f\u043d\u043d\u044b\u0439 \u043a\u043e\u0440\u043f\u0443\u0441<\/li>\n<li>\u041f\u043e\u0434\u043b\u043e\u043a\u043e\u0442\u043d\u0438\u043a\u0438, \u0431\u043e\u043a\u043e\u0432\u0438\u043d\u044b \u0438 \u0442\u043e\u0447\u0435\u043d\u044b\u0435 \u043d\u043e\u0436\u043a\u0438 \u0438\u0437\u0433\u043e\u0442\u043e\u0432\u043b\u0435\u043d\u044b \u0438\u0437 \u0433\u0440\u0430\u0431\u0430.<\/li>\n<li>\u042f\u0449\u0438\u043a \u0434\u043b\u044f \u0438\u043d\u0441\u0442\u0440\u0443\u043c\u0435\u043d\u0442\u043e\u0432<\/li>\n<li>\u0427\u0435\u0442\u044b\u0440\u0435 \u043f\u043e\u0434\u0432\u0438\u0436\u043d\u044b\u0445 \u043a\u043e\u043b\u0435\u0441\u0430, \u0434\u0432\u0430 \u0441 \u0442\u043e\u0440\u043c\u043e\u0437\u0430\u043c\u0438<\/li>\n<\/ul>\n<p><strong>\u0420\u0430\u0437\u043c\u0435\u0440\u044b:<\/strong> \u0428: 48 \u0414: 83\u00a0 B: 85 cm<\/p>","protected":false},"excerpt":{"rendered":"<p>Ah\u015fap G\u00f6vde Kollar, Kenar \u00c7\u0131talar, Torna Bacaklar G\u00fcrgen A\u011fac\u0131ndan Yap\u0131lmaktad\u0131r. Servis \u00c7ekmecesi I\u0307kisi Frenli, Do\u0308rt Adet Hareketli Tekerlek \u00d6l\u00e7\u00fcler: E:<\/p>","protected":false},"featured_media":1518,"template":"","meta":[],"product_brand":[],"product_cat":[174],"product_tag":[],"class_list":{"0":"post-1517","1":"product","2":"type-product","3":"status-publish","4":"has-post-thumbnail","6":"product_cat-servis-arabalari","8":"first","9":"instock","10":"shipping-taxable","11":"product-type-simple"},"_links":{"self":[{"href":"https:\/\/turanciaer.com\/ru\/wp-json\/wp\/v2\/product\/1517","targetHints":{"allow":["GET"]}}],"collection":[{"href":"https:\/\/turanciaer.com\/ru\/wp-json\/wp\/v2\/product"}],"about":[{"href":"https:\/\/turanciaer.com\/ru\/wp-json\/wp\/v2\/types\/product"}],"version-history":[{"count":1,"href":"https:\/\/turanciaer.com\/ru\/wp-json\/wp\/v2\/product\/1517\/revisions"}],"predecessor-version":[{"id":1519,"href":"https:\/\/turanciaer.com\/ru\/wp-json\/wp\/v2\/product\/1517\/revisions\/1519"}],"wp:featuredmedia":[{"embeddable":true,"href":"https:\/\/turanciaer.com\/ru\/wp-json\/wp\/v2\/media\/1518"}],"wp:attachment":[{"href":"https:\/\/turanciaer.com\/ru\/wp-json\/wp\/v2\/media?parent=1517"}],"wp:term":[{"taxonomy":"product_brand","embeddable":true,"href":"https:\/\/turanciaer.com\/ru\/wp-json\/wp\/v2\/product_brand?post=1517"},{"taxonomy":"product_cat","embeddable":true,"href":"https:\/\/turanciaer.com\/ru\/wp-json\/wp\/v2\/product_cat?post=1517"},{"taxonomy":"product_tag","embeddable":true,"href":"https:\/\/turanciaer.com\/ru\/wp-json\/wp\/v2\/product_tag?post=1517"}],"curies":[{"name":"wp","href":"https:\/\/api.w.org\/{rel}","templated":true}]}}