{"id":1527,"date":"2025-09-15T00:28:19","date_gmt":"2025-09-15T00:28:19","guid":{"rendered":"https:\/\/turanciaer.com\/?post_type=product&#038;p=1527"},"modified":"2025-10-02T06:03:21","modified_gmt":"2025-10-02T06:03:21","slug":"servis-arabasi-023","status":"publish","type":"product","link":"https:\/\/turanciaer.com\/ru\/product\/servis-arabasi-023\/","title":{"rendered":"\u0421\u0435\u0440\u0432\u0438\u0441\u043d\u0430\u044f \u0442\u0435\u043b\u0435\u0436\u043a\u0430"},"content":{"rendered":"<ul>\n<li>\u0414\u0435\u0440\u0435\u0432\u044f\u043d\u043d\u044b\u0439 \u043a\u043e\u0440\u043f\u0443\u0441<\/li>\n<li>\u041f\u043e\u0434\u043b\u043e\u043a\u043e\u0442\u043d\u0438\u043a\u0438, \u0431\u043e\u043a\u043e\u0432\u0438\u043d\u044b \u0438 \u0442\u043e\u0447\u0435\u043d\u044b\u0435 \u043d\u043e\u0436\u043a\u0438 \u0438\u0437\u0433\u043e\u0442\u043e\u0432\u043b\u0435\u043d\u044b \u0438\u0437 \u0433\u0440\u0430\u0431\u0430.<\/li>\n<li>8 \u0431\u0440\u0430\u0441\u043b\u0435\u0442\u043e\u0432 \u0438\u0437 \u043d\u0435\u0440\u0436\u0430\u0432\u0435\u044e\u0449\u0435\u0439 \u0441\u0442\u0430\u043b\u0438 AISI 304<\/li>\n<li>\u0412\u044b\u0434\u0432\u0438\u0436\u043d\u043e\u0439 \u044f\u0449\u0438\u043a \u0434\u043b\u044f \u043f\u0440\u0438\u043d\u0430\u0434\u043b\u0435\u0436\u043d\u043e\u0441\u0442\u0435\u0439 \u0441 6 \u043e\u0442\u0434\u0435\u043b\u0435\u043d\u0438\u044f\u043c\u0438<\/li>\n<li>\u0427\u0435\u0442\u044b\u0440\u0435 \u043f\u043e\u0434\u0432\u0438\u0436\u043d\u044b\u0445 \u043a\u043e\u043b\u0435\u0441\u0430, \u0434\u0432\u0430 \u0441 \u0442\u043e\u0440\u043c\u043e\u0437\u0430\u043c\u0438<\/li>\n<\/ul>\n<p><strong>\u0420\u0430\u0437\u043c\u0435\u0440\u044b:<\/strong> \u0428: 48 \u0414: 85\u00a0 H: 85 cm<\/p>","protected":false},"excerpt":{"rendered":"<p>Ah\u015fap G\u00f6vde Kollar, Kenar \u00c7\u0131talar, Torna Bacaklar G\u00fcrgen A\u011fac\u0131ndan Yap\u0131lmaktad\u0131r. 8 Adet AISI 304 Paslanmaz Bilezik 6 B\u00f6lmeli Servis \u00c7ekmecesi<\/p>","protected":false},"featured_media":1528,"template":"","meta":[],"product_brand":[],"product_cat":[174],"product_tag":[],"class_list":{"0":"post-1527","1":"product","2":"type-product","3":"status-publish","4":"has-post-thumbnail","6":"product_cat-servis-arabalari","8":"first","9":"instock","10":"featured","11":"shipping-taxable","12":"product-type-simple"},"_links":{"self":[{"href":"https:\/\/turanciaer.com\/ru\/wp-json\/wp\/v2\/product\/1527","targetHints":{"allow":["GET"]}}],"collection":[{"href":"https:\/\/turanciaer.com\/ru\/wp-json\/wp\/v2\/product"}],"about":[{"href":"https:\/\/turanciaer.com\/ru\/wp-json\/wp\/v2\/types\/product"}],"version-history":[{"count":1,"href":"https:\/\/turanciaer.com\/ru\/wp-json\/wp\/v2\/product\/1527\/revisions"}],"predecessor-version":[{"id":1529,"href":"https:\/\/turanciaer.com\/ru\/wp-json\/wp\/v2\/product\/1527\/revisions\/1529"}],"wp:featuredmedia":[{"embeddable":true,"href":"https:\/\/turanciaer.com\/ru\/wp-json\/wp\/v2\/media\/1528"}],"wp:attachment":[{"href":"https:\/\/turanciaer.com\/ru\/wp-json\/wp\/v2\/media?parent=1527"}],"wp:term":[{"taxonomy":"product_brand","embeddable":true,"href":"https:\/\/turanciaer.com\/ru\/wp-json\/wp\/v2\/product_brand?post=1527"},{"taxonomy":"product_cat","embeddable":true,"href":"https:\/\/turanciaer.com\/ru\/wp-json\/wp\/v2\/product_cat?post=1527"},{"taxonomy":"product_tag","embeddable":true,"href":"https:\/\/turanciaer.com\/ru\/wp-json\/wp\/v2\/product_tag?post=1527"}],"curies":[{"name":"wp","href":"https:\/\/api.w.org\/{rel}","templated":true}]}}