{"id":1537,"date":"2025-06-26T00:36:30","date_gmt":"2025-06-26T00:36:30","guid":{"rendered":"https:\/\/turanciaer.com\/?post_type=product&#038;p=1537"},"modified":"2025-10-02T07:16:35","modified_gmt":"2025-10-02T07:16:35","slug":"peynir-tatli-arabasi","status":"publish","type":"product","link":"https:\/\/turanciaer.com\/ru\/product\/peynir-tatli-arabasi\/","title":{"rendered":"\u0422\u0435\u043b\u0435\u0436\u043a\u0430 \u0434\u043b\u044f \u0441\u044b\u0440\u0430 \u0438 \u0434\u0435\u0441\u0435\u0440\u0442\u043e\u0432"},"content":{"rendered":"<ul>\n<li>\u041a\u0430\u0440\u043a\u0430\u0441 \u0438\u0437 \u043d\u0435\u0440\u0436\u0430\u0432\u0435\u044e\u0449\u0435\u0439 \u0441\u0442\u0430\u043b\u0438 \u043a\u0430\u0447\u0435\u0441\u0442\u0432\u0430 AISI 304<\/li>\n<li>\u041a\u043e\u0440\u043f\u0443\u0441 \u0438\u0437 \u043d\u0435\u0440\u0436\u0430\u0432\u0435\u044e\u0449\u0435\u0439 \u0441\u0442\u0430\u043b\u0438<\/li>\n<li><strong>\u042f\u0440\u043a\u0430\u044f \u0440\u043e\u0437\u0430<\/strong> PVD-\u043f\u043e\u043a\u0440\u044b\u0442\u0438\u0435<\/li>\n<li>\u041a\u0440\u044b\u0448\u043a\u0430-\u0440\u043e\u043b\u043b\u0442\u043e\u043f \u0438\u0437 \u043f\u043b\u0435\u043a\u0441\u0438\u0433\u043b\u0430\u0441\u0430<\/li>\n<li>\u0412\u0435\u0440\u0445\u043d\u044f\u044f \u043f\u043e\u043b\u043a\u0430 \u0441 \u043f\u043e\u043a\u0440\u044b\u0442\u0438\u0435\u043c<\/li>\n<li>\u0427\u0435\u0442\u044b\u0440\u0435 \u043f\u043e\u0434\u0432\u0438\u0436\u043d\u044b\u0445 \u043a\u043e\u043b\u0435\u0441\u0430, \u0434\u0432\u0430 \u0441 \u0442\u043e\u0440\u043c\u043e\u0437\u0430\u043c\u0438<\/li>\n<\/ul>\n<p><strong>\u0420\u0430\u0437\u043c\u0435\u0440\u044b:<\/strong> \u0428: 50 \u0414: 102\u00a0 B: 110 cm<\/p>","protected":false},"excerpt":{"rendered":"<p>AISI 304 Kalite Paslanmaz \u00c7elik \u0130skelet Paslanmaz \u00c7elik G\u00f6vde Parlak Rose PVD Kaplama Plexiglass Rolltop Kapak Kaplamal\u0131 \u00dcst Te\u015fhir Raf<\/p>","protected":false},"featured_media":1538,"template":"","meta":[],"product_brand":[],"product_cat":[212],"product_tag":[],"class_list":{"0":"post-1537","1":"product","2":"type-product","3":"status-publish","4":"has-post-thumbnail","6":"product_cat-peynir-tatli-arabalari","8":"first","9":"instock","10":"featured","11":"shipping-taxable","12":"product-type-simple"},"_links":{"self":[{"href":"https:\/\/turanciaer.com\/ru\/wp-json\/wp\/v2\/product\/1537","targetHints":{"allow":["GET"]}}],"collection":[{"href":"https:\/\/turanciaer.com\/ru\/wp-json\/wp\/v2\/product"}],"about":[{"href":"https:\/\/turanciaer.com\/ru\/wp-json\/wp\/v2\/types\/product"}],"version-history":[{"count":1,"href":"https:\/\/turanciaer.com\/ru\/wp-json\/wp\/v2\/product\/1537\/revisions"}],"predecessor-version":[{"id":1539,"href":"https:\/\/turanciaer.com\/ru\/wp-json\/wp\/v2\/product\/1537\/revisions\/1539"}],"wp:featuredmedia":[{"embeddable":true,"href":"https:\/\/turanciaer.com\/ru\/wp-json\/wp\/v2\/media\/1538"}],"wp:attachment":[{"href":"https:\/\/turanciaer.com\/ru\/wp-json\/wp\/v2\/media?parent=1537"}],"wp:term":[{"taxonomy":"product_brand","embeddable":true,"href":"https:\/\/turanciaer.com\/ru\/wp-json\/wp\/v2\/product_brand?post=1537"},{"taxonomy":"product_cat","embeddable":true,"href":"https:\/\/turanciaer.com\/ru\/wp-json\/wp\/v2\/product_cat?post=1537"},{"taxonomy":"product_tag","embeddable":true,"href":"https:\/\/turanciaer.com\/ru\/wp-json\/wp\/v2\/product_tag?post=1537"}],"curies":[{"name":"wp","href":"https:\/\/api.w.org\/{rel}","templated":true}]}}