{"id":1546,"date":"2025-09-15T00:45:13","date_gmt":"2025-09-15T00:45:13","guid":{"rendered":"https:\/\/turanciaer.com\/?post_type=product&#038;p=1546"},"modified":"2025-10-02T06:02:42","modified_gmt":"2025-10-02T06:02:42","slug":"servis-arabasi-yuvarlak","status":"publish","type":"product","link":"https:\/\/turanciaer.com\/ru\/product\/servis-arabasi-yuvarlak\/","title":{"rendered":"\u0421\u0435\u0440\u0432\u0438\u0441\u043d\u0430\u044f \u0442\u0435\u043b\u0435\u0436\u043a\u0430"},"content":{"rendered":"<ul>\n<li>\u0421\u0434\u0435\u043b\u0430\u043d\u043e \u0438\u0437 \u0433\u0440\u0430\u0431\u0430<\/li>\n<li>\u0420\u0430\u043c\u0430 \u0438\u0437 \u043d\u0435\u0440\u0436\u0430\u0432\u0435\u044e\u0449\u0435\u0439 \u0441\u0442\u0430\u043b\u0438<\/li>\n<li>\u0411\u043b\u0435\u0441\u0442\u044f\u0449\u0435\u0435 \u0437\u043e\u043b\u043e\u0442\u043e\u0435 PVD-\u043f\u043e\u043a\u0440\u044b\u0442\u0438\u0435<\/li>\n<li>\u0427\u0435\u0442\u044b\u0440\u0435 \u043f\u043e\u0434\u0432\u0438\u0436\u043d\u044b\u0445 \u043a\u043e\u043b\u0435\u0441\u0430, \u0434\u0432\u0430 \u0441 \u0442\u043e\u0440\u043c\u043e\u0437\u0430\u043c\u0438<\/li>\n<\/ul>\n<p><strong>\u0420\u0430\u0437\u043c\u0435\u0440\u044b: <\/strong>\u00d8 : 57\u00a0 B: 87 cm<\/p>","protected":false},"excerpt":{"rendered":"<p>G\u00fcrgen Kaplamal\u0131 G\u00f6vde Paslanmaz \u00c7elik \u00c7er\u00e7eve Parlak Gold PVD Kaplama I\u0307kisi Frenli, Do\u0308rt Adet Hareketli Tekerlek \u00d6l\u00e7\u00fcler: \u00d8 : 57\u00a0<\/p>","protected":false},"featured_media":1547,"template":"","meta":[],"product_brand":[],"product_cat":[174],"product_tag":[],"class_list":{"0":"post-1546","1":"product","2":"type-product","3":"status-publish","4":"has-post-thumbnail","6":"product_cat-servis-arabalari","8":"first","9":"instock","10":"shipping-taxable","11":"product-type-simple"},"_links":{"self":[{"href":"https:\/\/turanciaer.com\/ru\/wp-json\/wp\/v2\/product\/1546","targetHints":{"allow":["GET"]}}],"collection":[{"href":"https:\/\/turanciaer.com\/ru\/wp-json\/wp\/v2\/product"}],"about":[{"href":"https:\/\/turanciaer.com\/ru\/wp-json\/wp\/v2\/types\/product"}],"version-history":[{"count":2,"href":"https:\/\/turanciaer.com\/ru\/wp-json\/wp\/v2\/product\/1546\/revisions"}],"predecessor-version":[{"id":1818,"href":"https:\/\/turanciaer.com\/ru\/wp-json\/wp\/v2\/product\/1546\/revisions\/1818"}],"wp:featuredmedia":[{"embeddable":true,"href":"https:\/\/turanciaer.com\/ru\/wp-json\/wp\/v2\/media\/1547"}],"wp:attachment":[{"href":"https:\/\/turanciaer.com\/ru\/wp-json\/wp\/v2\/media?parent=1546"}],"wp:term":[{"taxonomy":"product_brand","embeddable":true,"href":"https:\/\/turanciaer.com\/ru\/wp-json\/wp\/v2\/product_brand?post=1546"},{"taxonomy":"product_cat","embeddable":true,"href":"https:\/\/turanciaer.com\/ru\/wp-json\/wp\/v2\/product_cat?post=1546"},{"taxonomy":"product_tag","embeddable":true,"href":"https:\/\/turanciaer.com\/ru\/wp-json\/wp\/v2\/product_tag?post=1546"}],"curies":[{"name":"wp","href":"https:\/\/api.w.org\/{rel}","templated":true}]}}