{"id":1552,"date":"2025-09-22T00:57:33","date_gmt":"2025-09-22T00:57:33","guid":{"rendered":"https:\/\/turanciaer.com\/?post_type=product&#038;p=1552"},"modified":"2025-09-23T13:54:23","modified_gmt":"2025-09-23T13:54:23","slug":"flambe-arabasi-031","status":"publish","type":"product","link":"https:\/\/turanciaer.com\/ru\/product\/flambe-arabasi-031\/","title":{"rendered":"\u0422\u0435\u043b\u0435\u0436\u043a\u0430 \u0434\u043b\u044f \u0444\u043b\u0430\u043c\u0431\u0435"},"content":{"rendered":"<ul>\n<li>\u0414\u0435\u0440\u0435\u0432\u044f\u043d\u043d\u044b\u0439 \u043a\u043e\u0440\u043f\u0443\u0441<\/li>\n<li>\u041f\u043e\u0434\u043b\u043e\u043a\u043e\u0442\u043d\u0438\u043a\u0438, \u0431\u043e\u043a\u043e\u0432\u0438\u043d\u044b \u0438 \u0442\u043e\u0447\u0435\u043d\u044b\u0435 \u043d\u043e\u0436\u043a\u0438 \u0438\u0437\u0433\u043e\u0442\u043e\u0432\u043b\u0435\u043d\u044b \u0438\u0437 \u0433\u0440\u0430\u0431\u0430.<\/li>\n<li>\u0420\u0430\u0431\u043e\u0447\u0438\u0439 \u0441\u0442\u043e\u043b \u0438\u0437 \u043d\u0435\u0440\u0436\u0430\u0432\u0435\u044e\u0449\u0435\u0439 \u0441\u0442\u0430\u043b\u0438<\/li>\n<li>12 \u0431\u0440\u0430\u0441\u043b\u0435\u0442\u043e\u0432 \u0438\u0437 \u043d\u0435\u0440\u0436\u0430\u0432\u0435\u044e\u0449\u0435\u0439 \u0441\u0442\u0430\u043b\u0438 AISI 304<\/li>\n<li>1 \u0433\u0430\u0437\u043e\u0432\u0430\u044f \u043a\u043e\u043d\u0444\u043e\u0440\u043a\u0430 WOK \u0441 \u0441\u0436\u0438\u0436\u0435\u043d\u043d\u044b\u043c \u0433\u0430\u0437\u043e\u043c<\/li>\n<li>\u0410\u0432\u0442\u043e\u043c\u0430\u0442\u0438\u0447\u0435\u0441\u043a\u043e\u0435 \u0437\u0430\u0436\u0438\u0433\u0430\u043d\u0438\u0435<\/li>\n<li>\u0421\u043f\u0435\u0446\u0438\u0430\u043b\u044c\u043d\u0430\u044f \u0441\u0438\u0441\u0442\u0435\u043c\u0430, \u043a\u043e\u0442\u043e\u0440\u0430\u044f \u0430\u0432\u0442\u043e\u043c\u0430\u0442\u0438\u0447\u0435\u0441\u043a\u0438 \u043e\u0442\u043a\u043b\u044e\u0447\u0430\u0435\u0442 \u043f\u043e\u0434\u0430\u0447\u0443 \u0433\u0430\u0437\u0430, \u043a\u043e\u0433\u0434\u0430 \u043e\u0433\u043e\u043d\u044c \u0433\u0430\u0441\u043d\u0435\u0442.<\/li>\n<li>\u042f\u0449\u0438\u043a<\/li>\n<li>\u041f\u043e\u043b\u043a\u0430 \u0434\u043b\u044f \u0441\u043e\u0443\u0441\u0430<\/li>\n<li>\u0427\u0435\u0442\u044b\u0440\u0435 \u043f\u043e\u0434\u0432\u0438\u0436\u043d\u044b\u0445 \u043a\u043e\u043b\u0435\u0441\u0430, \u0434\u0432\u0430 \u0441 \u0442\u043e\u0440\u043c\u043e\u0437\u0430\u043c\u0438<\/li>\n<\/ul>\n<p><strong>\u0420\u0430\u0437\u043c\u0435\u0440\u044b:<\/strong> \u0428: 62 \u0414: 106\u00a0 B: 85 cm<\/p>","protected":false},"excerpt":{"rendered":"<p>Ah\u015fap G\u00f6vde Kollar, Kenar \u00c7\u0131talar, Torna Bacaklar G\u00fcrgen A\u011fac\u0131ndan Yap\u0131lmaktad\u0131r. Paslanmaz \u00c7elik Parlak Y\u00fczey \u00dcst Tezgah 12 Adet AISI 304<\/p>","protected":false},"featured_media":1553,"template":"","meta":[],"product_brand":[],"product_cat":[188],"product_tag":[],"class_list":{"0":"post-1552","1":"product","2":"type-product","3":"status-publish","4":"has-post-thumbnail","6":"product_cat-flambe-arabalari","8":"first","9":"instock","10":"featured","11":"shipping-taxable","12":"product-type-simple"},"_links":{"self":[{"href":"https:\/\/turanciaer.com\/ru\/wp-json\/wp\/v2\/product\/1552","targetHints":{"allow":["GET"]}}],"collection":[{"href":"https:\/\/turanciaer.com\/ru\/wp-json\/wp\/v2\/product"}],"about":[{"href":"https:\/\/turanciaer.com\/ru\/wp-json\/wp\/v2\/types\/product"}],"version-history":[{"count":1,"href":"https:\/\/turanciaer.com\/ru\/wp-json\/wp\/v2\/product\/1552\/revisions"}],"predecessor-version":[{"id":1555,"href":"https:\/\/turanciaer.com\/ru\/wp-json\/wp\/v2\/product\/1552\/revisions\/1555"}],"wp:featuredmedia":[{"embeddable":true,"href":"https:\/\/turanciaer.com\/ru\/wp-json\/wp\/v2\/media\/1553"}],"wp:attachment":[{"href":"https:\/\/turanciaer.com\/ru\/wp-json\/wp\/v2\/media?parent=1552"}],"wp:term":[{"taxonomy":"product_brand","embeddable":true,"href":"https:\/\/turanciaer.com\/ru\/wp-json\/wp\/v2\/product_brand?post=1552"},{"taxonomy":"product_cat","embeddable":true,"href":"https:\/\/turanciaer.com\/ru\/wp-json\/wp\/v2\/product_cat?post=1552"},{"taxonomy":"product_tag","embeddable":true,"href":"https:\/\/turanciaer.com\/ru\/wp-json\/wp\/v2\/product_tag?post=1552"}],"curies":[{"name":"wp","href":"https:\/\/api.w.org\/{rel}","templated":true}]}}