{"id":1567,"date":"2025-09-15T01:04:47","date_gmt":"2025-09-15T01:04:47","guid":{"rendered":"https:\/\/turanciaer.com\/?post_type=product&#038;p=1567"},"modified":"2025-10-02T06:02:33","modified_gmt":"2025-10-02T06:02:33","slug":"bos-toplama-arabasi","status":"publish","type":"product","link":"https:\/\/turanciaer.com\/ru\/product\/bos-toplama-arabasi\/","title":{"rendered":"\u041f\u0443\u0441\u0442\u0430\u044f \u0442\u0435\u043b\u0435\u0436\u043a\u0430 \u0434\u043b\u044f \u0441\u0431\u043e\u0440\u0430 \u043c\u0443\u0441\u043e\u0440\u0430"},"content":{"rendered":"<ul>\n<li>\u041f\u043e\u0432\u0435\u0440\u0445\u043d\u043e\u0441\u0442\u044c \u041c\u0414\u0424 \u041b\u0430\u043c<\/li>\n<li>3 \u0448\u0442. \u043f\u043e\u043b\u043e\u043a<\/li>\n<\/ul>\n<p><strong>\u0420\u0430\u0437\u043c\u0435\u0440\u044b:<\/strong> \u0428: 44 \u0414: 44\u00a0 B: 130 cm<\/p>","protected":false},"excerpt":{"rendered":"<p>MDF Lam G\u00f6vde 3 B\u00f6lmeli Raf \u00d6l\u00e7\u00fcler: E: 44 B: 44\u00a0 Y: 130 cm<\/p>","protected":false},"featured_media":1568,"template":"","meta":[],"product_brand":[],"product_cat":[174],"product_tag":[],"class_list":{"0":"post-1567","1":"product","2":"type-product","3":"status-publish","4":"has-post-thumbnail","6":"product_cat-servis-arabalari","8":"first","9":"instock","10":"shipping-taxable","11":"product-type-simple"},"_links":{"self":[{"href":"https:\/\/turanciaer.com\/ru\/wp-json\/wp\/v2\/product\/1567","targetHints":{"allow":["GET"]}}],"collection":[{"href":"https:\/\/turanciaer.com\/ru\/wp-json\/wp\/v2\/product"}],"about":[{"href":"https:\/\/turanciaer.com\/ru\/wp-json\/wp\/v2\/types\/product"}],"version-history":[{"count":1,"href":"https:\/\/turanciaer.com\/ru\/wp-json\/wp\/v2\/product\/1567\/revisions"}],"predecessor-version":[{"id":1569,"href":"https:\/\/turanciaer.com\/ru\/wp-json\/wp\/v2\/product\/1567\/revisions\/1569"}],"wp:featuredmedia":[{"embeddable":true,"href":"https:\/\/turanciaer.com\/ru\/wp-json\/wp\/v2\/media\/1568"}],"wp:attachment":[{"href":"https:\/\/turanciaer.com\/ru\/wp-json\/wp\/v2\/media?parent=1567"}],"wp:term":[{"taxonomy":"product_brand","embeddable":true,"href":"https:\/\/turanciaer.com\/ru\/wp-json\/wp\/v2\/product_brand?post=1567"},{"taxonomy":"product_cat","embeddable":true,"href":"https:\/\/turanciaer.com\/ru\/wp-json\/wp\/v2\/product_cat?post=1567"},{"taxonomy":"product_tag","embeddable":true,"href":"https:\/\/turanciaer.com\/ru\/wp-json\/wp\/v2\/product_tag?post=1567"}],"curies":[{"name":"wp","href":"https:\/\/api.w.org\/{rel}","templated":true}]}}