{"id":1574,"date":"2025-05-27T01:17:59","date_gmt":"2025-05-27T01:17:59","guid":{"rendered":"https:\/\/turanciaer.com\/?post_type=product&#038;p=1574"},"modified":"2025-06-02T18:34:21","modified_gmt":"2025-06-02T18:34:21","slug":"tepsi","status":"publish","type":"product","link":"https:\/\/turanciaer.com\/ru\/product\/tepsi\/","title":{"rendered":"\u0414\u0435\u0440\u0435\u0432\u044f\u043d\u043d\u044b\u0439 \u043f\u043e\u0434\u043d\u043e\u0441"},"content":{"rendered":"<ul>\n<li>\u041c\u0430\u0441\u0441\u0438\u0432\u043d\u044b\u0435 \u043a\u0440\u0430\u044f \u0438 \u0440\u0443\u0447\u043a\u0430<\/li>\n<li>\u0421\u0434\u0435\u043b\u0430\u043d\u043e \u0438\u0437 \u0433\u0440\u0430\u0431\u0430<\/li>\n<li>\u0421\u0442\u0435\u043a\u0438\u0440\u0443\u0435\u043c\u0430\u044f \u0441\u0442\u0440\u0443\u043a\u0442\u0443\u0440\u0430<\/li>\n<\/ul>\n<p><strong>\u0420\u0430\u0437\u043c\u0435\u0440\u044b:<\/strong> \u0428: 40 \u0414: 60<\/p>","protected":false},"excerpt":{"rendered":"<p>Masif Kenar ve Tutma Kolu G\u00fcrgen Kaplamal\u0131 Tepsi \u00dcst \u00dcste \u0130stiflenebilir Yap\u0131 \u00d6l\u00e7\u00fcler: E: 40 B: 60<\/p>","protected":false},"featured_media":1575,"template":"","meta":[],"product_brand":[],"product_cat":[191],"product_tag":[],"class_list":{"0":"post-1574","1":"product","2":"type-product","3":"status-publish","4":"has-post-thumbnail","6":"product_cat-tepsi-tepsi-stantlari","8":"first","9":"instock","10":"shipping-taxable","11":"product-type-simple"},"_links":{"self":[{"href":"https:\/\/turanciaer.com\/ru\/wp-json\/wp\/v2\/product\/1574","targetHints":{"allow":["GET"]}}],"collection":[{"href":"https:\/\/turanciaer.com\/ru\/wp-json\/wp\/v2\/product"}],"about":[{"href":"https:\/\/turanciaer.com\/ru\/wp-json\/wp\/v2\/types\/product"}],"version-history":[{"count":1,"href":"https:\/\/turanciaer.com\/ru\/wp-json\/wp\/v2\/product\/1574\/revisions"}],"predecessor-version":[{"id":1576,"href":"https:\/\/turanciaer.com\/ru\/wp-json\/wp\/v2\/product\/1574\/revisions\/1576"}],"wp:featuredmedia":[{"embeddable":true,"href":"https:\/\/turanciaer.com\/ru\/wp-json\/wp\/v2\/media\/1575"}],"wp:attachment":[{"href":"https:\/\/turanciaer.com\/ru\/wp-json\/wp\/v2\/media?parent=1574"}],"wp:term":[{"taxonomy":"product_brand","embeddable":true,"href":"https:\/\/turanciaer.com\/ru\/wp-json\/wp\/v2\/product_brand?post=1574"},{"taxonomy":"product_cat","embeddable":true,"href":"https:\/\/turanciaer.com\/ru\/wp-json\/wp\/v2\/product_cat?post=1574"},{"taxonomy":"product_tag","embeddable":true,"href":"https:\/\/turanciaer.com\/ru\/wp-json\/wp\/v2\/product_tag?post=1574"}],"curies":[{"name":"wp","href":"https:\/\/api.w.org\/{rel}","templated":true}]}}