{"id":1710,"date":"2025-05-27T04:23:05","date_gmt":"2025-05-27T04:23:05","guid":{"rendered":"https:\/\/turanciaer.com\/?post_type=product&#038;p=1710"},"modified":"2025-06-02T18:31:45","modified_gmt":"2025-06-02T18:31:45","slug":"notr-unite","status":"publish","type":"product","link":"https:\/\/turanciaer.com\/ru\/product\/notr-unite\/","title":{"rendered":"\u041d\u0435\u0439\u0442\u0440\u0430\u043b\u044c\u043d\u044b\u0439 \u0431\u043b\u043e\u043a"},"content":{"rendered":"<ul>\n<li>\u0413\u0440\u0430\u043d\u0438\u0442\u043d\u0430\u044f \u0441\u0442\u043e\u043b\u0435\u0448\u043d\u0438\u0446\u0430<\/li>\n<li>\u041a\u043e\u0440\u043f\u0443\u0441 \u0438\u0437 \u043b\u0430\u043c\u0438\u043d\u0438\u0440\u043e\u0432\u0430\u043d\u043d\u043e\u0433\u043e \u041c\u0414\u0424<\/li>\n<li>\u0428\u0430\u0441\u0441\u0438 20x40 \u043c\u043c \u0441 \u043f\u043e\u0440\u043e\u0448\u043a\u043e\u0432\u044b\u043c \u043f\u043e\u043a\u0440\u044b\u0442\u0438\u0435\u043c<\/li>\n<li>\u041e\u0441\u043d\u043e\u0432\u0430\u043d\u0438\u0435 \u0438\u0437 \u043d\u0435\u0440\u0436\u0430\u0432\u0435\u044e\u0449\u0435\u0439 \u0441\u0442\u0430\u043b\u0438<\/li>\n<li>\u041f\u0440\u043e\u0447\u043d\u044b\u0435, \u0441\u043a\u0440\u044b\u0442\u044b\u0435 \u043a\u043e\u043b\u0435\u0441\u0430<\/li>\n<\/ul>\n<p><strong>\u0420\u0430\u0437\u043c\u0435\u0440\u044b:<\/strong> \u0428: 70 \u0414: 160 B: 90 cm<\/p>","protected":false},"excerpt":{"rendered":"<p>Granit Tezgah MDF Lam Kaplamal\u0131 G\u00f6vde 20&#215;40 mm Elektrostatik Boyal\u0131 \u015ease Paslanmaz Baza Gizli A\u011f\u0131r Y\u00fck Tipi Tekerlek \u00d6l\u00e7\u00fcler: E:<\/p>","protected":false},"featured_media":1711,"template":"","meta":[],"product_brand":[],"product_cat":[180],"product_tag":[],"class_list":{"0":"post-1710","1":"product","2":"type-product","3":"status-publish","4":"has-post-thumbnail","6":"product_cat-acik-bufe-uniteleri","8":"first","9":"instock","10":"shipping-taxable","11":"product-type-simple"},"_links":{"self":[{"href":"https:\/\/turanciaer.com\/ru\/wp-json\/wp\/v2\/product\/1710","targetHints":{"allow":["GET"]}}],"collection":[{"href":"https:\/\/turanciaer.com\/ru\/wp-json\/wp\/v2\/product"}],"about":[{"href":"https:\/\/turanciaer.com\/ru\/wp-json\/wp\/v2\/types\/product"}],"version-history":[{"count":2,"href":"https:\/\/turanciaer.com\/ru\/wp-json\/wp\/v2\/product\/1710\/revisions"}],"predecessor-version":[{"id":1716,"href":"https:\/\/turanciaer.com\/ru\/wp-json\/wp\/v2\/product\/1710\/revisions\/1716"}],"wp:featuredmedia":[{"embeddable":true,"href":"https:\/\/turanciaer.com\/ru\/wp-json\/wp\/v2\/media\/1711"}],"wp:attachment":[{"href":"https:\/\/turanciaer.com\/ru\/wp-json\/wp\/v2\/media?parent=1710"}],"wp:term":[{"taxonomy":"product_brand","embeddable":true,"href":"https:\/\/turanciaer.com\/ru\/wp-json\/wp\/v2\/product_brand?post=1710"},{"taxonomy":"product_cat","embeddable":true,"href":"https:\/\/turanciaer.com\/ru\/wp-json\/wp\/v2\/product_cat?post=1710"},{"taxonomy":"product_tag","embeddable":true,"href":"https:\/\/turanciaer.com\/ru\/wp-json\/wp\/v2\/product_tag?post=1710"}],"curies":[{"name":"wp","href":"https:\/\/api.w.org\/{rel}","templated":true}]}}