{"id":1720,"date":"2025-05-27T04:37:09","date_gmt":"2025-05-27T04:37:09","guid":{"rendered":"https:\/\/turanciaer.com\/?post_type=product&#038;p=1720"},"modified":"2025-06-02T18:49:36","modified_gmt":"2025-06-02T18:49:36","slug":"banket-masa","status":"publish","type":"product","link":"https:\/\/turanciaer.com\/ru\/product\/banket-masa\/","title":{"rendered":"\u0411\u0430\u043d\u043a\u0435\u0442\u043d\u044b\u0439 \u0441\u0442\u043e\u043b"},"content":{"rendered":"<ul>\n<li>\u041f\u0440\u0430\u043a\u0442\u0438\u0447\u043d\u044b\u0439 \u0438 \u043f\u0440\u043e\u0447\u043d\u044b\u0439 \u0434\u0432\u043e\u0439\u043d\u043e\u0439 \u0437\u0430\u043c\u043a\u043e\u0432\u044b\u0439 \u043c\u0435\u0445\u0430\u043d\u0438\u0437\u043c<\/li>\n<li>\u0417\u0430\u0449\u0438\u0442\u0430 \u043a\u0440\u043e\u043c\u043e\u043a \u0438\u0437 \u0430\u043b\u044e\u043c\u0438\u043d\u0438\u044f, \u041f\u0412\u0425 \u0438\u043b\u0438 \u0440\u0435\u0437\u0438\u043d\u044b<\/li>\n<li>\u041a\u043e\u043d\u0441\u0442\u0440\u0443\u043a\u0446\u0438\u044f \u043f\u043e\u043b\u043d\u043e\u0441\u0442\u044c\u044e \u043c\u0435\u0442\u0430\u043b\u043b\u0438\u0447\u0435\u0441\u043a\u0430\u044f<\/li>\n<li>\u041f\u0440\u0430\u043a\u0442\u0438\u0447\u043d\u0430\u044f \u0441\u043a\u043b\u0430\u0434\u043d\u0430\u044f \u043d\u043e\u0436\u043a\u0430<\/li>\n<li>\u0420\u0435\u0433\u0443\u043b\u0438\u0440\u0443\u0435\u043c\u044b\u0435 \u043e\u043f\u043e\u0440\u044b \u043f\u043e\u0432\u044b\u0448\u0430\u044e\u0442 \u0443\u0441\u0442\u043e\u0439\u0447\u0438\u0432\u043e\u0441\u0442\u044c \u043d\u0430 \u043d\u0435\u0440\u043e\u0432\u043d\u044b\u0445 \u043f\u043e\u043b\u0430\u0445<\/li>\n<li>\u0420\u0435\u0437\u0438\u043d\u043e\u0432\u044b\u0439 \u043f\u0440\u0435\u0434\u043e\u0445\u0440\u0430\u043d\u0438\u0442\u0435\u043b\u044c \u0437\u0430\u0449\u0438\u0449\u0430\u0435\u0442 \u043f\u043e\u0432\u0435\u0440\u0445\u043d\u043e\u0441\u0442\u044c \u0432\u0435\u0440\u0445\u043d\u0435\u0439 \u0447\u0430\u0441\u0442\u0438<\/li>\n<\/ul>\n<p><strong>\u0420\u0430\u0437\u043c\u0435\u0440\u044b:<\/strong><\/p>\n<p>\u00d8: 120 \u0441\u043c (\u043d\u0430 4 \u0447\u0435\u043b\u043e\u0432\u0435\u043a\u0430)<br \/>\n\u00d8: 140 \u0441\u043c (\u043d\u0430 6 \u0447\u0435\u043b\u043e\u0432\u0435\u043a\u0430)<br \/>\n\u00d8: 160 \u0441\u043c (\u043d\u0430 8 \u0447\u0435\u043b\u043e\u0432\u0435\u043a\u0430)<br \/>\n\u00d8: 180 \u0441\u043c (\u043d\u0430 10 \u0447\u0435\u043b\u043e\u0432\u0435\u043a\u0430)<\/p>","protected":false},"excerpt":{"rendered":"<p>Dayan\u0131kl\u0131 \u00c7ift Kilit Mekanizmas\u0131 Al\u00fcminyum, PVC veya T Kanal\u0131 Kau\u00e7uk Kenar Koruma Ah\u015fap Tablay\u0131 Destekleyen Profil \u00c7er\u00e7eve Pratik Katlan\u0131r Ayak<\/p>","protected":false},"featured_media":1721,"template":"","meta":[],"product_brand":[],"product_cat":[178,199],"product_tag":[],"class_list":{"0":"post-1720","1":"product","2":"type-product","3":"status-publish","4":"has-post-thumbnail","6":"product_cat-banket-toplanti-ekipmanlari","7":"product_cat-banket-masalari","9":"first","10":"instock","11":"shipping-taxable","12":"product-type-simple"},"_links":{"self":[{"href":"https:\/\/turanciaer.com\/ru\/wp-json\/wp\/v2\/product\/1720","targetHints":{"allow":["GET"]}}],"collection":[{"href":"https:\/\/turanciaer.com\/ru\/wp-json\/wp\/v2\/product"}],"about":[{"href":"https:\/\/turanciaer.com\/ru\/wp-json\/wp\/v2\/types\/product"}],"version-history":[{"count":1,"href":"https:\/\/turanciaer.com\/ru\/wp-json\/wp\/v2\/product\/1720\/revisions"}],"predecessor-version":[{"id":1724,"href":"https:\/\/turanciaer.com\/ru\/wp-json\/wp\/v2\/product\/1720\/revisions\/1724"}],"wp:featuredmedia":[{"embeddable":true,"href":"https:\/\/turanciaer.com\/ru\/wp-json\/wp\/v2\/media\/1721"}],"wp:attachment":[{"href":"https:\/\/turanciaer.com\/ru\/wp-json\/wp\/v2\/media?parent=1720"}],"wp:term":[{"taxonomy":"product_brand","embeddable":true,"href":"https:\/\/turanciaer.com\/ru\/wp-json\/wp\/v2\/product_brand?post=1720"},{"taxonomy":"product_cat","embeddable":true,"href":"https:\/\/turanciaer.com\/ru\/wp-json\/wp\/v2\/product_cat?post=1720"},{"taxonomy":"product_tag","embeddable":true,"href":"https:\/\/turanciaer.com\/ru\/wp-json\/wp\/v2\/product_tag?post=1720"}],"curies":[{"name":"wp","href":"https:\/\/api.w.org\/{rel}","templated":true}]}}