{"id":1728,"date":"2025-05-27T04:48:43","date_gmt":"2025-05-27T04:48:43","guid":{"rendered":"https:\/\/turanciaer.com\/?post_type=product&#038;p=1728"},"modified":"2025-06-02T18:50:41","modified_gmt":"2025-06-02T18:50:41","slug":"kursu","status":"publish","type":"product","link":"https:\/\/turanciaer.com\/ru\/product\/kursu\/","title":{"rendered":"\u041a\u0430\u0444\u0435\u0434\u0440\u0430"},"content":{"rendered":"<ul>\n<li>\u041f\u043e\u0432\u0435\u0440\u0445\u043d\u043e\u0441\u0442\u044c \u041c\u0414\u0424 \u041b\u0430\u043c<\/li>\n<\/ul>\n<p><strong>\u0420\u0430\u0437\u043c\u0435\u0440\u044b:<\/strong> \u0428: 68 \u0414: 63 B: 122cm<\/p>","protected":false},"excerpt":{"rendered":"<p>MDF Lam G\u00f6vde \u00d6l\u00e7\u00fcler: E: 68 B: 63 Y: 122cm<\/p>","protected":false},"featured_media":1729,"template":"","meta":[],"product_brand":[],"product_cat":[178,203],"product_tag":[],"class_list":{"0":"post-1728","1":"product","2":"type-product","3":"status-publish","4":"has-post-thumbnail","6":"product_cat-banket-toplanti-ekipmanlari","7":"product_cat-kursuler","9":"first","10":"instock","11":"shipping-taxable","12":"product-type-simple"},"_links":{"self":[{"href":"https:\/\/turanciaer.com\/ru\/wp-json\/wp\/v2\/product\/1728","targetHints":{"allow":["GET"]}}],"collection":[{"href":"https:\/\/turanciaer.com\/ru\/wp-json\/wp\/v2\/product"}],"about":[{"href":"https:\/\/turanciaer.com\/ru\/wp-json\/wp\/v2\/types\/product"}],"version-history":[{"count":1,"href":"https:\/\/turanciaer.com\/ru\/wp-json\/wp\/v2\/product\/1728\/revisions"}],"predecessor-version":[{"id":1730,"href":"https:\/\/turanciaer.com\/ru\/wp-json\/wp\/v2\/product\/1728\/revisions\/1730"}],"wp:featuredmedia":[{"embeddable":true,"href":"https:\/\/turanciaer.com\/ru\/wp-json\/wp\/v2\/media\/1729"}],"wp:attachment":[{"href":"https:\/\/turanciaer.com\/ru\/wp-json\/wp\/v2\/media?parent=1728"}],"wp:term":[{"taxonomy":"product_brand","embeddable":true,"href":"https:\/\/turanciaer.com\/ru\/wp-json\/wp\/v2\/product_brand?post=1728"},{"taxonomy":"product_cat","embeddable":true,"href":"https:\/\/turanciaer.com\/ru\/wp-json\/wp\/v2\/product_cat?post=1728"},{"taxonomy":"product_tag","embeddable":true,"href":"https:\/\/turanciaer.com\/ru\/wp-json\/wp\/v2\/product_tag?post=1728"}],"curies":[{"name":"wp","href":"https:\/\/api.w.org\/{rel}","templated":true}]}}