{"id":1734,"date":"2025-05-27T04:54:00","date_gmt":"2025-05-27T04:54:00","guid":{"rendered":"https:\/\/turanciaer.com\/?post_type=product&#038;p=1734"},"modified":"2025-06-02T18:29:41","modified_gmt":"2025-06-02T18:29:41","slug":"oval-oda-servis-arabasi","status":"publish","type":"product","link":"https:\/\/turanciaer.com\/ru\/product\/oval-oda-servis-arabasi\/","title":{"rendered":"\u0422\u0435\u043b\u0435\u0436\u043a\u0430 \u0434\u043b\u044f \u043e\u0431\u0441\u043b\u0443\u0436\u0438\u0432\u0430\u043d\u0438\u044f \u043d\u043e\u043c\u0435\u0440\u043e\u0432"},"content":{"rendered":"<ul>\n<li>\u0422\u0440\u0443\u0431\u0447\u0430\u0442\u0430\u044f \u043a\u043e\u043d\u0441\u0442\u0440\u0443\u043a\u0446\u0438\u044f \u0441 \u044d\u043b\u0435\u043a\u0442\u0440\u043e\u0441\u0442\u0430\u0442\u0438\u0447\u0435\u0441\u043a\u0438\u043c \u043f\u043e\u0440\u043e\u0448\u043a\u043e\u0432\u044b\u043c \u043f\u043e\u043a\u0440\u044b\u0442\u0438\u0435\u043c<\/li>\n<li>\u0421\u043a\u043b\u0430\u0434\u044b\u0432\u0430\u0435\u0442\u0441\u044f \u0434\u043b\u044f \u044d\u043a\u043e\u043d\u043e\u043c\u0438\u0438 \u043c\u0435\u0441\u0442\u0430 \u043f\u0440\u0438 \u0445\u0440\u0430\u043d\u0435\u043d\u0438\u0438<\/li>\n<li>\u0421\u0442\u043e\u043b \u0438\u0437 \u043b\u0430\u043c\u0438\u043d\u0430\u0442\u0430 \u041c\u0414\u0424<\/li>\n<li>\u0427\u0435\u0442\u044b\u0440\u0435 \u043f\u043e\u0434\u0432\u0438\u0436\u043d\u044b\u0445 \u043a\u043e\u043b\u0435\u0441\u0430, \u0434\u0432\u0430 \u0441 \u0442\u043e\u0440\u043c\u043e\u0437\u0430\u043c\u0438<\/li>\n<\/ul>\n<p><strong>\u0420\u0430\u0437\u043c\u0435\u0440\u044b: <\/strong>\u00d8: 90 \u0414: 110 B: 75 \/ 116cm<\/p>","protected":false},"excerpt":{"rendered":"<p>Elektrostatik Boyal\u0131 DKP Boru Katlanabilir ve \u0130\u00e7 \u0130\u00e7e \u0130stiflenebilir \u0130skelet MDF Lam Tabla \u0130kisi Frenli, D\u00f6rt Adet Hareketli Tekerlek \u00d6l\u00e7\u00fcler:<\/p>","protected":false},"featured_media":1737,"template":"","meta":[],"product_brand":[],"product_cat":[196],"product_tag":[],"class_list":{"0":"post-1734","1":"product","2":"type-product","3":"status-publish","4":"has-post-thumbnail","6":"product_cat-oda-servis-arabalari","8":"first","9":"instock","10":"shipping-taxable","11":"product-type-simple"},"_links":{"self":[{"href":"https:\/\/turanciaer.com\/ru\/wp-json\/wp\/v2\/product\/1734","targetHints":{"allow":["GET"]}}],"collection":[{"href":"https:\/\/turanciaer.com\/ru\/wp-json\/wp\/v2\/product"}],"about":[{"href":"https:\/\/turanciaer.com\/ru\/wp-json\/wp\/v2\/types\/product"}],"version-history":[{"count":2,"href":"https:\/\/turanciaer.com\/ru\/wp-json\/wp\/v2\/product\/1734\/revisions"}],"predecessor-version":[{"id":1817,"href":"https:\/\/turanciaer.com\/ru\/wp-json\/wp\/v2\/product\/1734\/revisions\/1817"}],"wp:featuredmedia":[{"embeddable":true,"href":"https:\/\/turanciaer.com\/ru\/wp-json\/wp\/v2\/media\/1737"}],"wp:attachment":[{"href":"https:\/\/turanciaer.com\/ru\/wp-json\/wp\/v2\/media?parent=1734"}],"wp:term":[{"taxonomy":"product_brand","embeddable":true,"href":"https:\/\/turanciaer.com\/ru\/wp-json\/wp\/v2\/product_brand?post=1734"},{"taxonomy":"product_cat","embeddable":true,"href":"https:\/\/turanciaer.com\/ru\/wp-json\/wp\/v2\/product_cat?post=1734"},{"taxonomy":"product_tag","embeddable":true,"href":"https:\/\/turanciaer.com\/ru\/wp-json\/wp\/v2\/product_tag?post=1734"}],"curies":[{"name":"wp","href":"https:\/\/api.w.org\/{rel}","templated":true}]}}