{"id":1742,"date":"2025-05-27T05:03:36","date_gmt":"2025-05-27T05:03:36","guid":{"rendered":"https:\/\/turanciaer.com\/?post_type=product&#038;p=1742"},"modified":"2025-06-02T18:49:46","modified_gmt":"2025-06-02T18:49:46","slug":"katlanir-bufe-standi","status":"publish","type":"product","link":"https:\/\/turanciaer.com\/ru\/product\/katlanir-bufe-standi\/","title":{"rendered":"\u0421\u043a\u043b\u0430\u0434\u043d\u0430\u044f \u0441\u0442\u043e\u0439\u043a\u0430 \u0434\u043b\u044f \u0444\u0443\u0440\u0448\u0435\u0442\u0430"},"content":{"rendered":"<ul>\n<li>\u041d\u043e\u0436\u043a\u0438 \u0438\u0437 \u043f\u0440\u043e\u0444\u0438\u043b\u044f \u0438\u0437 \u043d\u0435\u0440\u0436\u0430\u0432\u0435\u044e\u0449\u0435\u0439 \u0441\u0442\u0430\u043b\u0438 AISI 304<\/li>\n<li>\u0421\u0442\u043e\u043b\u0435\u0448\u043d\u0438\u0446\u0430 \u0438\u0437 \u0437\u0430\u043a\u0430\u043b\u0435\u043d\u043d\u043e\u0433\u043e \u0441\u0442\u0435\u043a\u043b\u0430 \u0442\u043e\u043b\u0449\u0438\u043d\u043e\u0439 10 \u043c\u043c<\/li>\n<\/ul>\n<p><strong>\u0420\u0430\u0437\u043c\u0435\u0440\u044b: <\/strong><\/p>\n<ul>\n<li>70\u00d770\u00a0 B: 105 cm<\/li>\n<li>70\u00d770\u00a0 B: 90 cm<\/li>\n<li>70\u00d770\u00a0 B: 75 cm<\/li>\n<\/ul>","protected":false},"excerpt":{"rendered":"<p>AISI 304 Kalite Paslanmaz \u00c7elik Katlan\u0131r Profil Ayak 10 mm Temperli F\u00fcme veya Bronz Renk Cam Tabla \u00d6l\u00e7\u00fcler: 70&#215;70\u00a0 Y:<\/p>","protected":false},"featured_media":1743,"template":"","meta":[],"product_brand":[],"product_cat":[178,204],"product_tag":[],"class_list":{"0":"post-1742","1":"product","2":"type-product","3":"status-publish","4":"has-post-thumbnail","6":"product_cat-banket-toplanti-ekipmanlari","7":"product_cat-katlanir-stantlar","9":"first","10":"instock","11":"shipping-taxable","12":"product-type-simple"},"_links":{"self":[{"href":"https:\/\/turanciaer.com\/ru\/wp-json\/wp\/v2\/product\/1742","targetHints":{"allow":["GET"]}}],"collection":[{"href":"https:\/\/turanciaer.com\/ru\/wp-json\/wp\/v2\/product"}],"about":[{"href":"https:\/\/turanciaer.com\/ru\/wp-json\/wp\/v2\/types\/product"}],"version-history":[{"count":1,"href":"https:\/\/turanciaer.com\/ru\/wp-json\/wp\/v2\/product\/1742\/revisions"}],"predecessor-version":[{"id":1744,"href":"https:\/\/turanciaer.com\/ru\/wp-json\/wp\/v2\/product\/1742\/revisions\/1744"}],"wp:featuredmedia":[{"embeddable":true,"href":"https:\/\/turanciaer.com\/ru\/wp-json\/wp\/v2\/media\/1743"}],"wp:attachment":[{"href":"https:\/\/turanciaer.com\/ru\/wp-json\/wp\/v2\/media?parent=1742"}],"wp:term":[{"taxonomy":"product_brand","embeddable":true,"href":"https:\/\/turanciaer.com\/ru\/wp-json\/wp\/v2\/product_brand?post=1742"},{"taxonomy":"product_cat","embeddable":true,"href":"https:\/\/turanciaer.com\/ru\/wp-json\/wp\/v2\/product_cat?post=1742"},{"taxonomy":"product_tag","embeddable":true,"href":"https:\/\/turanciaer.com\/ru\/wp-json\/wp\/v2\/product_tag?post=1742"}],"curies":[{"name":"wp","href":"https:\/\/api.w.org\/{rel}","templated":true}]}}