{"id":1748,"date":"2025-05-27T05:10:10","date_gmt":"2025-05-27T05:10:10","guid":{"rendered":"https:\/\/turanciaer.com\/?post_type=product&#038;p=1748"},"modified":"2025-06-02T18:50:12","modified_gmt":"2025-06-02T18:50:12","slug":"kokteyl-masa","status":"publish","type":"product","link":"https:\/\/turanciaer.com\/ru\/product\/kokteyl-masa\/","title":{"rendered":"\u041a\u043e\u043a\u0442\u0435\u0439\u043b\u044c\u043d\u044b\u0439 \u0441\u0442\u043e\u043b\u0438\u043a"},"content":{"rendered":"<ul>\n<li>\u0421\u0442\u043e\u043b \u0438\u0437 \u043b\u0430\u043c\u0438\u043d\u0430\u0442\u0430 \u041c\u0414\u0424<\/li>\n<li>\u0420\u0435\u0437\u0438\u043d\u043e\u0432\u044b\u0439 \u043a\u0440\u0430\u0439<\/li>\n<li>\u041d\u043e\u0436\u043a\u0430-\u0442\u0440\u0443\u0431\u0430 \u0441 \u044d\u043b\u0435\u043a\u0442\u0440\u043e\u0441\u0442\u0430\u0442\u0438\u0447\u0435\u0441\u043a\u0438\u043c \u043f\u043e\u0440\u043e\u0448\u043a\u043e\u0432\u044b\u043c \u043f\u043e\u043a\u0440\u044b\u0442\u0438\u0435\u043c<\/li>\n<li>\u041e\u0441\u043d\u043e\u0432\u0430\u043d\u0438\u0435 \u0438\u0437 \u043f\u0440\u0435\u0441\u0441\u043e\u0432\u0430\u043d\u043d\u043e\u0433\u043e \u043b\u0438\u0441\u0442\u043e\u0432\u043e\u0433\u043e \u043c\u0435\u0442\u0430\u043b\u043b\u0430<\/li>\n<\/ul>\n<p><strong>\u0420\u0430\u0437\u043c\u0435\u0440\u044b: <\/strong> \u00d8: 70 B: 105 cm<\/p>","protected":false},"excerpt":{"rendered":"<p>MDF Lam Tabla Kau\u00e7uk Kenar Elektrostatik Boyal\u0131 Boru Ayak Pres Sac Taban \u00d6l\u00e7\u00fcler: \u00d8: 70 Y: 105 cm<\/p>","protected":false},"featured_media":1749,"template":"","meta":[],"product_brand":[],"product_cat":[178,200],"product_tag":[],"class_list":{"0":"post-1748","1":"product","2":"type-product","3":"status-publish","4":"has-post-thumbnail","6":"product_cat-banket-toplanti-ekipmanlari","7":"product_cat-kokteyl-masalari","9":"first","10":"instock","11":"featured","12":"shipping-taxable","13":"product-type-simple"},"_links":{"self":[{"href":"https:\/\/turanciaer.com\/ru\/wp-json\/wp\/v2\/product\/1748","targetHints":{"allow":["GET"]}}],"collection":[{"href":"https:\/\/turanciaer.com\/ru\/wp-json\/wp\/v2\/product"}],"about":[{"href":"https:\/\/turanciaer.com\/ru\/wp-json\/wp\/v2\/types\/product"}],"version-history":[{"count":1,"href":"https:\/\/turanciaer.com\/ru\/wp-json\/wp\/v2\/product\/1748\/revisions"}],"predecessor-version":[{"id":1750,"href":"https:\/\/turanciaer.com\/ru\/wp-json\/wp\/v2\/product\/1748\/revisions\/1750"}],"wp:featuredmedia":[{"embeddable":true,"href":"https:\/\/turanciaer.com\/ru\/wp-json\/wp\/v2\/media\/1749"}],"wp:attachment":[{"href":"https:\/\/turanciaer.com\/ru\/wp-json\/wp\/v2\/media?parent=1748"}],"wp:term":[{"taxonomy":"product_brand","embeddable":true,"href":"https:\/\/turanciaer.com\/ru\/wp-json\/wp\/v2\/product_brand?post=1748"},{"taxonomy":"product_cat","embeddable":true,"href":"https:\/\/turanciaer.com\/ru\/wp-json\/wp\/v2\/product_cat?post=1748"},{"taxonomy":"product_tag","embeddable":true,"href":"https:\/\/turanciaer.com\/ru\/wp-json\/wp\/v2\/product_tag?post=1748"}],"curies":[{"name":"wp","href":"https:\/\/api.w.org\/{rel}","templated":true}]}}