{"id":1764,"date":"2025-06-27T10:59:16","date_gmt":"2025-06-27T10:59:16","guid":{"rendered":"https:\/\/turanciaer.com\/?post_type=product&#038;p=1764"},"modified":"2025-10-02T07:15:42","modified_gmt":"2025-10-02T07:15:42","slug":"tepsi-arabasi-69","status":"publish","type":"product","link":"https:\/\/turanciaer.com\/ru\/product\/tepsi-arabasi-69\/","title":{"rendered":"\u0422\u0435\u043b\u0435\u0436\u043a\u0430 \u0434\u043b\u044f \u043f\u043e\u0434\u043d\u043e\u0441\u043e\u0432"},"content":{"rendered":"<ul>\n<li>\u0412\u043c\u0435\u0441\u0442\u0438\u043c\u043e\u0441\u0442\u044c \u043b\u043e\u0442\u043a\u0430 14 \u0448\u0442.<\/li>\n<li>\u0423\u0434\u0430\u0440\u043d\u0430\u044f \u0448\u0438\u043d\u0430<\/li>\n<li>\u0427\u0435\u0442\u044b\u0440\u0435 \u043f\u043e\u0434\u0432\u0438\u0436\u043d\u044b\u0445 \u043a\u043e\u043b\u0435\u0441\u0430, \u0434\u0432\u0430 \u0441 \u0442\u043e\u0440\u043c\u043e\u0437\u0430\u043c\u0438<\/li>\n<\/ul>\n<p><strong>\u0420\u0430\u0437\u043c\u0435\u0440\u044b: <\/strong>\u0428: 40 \u0414: 56\u00a0 B: 185 cm<\/p>","protected":false},"excerpt":{"rendered":"<p>14 Tepsi Ta\u015f\u0131ma Kapasiteli \u00c7arpma Lasti\u011fi \u0130kisi Frenli, D\u00f6rt Adet Hareketli Tekerlek \u00d6l\u00e7\u00fcler: E: 40 B: 56\u00a0 Y: 185 cm<\/p>","protected":false},"featured_media":1765,"template":"","meta":[],"product_brand":[],"product_cat":[208],"product_tag":[],"class_list":{"0":"post-1764","1":"product","2":"type-product","3":"status-publish","4":"has-post-thumbnail","6":"product_cat-gastronom-tepsi-tasima-arabalari","8":"first","9":"instock","10":"shipping-taxable","11":"product-type-simple"},"_links":{"self":[{"href":"https:\/\/turanciaer.com\/ru\/wp-json\/wp\/v2\/product\/1764","targetHints":{"allow":["GET"]}}],"collection":[{"href":"https:\/\/turanciaer.com\/ru\/wp-json\/wp\/v2\/product"}],"about":[{"href":"https:\/\/turanciaer.com\/ru\/wp-json\/wp\/v2\/types\/product"}],"version-history":[{"count":2,"href":"https:\/\/turanciaer.com\/ru\/wp-json\/wp\/v2\/product\/1764\/revisions"}],"predecessor-version":[{"id":1768,"href":"https:\/\/turanciaer.com\/ru\/wp-json\/wp\/v2\/product\/1764\/revisions\/1768"}],"wp:featuredmedia":[{"embeddable":true,"href":"https:\/\/turanciaer.com\/ru\/wp-json\/wp\/v2\/media\/1765"}],"wp:attachment":[{"href":"https:\/\/turanciaer.com\/ru\/wp-json\/wp\/v2\/media?parent=1764"}],"wp:term":[{"taxonomy":"product_brand","embeddable":true,"href":"https:\/\/turanciaer.com\/ru\/wp-json\/wp\/v2\/product_brand?post=1764"},{"taxonomy":"product_cat","embeddable":true,"href":"https:\/\/turanciaer.com\/ru\/wp-json\/wp\/v2\/product_cat?post=1764"},{"taxonomy":"product_tag","embeddable":true,"href":"https:\/\/turanciaer.com\/ru\/wp-json\/wp\/v2\/product_tag?post=1764"}],"curies":[{"name":"wp","href":"https:\/\/api.w.org\/{rel}","templated":true}]}}