{"id":1771,"date":"2025-05-27T11:17:50","date_gmt":"2025-05-27T11:17:50","guid":{"rendered":"https:\/\/turanciaer.com\/?post_type=product&#038;p=1771"},"modified":"2025-06-02T18:54:20","modified_gmt":"2025-06-02T18:54:20","slug":"torbali-paspas-arabasi","status":"publish","type":"product","link":"https:\/\/turanciaer.com\/ru\/product\/torbali-paspas-arabasi\/","title":{"rendered":"\u0422\u0435\u043b\u0435\u0436\u043a\u0430 \u0434\u043b\u044f \u0448\u0432\u0430\u0431\u0440\u044b"},"content":{"rendered":"<ul>\n<li>\u0422\u0440\u0443\u0431\u0447\u0430\u0442\u0430\u044f \u043a\u043e\u043d\u0441\u0442\u0440\u0443\u043a\u0446\u0438\u044f \u0441 \u044d\u043b\u0435\u043a\u0442\u0440\u043e\u0441\u0442\u0430\u0442\u0438\u0447\u0435\u0441\u043a\u0438\u043c \u043f\u043e\u0440\u043e\u0448\u043a\u043e\u0432\u044b\u043c \u043f\u043e\u043a\u0440\u044b\u0442\u0438\u0435\u043c<\/li>\n<li>\u0414\u0432\u0430 \u0432\u0435\u0434\u0440\u0430 \u0438 \u043f\u0440\u0435\u0441\u0441<\/li>\n<li>\u0413\u0440\u044f\u0437\u043d\u044b\u0439 \u043c\u0435\u0448\u043e\u043a<\/li>\n<li>\u0421\u044a\u0435\u043c\u043d\u0430\u044f \u043a\u043e\u0440\u0437\u0438\u043d\u0430 \u0441 \u043f\u043b\u0430\u0441\u0442\u0438\u043a\u043e\u0432\u044b\u043c \u043f\u043e\u043a\u0440\u044b\u0442\u0438\u0435\u043c<\/li>\n<li>\u0423\u0434\u0430\u0440\u043d\u0430\u044f \u0448\u0438\u043d\u0430<\/li>\n<li>\u0427\u0435\u0442\u044b\u0440\u0435 \u043f\u043e\u0434\u0432\u0438\u0436\u043d\u044b\u0445 \u043a\u043e\u043b\u0435\u0441\u0430, \u0434\u0432\u0430 \u0441 \u0442\u043e\u0440\u043c\u043e\u0437\u0430\u043c\u0438<\/li>\n<\/ul>\n<p><strong>\u0420\u0430\u0437\u043c\u0435\u0440\u044b: <\/strong>\u0428: 45 \u0414: 98\u00a0 B: 105 cm<\/p>","protected":false},"excerpt":{"rendered":"<p>Elektrostatik Boyal\u0131 DKP Profil \u0130skelet \u0130ki Adet Kova ve Pres Aparat\u0131 Kirli Torbas\u0131 \u00c7\u0131kar\u0131labilir Plastik Kaplama Sepet \u00c7arpma Lasti\u011fi \u0130kisi<\/p>","protected":false},"featured_media":1772,"template":"","meta":[],"product_brand":[],"product_cat":[176,194],"product_tag":[],"class_list":{"0":"post-1771","1":"product","2":"type-product","3":"status-publish","4":"has-post-thumbnail","6":"product_cat-kat-hizmetleri-ekipmanlari","7":"product_cat-temizlik-arabalari","9":"first","10":"instock","11":"shipping-taxable","12":"product-type-simple"},"_links":{"self":[{"href":"https:\/\/turanciaer.com\/ru\/wp-json\/wp\/v2\/product\/1771","targetHints":{"allow":["GET"]}}],"collection":[{"href":"https:\/\/turanciaer.com\/ru\/wp-json\/wp\/v2\/product"}],"about":[{"href":"https:\/\/turanciaer.com\/ru\/wp-json\/wp\/v2\/types\/product"}],"version-history":[{"count":1,"href":"https:\/\/turanciaer.com\/ru\/wp-json\/wp\/v2\/product\/1771\/revisions"}],"predecessor-version":[{"id":1773,"href":"https:\/\/turanciaer.com\/ru\/wp-json\/wp\/v2\/product\/1771\/revisions\/1773"}],"wp:featuredmedia":[{"embeddable":true,"href":"https:\/\/turanciaer.com\/ru\/wp-json\/wp\/v2\/media\/1772"}],"wp:attachment":[{"href":"https:\/\/turanciaer.com\/ru\/wp-json\/wp\/v2\/media?parent=1771"}],"wp:term":[{"taxonomy":"product_brand","embeddable":true,"href":"https:\/\/turanciaer.com\/ru\/wp-json\/wp\/v2\/product_brand?post=1771"},{"taxonomy":"product_cat","embeddable":true,"href":"https:\/\/turanciaer.com\/ru\/wp-json\/wp\/v2\/product_cat?post=1771"},{"taxonomy":"product_tag","embeddable":true,"href":"https:\/\/turanciaer.com\/ru\/wp-json\/wp\/v2\/product_tag?post=1771"}],"curies":[{"name":"wp","href":"https:\/\/api.w.org\/{rel}","templated":true}]}}