{"id":1774,"date":"2025-08-30T12:34:01","date_gmt":"2025-08-30T12:34:01","guid":{"rendered":"https:\/\/turanciaer.com\/?post_type=product&#038;p=1774"},"modified":"2025-10-02T06:09:35","modified_gmt":"2025-10-02T06:09:35","slug":"katlanir-camasir-arabasi","status":"publish","type":"product","link":"https:\/\/turanciaer.com\/ru\/product\/katlanir-camasir-arabasi\/","title":{"rendered":"\u0421\u043a\u043b\u0430\u0434\u043d\u0430\u044f \u0442\u0435\u043b\u0435\u0436\u043a\u0430 \u0434\u043b\u044f \u0431\u0435\u043b\u044c\u044f"},"content":{"rendered":"<ul>\n<li>\u0422\u0440\u0443\u0431\u0447\u0430\u0442\u0430\u044f \u043a\u043e\u043d\u0441\u0442\u0440\u0443\u043a\u0446\u0438\u044f \u0441 \u044d\u043b\u0435\u043a\u0442\u0440\u043e\u0441\u0442\u0430\u0442\u0438\u0447\u0435\u0441\u043a\u0438\u043c \u043f\u043e\u0440\u043e\u0448\u043a\u043e\u0432\u044b\u043c \u043f\u043e\u043a\u0440\u044b\u0442\u0438\u0435\u043c<\/li>\n<li>\u0423\u0434\u0430\u0440\u043d\u0430\u044f \u0448\u0438\u043d\u0430<\/li>\n<li>\u0427\u0435\u0442\u044b\u0440\u0435 \u043f\u043e\u0434\u0432\u0438\u0436\u043d\u044b\u0445 \u043a\u043e\u043b\u0435\u0441\u0430, \u0434\u0432\u0430 \u0441 \u0442\u043e\u0440\u043c\u043e\u0437\u0430\u043c\u0438<\/li>\n<\/ul>\n<p><strong>\u0420\u0430\u0437\u043c\u0435\u0440\u044b: <\/strong>\u0428: 54 \u0414: 50\u00a0 B: 92 cm<\/p>","protected":false},"excerpt":{"rendered":"<p>Elektrostatik Boyal\u0131 DKP Profil \u0130skelet \u00c7arpma Lasti\u011fi \u0130kisi Frenli, D\u00f6rt Adet Hareketli Tekerlek \u00d6l\u00e7\u00fcler: E: 54 B: 50\u00a0 Y: 92<\/p>","protected":false},"featured_media":1775,"template":"","meta":[],"product_brand":[],"product_cat":[192,176],"product_tag":[],"class_list":{"0":"post-1774","1":"product","2":"type-product","3":"status-publish","4":"has-post-thumbnail","6":"product_cat-camasir-arabalari","7":"product_cat-kat-hizmetleri-ekipmanlari","9":"first","10":"instock","11":"shipping-taxable","12":"product-type-simple"},"_links":{"self":[{"href":"https:\/\/turanciaer.com\/ru\/wp-json\/wp\/v2\/product\/1774","targetHints":{"allow":["GET"]}}],"collection":[{"href":"https:\/\/turanciaer.com\/ru\/wp-json\/wp\/v2\/product"}],"about":[{"href":"https:\/\/turanciaer.com\/ru\/wp-json\/wp\/v2\/types\/product"}],"version-history":[{"count":1,"href":"https:\/\/turanciaer.com\/ru\/wp-json\/wp\/v2\/product\/1774\/revisions"}],"predecessor-version":[{"id":1777,"href":"https:\/\/turanciaer.com\/ru\/wp-json\/wp\/v2\/product\/1774\/revisions\/1777"}],"wp:featuredmedia":[{"embeddable":true,"href":"https:\/\/turanciaer.com\/ru\/wp-json\/wp\/v2\/media\/1775"}],"wp:attachment":[{"href":"https:\/\/turanciaer.com\/ru\/wp-json\/wp\/v2\/media?parent=1774"}],"wp:term":[{"taxonomy":"product_brand","embeddable":true,"href":"https:\/\/turanciaer.com\/ru\/wp-json\/wp\/v2\/product_brand?post=1774"},{"taxonomy":"product_cat","embeddable":true,"href":"https:\/\/turanciaer.com\/ru\/wp-json\/wp\/v2\/product_cat?post=1774"},{"taxonomy":"product_tag","embeddable":true,"href":"https:\/\/turanciaer.com\/ru\/wp-json\/wp\/v2\/product_tag?post=1774"}],"curies":[{"name":"wp","href":"https:\/\/api.w.org\/{rel}","templated":true}]}}