{"id":1793,"date":"2025-06-27T12:46:43","date_gmt":"2025-06-27T12:46:43","guid":{"rendered":"https:\/\/turanciaer.com\/?post_type=product&#038;p=1793"},"modified":"2025-10-02T07:14:03","modified_gmt":"2025-10-02T07:14:03","slug":"katlanir-valiz-arabasi-088","status":"publish","type":"product","link":"https:\/\/turanciaer.com\/ru\/product\/katlanir-valiz-arabasi-088\/","title":{"rendered":"\u0422\u0435\u043b\u0435\u0436\u043a\u0430 \u0434\u043b\u044f \u0431\u0430\u0433\u0430\u0436\u0430"},"content":{"rendered":"<ul>\n<li>\u0422\u0440\u0443\u0431\u043a\u0430 \u0438\u0437 \u043d\u0435\u0440\u0436\u0430\u0432\u0435\u044e\u0449\u0435\u0439 \u0441\u0442\u0430\u043b\u0438<\/li>\n<li>\u0441\u043a\u043b\u0430\u0434\u043d\u0430\u044f \u043a\u043e\u043d\u0441\u0442\u0440\u0443\u043a\u0446\u0438\u044f<\/li>\n<li>\u041a\u043e\u0432\u0435\u0440 \u043f\u043e\u043a\u0440\u044b\u0432\u0430\u0435\u0442 \u043f\u043b\u0430\u0442\u0444\u043e\u0440\u043c\u0443<\/li>\n<li>2 \u0444\u0438\u043a\u0441\u0438\u0440\u043e\u0432\u0430\u043d\u043d\u044b\u0445 \u043a\u043e\u043b\u0435\u0441\u0430<\/li>\n<\/ul>\n<p><strong>\u0420\u0430\u0437\u043c\u0435\u0440\u044b: <\/strong>\u0428: 34 \/ 83 \u0414: 65\u00a0 B: 118 cm<\/p>","protected":false},"excerpt":{"rendered":"<p>AISI 304 Kalite Paslanmaz Boru Katlanabilir \u0130skelet Hal\u0131 Kaplamal\u0131 Y\u00fczey 2 Adet Dolgu Teker \u00d6l\u00e7\u00fcler: E: 34 \/ 83 B:<\/p>","protected":false},"featured_media":1794,"template":"","meta":[],"product_brand":[],"product_cat":[184],"product_tag":[],"class_list":{"0":"post-1793","1":"product","2":"type-product","3":"status-publish","4":"has-post-thumbnail","6":"product_cat-valiz-tasima-arabalari","8":"first","9":"instock","10":"shipping-taxable","11":"product-type-simple"},"_links":{"self":[{"href":"https:\/\/turanciaer.com\/ru\/wp-json\/wp\/v2\/product\/1793","targetHints":{"allow":["GET"]}}],"collection":[{"href":"https:\/\/turanciaer.com\/ru\/wp-json\/wp\/v2\/product"}],"about":[{"href":"https:\/\/turanciaer.com\/ru\/wp-json\/wp\/v2\/types\/product"}],"version-history":[{"count":2,"href":"https:\/\/turanciaer.com\/ru\/wp-json\/wp\/v2\/product\/1793\/revisions"}],"predecessor-version":[{"id":1825,"href":"https:\/\/turanciaer.com\/ru\/wp-json\/wp\/v2\/product\/1793\/revisions\/1825"}],"wp:featuredmedia":[{"embeddable":true,"href":"https:\/\/turanciaer.com\/ru\/wp-json\/wp\/v2\/media\/1794"}],"wp:attachment":[{"href":"https:\/\/turanciaer.com\/ru\/wp-json\/wp\/v2\/media?parent=1793"}],"wp:term":[{"taxonomy":"product_brand","embeddable":true,"href":"https:\/\/turanciaer.com\/ru\/wp-json\/wp\/v2\/product_brand?post=1793"},{"taxonomy":"product_cat","embeddable":true,"href":"https:\/\/turanciaer.com\/ru\/wp-json\/wp\/v2\/product_cat?post=1793"},{"taxonomy":"product_tag","embeddable":true,"href":"https:\/\/turanciaer.com\/ru\/wp-json\/wp\/v2\/product_tag?post=1793"}],"curies":[{"name":"wp","href":"https:\/\/api.w.org\/{rel}","templated":true}]}}