{"id":1805,"date":"2025-05-27T13:00:03","date_gmt":"2025-05-27T13:00:03","guid":{"rendered":"https:\/\/turanciaer.com\/?post_type=product&#038;p=1805"},"modified":"2025-10-02T07:13:33","modified_gmt":"2025-10-02T07:13:33","slug":"bebek-yatagi","status":"publish","type":"product","link":"https:\/\/turanciaer.com\/ru\/product\/bebek-yatagi\/","title":{"rendered":"\u0414\u0435\u0442\u0441\u043a\u0430\u044f \u043a\u0440\u043e\u0432\u0430\u0442\u043a\u0430"},"content":{"rendered":"<ul>\n<li>\u0414\u0435\u0440\u0435\u0432\u044f\u043d\u043d\u044b\u0439, \u0441\u043a\u043b\u0430\u0434\u043d\u043e\u0439 \u043a\u043e\u0440\u043f\u0443\u0441<\/li>\n<li>\u0427\u0435\u0442\u044b\u0440\u0435 \u043f\u043e\u0434\u0432\u0438\u0436\u043d\u044b\u0445 \u043a\u043e\u043b\u0435\u0441\u0430, \u0434\u0432\u0430 \u0441 \u0442\u043e\u0440\u043c\u043e\u0437\u0430\u043c\u0438<\/li>\n<\/ul>\n<p>* \u0414\u0435\u0442\u0441\u043a\u0430\u044f \u043a\u0440\u043e\u0432\u0430\u0442\u043a\u0430 \u0432\u043a\u043b\u044e\u0447\u0435\u043d\u0430 \u0432 \u0441\u0442\u043e\u0438\u043c\u043e\u0441\u0442\u044c.<br \/>\n<strong>\u0420\u0430\u0437\u043c\u0435\u0440\u044b:\u00a0\u00a0<\/strong> \u0428: 32 \/ 70 B: 102 \u0414: 83cm<\/p>","protected":false},"excerpt":{"rendered":"<p>Ah\u015fap Katlan\u0131r G\u00f6vde \u0130kisi Frenli, D\u00f6rt Adet Hareketli Tekerlek * Bebek Yata\u011f\u0131 Fiyata Dahildir. \u00d6l\u00e7\u00fcler:\u00a0\u00a0 E: 32 \/ 70 B:<\/p>","protected":false},"featured_media":1806,"template":"","meta":[],"product_brand":[],"product_cat":[183],"product_tag":[],"class_list":{"0":"post-1805","1":"product","2":"type-product","3":"status-publish","4":"has-post-thumbnail","6":"product_cat-bebek-ekipmanlari","8":"first","9":"instock","10":"shipping-taxable","11":"product-type-simple"},"_links":{"self":[{"href":"https:\/\/turanciaer.com\/ru\/wp-json\/wp\/v2\/product\/1805","targetHints":{"allow":["GET"]}}],"collection":[{"href":"https:\/\/turanciaer.com\/ru\/wp-json\/wp\/v2\/product"}],"about":[{"href":"https:\/\/turanciaer.com\/ru\/wp-json\/wp\/v2\/types\/product"}],"version-history":[{"count":1,"href":"https:\/\/turanciaer.com\/ru\/wp-json\/wp\/v2\/product\/1805\/revisions"}],"predecessor-version":[{"id":1808,"href":"https:\/\/turanciaer.com\/ru\/wp-json\/wp\/v2\/product\/1805\/revisions\/1808"}],"wp:featuredmedia":[{"embeddable":true,"href":"https:\/\/turanciaer.com\/ru\/wp-json\/wp\/v2\/media\/1806"}],"wp:attachment":[{"href":"https:\/\/turanciaer.com\/ru\/wp-json\/wp\/v2\/media?parent=1805"}],"wp:term":[{"taxonomy":"product_brand","embeddable":true,"href":"https:\/\/turanciaer.com\/ru\/wp-json\/wp\/v2\/product_brand?post=1805"},{"taxonomy":"product_cat","embeddable":true,"href":"https:\/\/turanciaer.com\/ru\/wp-json\/wp\/v2\/product_cat?post=1805"},{"taxonomy":"product_tag","embeddable":true,"href":"https:\/\/turanciaer.com\/ru\/wp-json\/wp\/v2\/product_tag?post=1805"}],"curies":[{"name":"wp","href":"https:\/\/api.w.org\/{rel}","templated":true}]}}