{"id":2169,"date":"2025-05-25T12:13:06","date_gmt":"2025-05-25T12:13:06","guid":{"rendered":"https:\/\/turanciaer.com\/?post_type=product&#038;p=2169"},"modified":"2025-10-02T07:12:58","modified_gmt":"2025-10-02T07:12:58","slug":"toplanti-masasi-052","status":"publish","type":"product","link":"https:\/\/turanciaer.com\/ru\/product\/toplanti-masasi-052\/","title":{"rendered":"\u0421\u0442\u043e\u043b \u0434\u043b\u044f \u0441\u043e\u0432\u0435\u0449\u0430\u043d\u0438\u0439"},"content":{"rendered":"<ul>\n<li>\u041b\u0430\u043c\u0438\u043d\u0438\u0440\u043e\u0432\u0430\u043d\u043d\u0430\u044f \u043f\u0430\u043d\u0435\u043b\u044c \u041c\u0414\u0424 18 \u043c\u043c<\/li>\n<li>\u0421\u043a\u043b\u0430\u0434\u043d\u0430\u044f \u043d\u043e\u0436\u043a\u0430 \u0438\u0437 \u043d\u0435\u0440\u0436\u0430\u0432\u0435\u044e\u0449\u0435\u0439 \u0441\u0442\u0430\u043b\u0438 AISI 304<\/li>\n<li>\u041f\u0440\u0430\u043a\u0442\u0438\u0447\u043d\u044b\u0435 \u0438 \u043f\u0440\u043e\u0447\u043d\u044b\u0435 \u0437\u0430\u043c\u043a\u043e\u0432\u044b\u0435 \u043c\u0435\u0445\u0430\u043d\u0438\u0437\u043c\u044b<\/li>\n<li>\u0420\u0435\u0433\u0443\u043b\u0438\u0440\u043e\u0432\u043e\u0447\u043d\u044b\u0435 \u0432\u0438\u043d\u0442\u044b \u0434\u043b\u044f \u043d\u0435\u0440\u043e\u0432\u043d\u043e\u0439 \u043f\u043e\u0432\u0435\u0440\u0445\u043d\u043e\u0441\u0442\u0438<\/li>\n<li>\u041f\u043b\u0430\u0441\u0442\u0438\u043a\u043e\u0432\u043e\u0435 \u0441\u043e\u0435\u0434\u0438\u043d\u0438\u0442\u0435\u043b\u044c\u043d\u043e\u0435 \u0443\u0441\u0442\u0440\u043e\u0439\u0441\u0442\u0432\u043e, \u0437\u0430\u0449\u0438\u0449\u0430\u044e\u0449\u0435\u0435 \u043b\u043e\u0442\u043e\u043a \u0432\u043e \u0432\u0440\u0435\u043c\u044f \u0448\u0442\u0430\u0431\u0435\u043b\u0438\u0440\u043e\u0432\u0430\u043d\u0438\u044f<\/li>\n<\/ul>\n<p>*\u041f\u0435\u0440\u0435\u0434\u043d\u044f\u044f \u043f\u0430\u043d\u0435\u043b\u044c \u0432 \u0441\u0442\u043e\u0438\u043c\u043e\u0441\u0442\u044c \u043d\u0435 \u0432\u0445\u043e\u0434\u0438\u0442.<\/p>\n<p><strong>\u0420\u0430\u0437\u043c\u0435\u0440\u044b:<\/strong><\/p>\n<ul>\n<li>45x120cm<\/li>\n<li>45x140cm<\/li>\n<li>45x160cm<\/li>\n<li>45x180cm<\/li>\n<li>70x120m<\/li>\n<li>70x140cm<\/li>\n<li>70x160cm<\/li>\n<li>70x180cm<\/li>\n<\/ul>","protected":false},"excerpt":{"rendered":"<p>18 mm MDF Lam Tabla AISI 304 Kalite Paslanmaz \u00c7elik Katlan\u0131r Ayak Dayan\u0131kl\u0131 \u00d6zel Kilit Mekanizma Bozuk Zeminler \u0130\u00e7in Y\u00fckseklik<\/p>","protected":false},"featured_media":2170,"template":"","meta":[],"product_brand":[],"product_cat":[178,201],"product_tag":[],"class_list":{"0":"post-2169","1":"product","2":"type-product","3":"status-publish","4":"has-post-thumbnail","6":"product_cat-banket-toplanti-ekipmanlari","7":"product_cat-toplanti-masalari","9":"first","10":"instock","11":"shipping-taxable","12":"product-type-simple"},"_links":{"self":[{"href":"https:\/\/turanciaer.com\/ru\/wp-json\/wp\/v2\/product\/2169","targetHints":{"allow":["GET"]}}],"collection":[{"href":"https:\/\/turanciaer.com\/ru\/wp-json\/wp\/v2\/product"}],"about":[{"href":"https:\/\/turanciaer.com\/ru\/wp-json\/wp\/v2\/types\/product"}],"version-history":[{"count":1,"href":"https:\/\/turanciaer.com\/ru\/wp-json\/wp\/v2\/product\/2169\/revisions"}],"predecessor-version":[{"id":2172,"href":"https:\/\/turanciaer.com\/ru\/wp-json\/wp\/v2\/product\/2169\/revisions\/2172"}],"wp:featuredmedia":[{"embeddable":true,"href":"https:\/\/turanciaer.com\/ru\/wp-json\/wp\/v2\/media\/2170"}],"wp:attachment":[{"href":"https:\/\/turanciaer.com\/ru\/wp-json\/wp\/v2\/media?parent=2169"}],"wp:term":[{"taxonomy":"product_brand","embeddable":true,"href":"https:\/\/turanciaer.com\/ru\/wp-json\/wp\/v2\/product_brand?post=2169"},{"taxonomy":"product_cat","embeddable":true,"href":"https:\/\/turanciaer.com\/ru\/wp-json\/wp\/v2\/product_cat?post=2169"},{"taxonomy":"product_tag","embeddable":true,"href":"https:\/\/turanciaer.com\/ru\/wp-json\/wp\/v2\/product_tag?post=2169"}],"curies":[{"name":"wp","href":"https:\/\/api.w.org\/{rel}","templated":true}]}}