{"id":2191,"date":"2025-08-25T17:19:24","date_gmt":"2025-08-25T17:19:24","guid":{"rendered":"https:\/\/turanciaer.com\/?post_type=product&#038;p=2191"},"modified":"2025-08-25T17:23:20","modified_gmt":"2025-08-25T17:23:20","slug":"bos-toplama-arabasi-65","status":"publish","type":"product","link":"https:\/\/turanciaer.com\/ru\/product\/bos-toplama-arabasi-65\/","title":{"rendered":"\u041f\u0443\u0441\u0442\u0430\u044f \u0442\u0435\u043b\u0435\u0436\u043a\u0430 \u0434\u043b\u044f \u0441\u0431\u043e\u0440\u0430 \u043c\u0443\u0441\u043e\u0440\u0430"},"content":{"rendered":"<ul>\n<li>\u041a\u0430\u0440\u043a\u0430\u0441 \u0438\u0437 \u043d\u0435\u0440\u0436\u0430\u0432\u0435\u044e\u0449\u0435\u0439 \u0441\u0442\u0430\u043b\u0438 AISI 304<\/li>\n<li>\u0427\u0435\u0442\u044b\u0440\u0435 \u043f\u043e\u0434\u0432\u0438\u0436\u043d\u044b\u0445 \u043a\u043e\u043b\u0435\u0441\u0430, \u0434\u0432\u0430 \u0441 \u0442\u043e\u0440\u043c\u043e\u0437\u0430\u043c\u0438<\/li>\n<\/ul>\n<p><strong>\u0420\u0430\u0437\u043c\u0435\u0440\u044b: <\/strong>\u0428: 55 \u0414: 85 B: 90 cm<\/p>","protected":false},"excerpt":{"rendered":"<p>AISI 304 Kalite Paslanmaz \u0130skelet \u0130kisi Frenli, D\u00f6rt Adet Hareketli Tekerlek \u00d6l\u00e7\u00fcler: E: 55 B: 85 Y: 90 cm<\/p>","protected":false},"featured_media":2192,"template":"","meta":[],"product_brand":[],"product_cat":[207,206],"product_tag":[],"class_list":{"0":"post-2191","1":"product","2":"type-product","3":"status-publish","4":"has-post-thumbnail","6":"product_cat-mutfak-arabalari","7":"product_cat-mutfak-ekipmanlari","9":"first","10":"instock","11":"shipping-taxable","12":"product-type-simple"},"_links":{"self":[{"href":"https:\/\/turanciaer.com\/ru\/wp-json\/wp\/v2\/product\/2191","targetHints":{"allow":["GET"]}}],"collection":[{"href":"https:\/\/turanciaer.com\/ru\/wp-json\/wp\/v2\/product"}],"about":[{"href":"https:\/\/turanciaer.com\/ru\/wp-json\/wp\/v2\/types\/product"}],"version-history":[{"count":1,"href":"https:\/\/turanciaer.com\/ru\/wp-json\/wp\/v2\/product\/2191\/revisions"}],"predecessor-version":[{"id":2193,"href":"https:\/\/turanciaer.com\/ru\/wp-json\/wp\/v2\/product\/2191\/revisions\/2193"}],"wp:featuredmedia":[{"embeddable":true,"href":"https:\/\/turanciaer.com\/ru\/wp-json\/wp\/v2\/media\/2192"}],"wp:attachment":[{"href":"https:\/\/turanciaer.com\/ru\/wp-json\/wp\/v2\/media?parent=2191"}],"wp:term":[{"taxonomy":"product_brand","embeddable":true,"href":"https:\/\/turanciaer.com\/ru\/wp-json\/wp\/v2\/product_brand?post=2191"},{"taxonomy":"product_cat","embeddable":true,"href":"https:\/\/turanciaer.com\/ru\/wp-json\/wp\/v2\/product_cat?post=2191"},{"taxonomy":"product_tag","embeddable":true,"href":"https:\/\/turanciaer.com\/ru\/wp-json\/wp\/v2\/product_tag?post=2191"}],"curies":[{"name":"wp","href":"https:\/\/api.w.org\/{rel}","templated":true}]}}