{"id":2197,"date":"2025-08-26T15:43:29","date_gmt":"2025-08-26T15:43:29","guid":{"rendered":"https:\/\/turanciaer.com\/?post_type=product&#038;p=2197"},"modified":"2025-08-26T15:46:57","modified_gmt":"2025-08-26T15:46:57","slug":"tabak-tasima-arabasi","status":"publish","type":"product","link":"https:\/\/turanciaer.com\/ru\/product\/tabak-tasima-arabasi\/","title":{"rendered":"\u0422\u0435\u043b\u0435\u0436\u043a\u0430 \u0434\u043b\u044f \u0442\u0430\u0440\u0435\u043b\u043e\u043a"},"content":{"rendered":"<ul>\n<li>\u0420\u0435\u0433\u0443\u043b\u0438\u0440\u0443\u0435\u043c\u044b\u0439 5-\u0441\u0435\u043a\u0446\u0438\u043e\u043d\u043d\u044b\u0439 \u0440\u0430\u0437\u0434\u0435\u043b\u0438\u0442\u0435\u043b\u044c<\/li>\n<li>\u0414\u043e\u0441\u0442\u0443\u043f\u043d\u043e \u0434\u043b\u044f \u043f\u043b\u0430\u0441\u0442\u0438\u043d\u044b \u0434\u0438\u0430\u043c\u0435\u0442\u0440\u043e\u043c 32 \u0441\u043c.<\/li>\n<li>\u0412 \u0437\u0430\u0432\u0438\u0441\u0438\u043c\u043e\u0441\u0442\u0438 \u043e\u0442 \u0434\u0438\u0430\u043c\u0435\u0442\u0440\u0430 \u043f\u043b\u0430\u0441\u0442\u0438\u043d\u044b \u043f\u0440\u043e\u0438\u0437\u0432\u043e\u0434\u0438\u0442\u0435\u043b\u044c\u043d\u043e\u0441\u0442\u044c 250-450<\/li>\n<\/ul>\n<p><strong>\u0420\u0430\u0437\u043c\u0435\u0440\u044b: <\/strong>\u0428: 71 \u0414: 110\u00a0 B: 80 cm<\/p>","protected":false},"excerpt":{"rendered":"<p>Ayarlanabilir 5 B\u00f6lme Tabak \u00c7ap\u0131 32 cm\u2019e Kadar Ayarlanabilir Tabak \u00c7ap\u0131na G\u00f6re 250-450 Adet Ta\u015f\u0131ma Kapasitesi \u00d6l\u00e7\u00fcler: E: 71 B:<\/p>","protected":false},"featured_media":2198,"template":"","meta":[],"product_brand":[],"product_cat":[209],"product_tag":[],"class_list":{"0":"post-2197","1":"product","2":"type-product","3":"status-publish","4":"has-post-thumbnail","6":"product_cat-tabak-tasima-arabalari","8":"first","9":"instock","10":"shipping-taxable","11":"product-type-simple"},"_links":{"self":[{"href":"https:\/\/turanciaer.com\/ru\/wp-json\/wp\/v2\/product\/2197","targetHints":{"allow":["GET"]}}],"collection":[{"href":"https:\/\/turanciaer.com\/ru\/wp-json\/wp\/v2\/product"}],"about":[{"href":"https:\/\/turanciaer.com\/ru\/wp-json\/wp\/v2\/types\/product"}],"version-history":[{"count":1,"href":"https:\/\/turanciaer.com\/ru\/wp-json\/wp\/v2\/product\/2197\/revisions"}],"predecessor-version":[{"id":2199,"href":"https:\/\/turanciaer.com\/ru\/wp-json\/wp\/v2\/product\/2197\/revisions\/2199"}],"wp:featuredmedia":[{"embeddable":true,"href":"https:\/\/turanciaer.com\/ru\/wp-json\/wp\/v2\/media\/2198"}],"wp:attachment":[{"href":"https:\/\/turanciaer.com\/ru\/wp-json\/wp\/v2\/media?parent=2197"}],"wp:term":[{"taxonomy":"product_brand","embeddable":true,"href":"https:\/\/turanciaer.com\/ru\/wp-json\/wp\/v2\/product_brand?post=2197"},{"taxonomy":"product_cat","embeddable":true,"href":"https:\/\/turanciaer.com\/ru\/wp-json\/wp\/v2\/product_cat?post=2197"},{"taxonomy":"product_tag","embeddable":true,"href":"https:\/\/turanciaer.com\/ru\/wp-json\/wp\/v2\/product_tag?post=2197"}],"curies":[{"name":"wp","href":"https:\/\/api.w.org\/{rel}","templated":true}]}}