{"id":2204,"date":"2025-08-30T16:09:17","date_gmt":"2025-08-30T16:09:17","guid":{"rendered":"https:\/\/turanciaer.com\/?post_type=product&#038;p=2204"},"modified":"2025-10-02T06:08:51","modified_gmt":"2025-10-02T06:08:51","slug":"islak-camasir-arabasi-73","status":"publish","type":"product","link":"https:\/\/turanciaer.com\/ru\/product\/islak-camasir-arabasi-73\/","title":{"rendered":"\u0422\u0435\u043b\u0435\u0436\u043a\u0430 \u0434\u043b\u044f \u0431\u0435\u043b\u044c\u044f"},"content":{"rendered":"<ul>\n<li>\u041a\u043e\u0440\u043f\u0443\u0441 \u0441 \u043f\u043b\u0430\u0441\u0442\u0438\u043a\u043e\u0432\u044b\u043c \u043f\u043e\u043a\u0440\u044b\u0442\u0438\u0435\u043c<\/li>\n<li>4 \u043f\u043e\u0432\u043e\u0440\u043e\u0442\u043d\u044b\u0445 \u043a\u043e\u043b\u0435\u0441\u0430<\/li>\n<\/ul>\n<p><strong>\u0420\u0430\u0437\u043c\u0435\u0440\u044b: <\/strong>\u0428: 55 \u0414: 67\u00a0 B: 70 cm<\/p>","protected":false},"excerpt":{"rendered":"<p>Plastik Kaplamal\u0131 G\u00f6vde D\u00f6rt Adet Hareketli Tekerlek \u00d6l\u00e7\u00fcler: E: 55 B: 67\u00a0 Y: 70 cm<\/p>","protected":false},"featured_media":2201,"template":"","meta":[],"product_brand":[],"product_cat":[192,176],"product_tag":[],"class_list":{"0":"post-2204","1":"product","2":"type-product","3":"status-publish","4":"has-post-thumbnail","6":"product_cat-camasir-arabalari","7":"product_cat-kat-hizmetleri-ekipmanlari","9":"first","10":"instock","11":"shipping-taxable","12":"product-type-simple"},"_links":{"self":[{"href":"https:\/\/turanciaer.com\/ru\/wp-json\/wp\/v2\/product\/2204","targetHints":{"allow":["GET"]}}],"collection":[{"href":"https:\/\/turanciaer.com\/ru\/wp-json\/wp\/v2\/product"}],"about":[{"href":"https:\/\/turanciaer.com\/ru\/wp-json\/wp\/v2\/types\/product"}],"version-history":[{"count":1,"href":"https:\/\/turanciaer.com\/ru\/wp-json\/wp\/v2\/product\/2204\/revisions"}],"predecessor-version":[{"id":2205,"href":"https:\/\/turanciaer.com\/ru\/wp-json\/wp\/v2\/product\/2204\/revisions\/2205"}],"wp:featuredmedia":[{"embeddable":true,"href":"https:\/\/turanciaer.com\/ru\/wp-json\/wp\/v2\/media\/2201"}],"wp:attachment":[{"href":"https:\/\/turanciaer.com\/ru\/wp-json\/wp\/v2\/media?parent=2204"}],"wp:term":[{"taxonomy":"product_brand","embeddable":true,"href":"https:\/\/turanciaer.com\/ru\/wp-json\/wp\/v2\/product_brand?post=2204"},{"taxonomy":"product_cat","embeddable":true,"href":"https:\/\/turanciaer.com\/ru\/wp-json\/wp\/v2\/product_cat?post=2204"},{"taxonomy":"product_tag","embeddable":true,"href":"https:\/\/turanciaer.com\/ru\/wp-json\/wp\/v2\/product_tag?post=2204"}],"curies":[{"name":"wp","href":"https:\/\/api.w.org\/{rel}","templated":true}]}}