{"id":2206,"date":"2025-09-01T21:07:41","date_gmt":"2025-09-01T21:07:41","guid":{"rendered":"https:\/\/turanciaer.com\/?post_type=product&#038;p=2206"},"modified":"2025-10-02T06:07:07","modified_gmt":"2025-10-02T06:07:07","slug":"kat-arabasi-79","status":"publish","type":"product","link":"https:\/\/turanciaer.com\/ru\/product\/kat-arabasi-79\/","title":{"rendered":"\u0422\u0435\u043b\u0435\u0436\u043a\u0430 \u0433\u043e\u0440\u043d\u0438\u0447\u043d\u043e\u0439"},"content":{"rendered":"<ul>\n<li>\u041f\u043b\u0430\u0441\u0442\u0438\u043a\u043e\u0432\u044b\u0439 \u043a\u043e\u0440\u043f\u0443\u0441<\/li>\n<li>\u0422\u0440\u0443\u0431\u0447\u0430\u0442\u0430\u044f \u043a\u043e\u043d\u0441\u0442\u0440\u0443\u043a\u0446\u0438\u044f \u0441 \u044d\u043b\u0435\u043a\u0442\u0440\u043e\u0441\u0442\u0430\u0442\u0438\u0447\u0435\u0441\u043a\u0438\u043c \u043f\u043e\u0440\u043e\u0448\u043a\u043e\u0432\u044b\u043c \u043f\u043e\u043a\u0440\u044b\u0442\u0438\u0435\u043c<\/li>\n<li>\u0421\u043a\u043b\u0430\u0434\u043d\u044b\u0435 \u0431\u043e\u043a\u043e\u0432\u044b\u0435 \u0440\u0443\u0447\u043a\u0438<\/li>\n<li>\u0417\u0430\u043a\u0440\u044b\u0432\u0430\u044e\u0449\u0438\u0439\u0441\u044f \u0431\u0440\u0435\u0437\u0435\u043d\u0442\u043e\u0432\u044b\u0439 \u0447\u0435\u0445\u043e\u043b \u043d\u0430 \u043f\u0435\u0440\u0435\u0434\u043d\u0435\u0439 \u0447\u0430\u0441\u0442\u0438<\/li>\n<li>\u0427\u0435\u0442\u044b\u0440\u0435 \u043f\u043e\u0434\u0432\u0438\u0436\u043d\u044b\u0445 \u043a\u043e\u043b\u0435\u0441\u0430, \u0434\u0432\u0430 \u0441 \u0442\u043e\u0440\u043c\u043e\u0437\u0430\u043c\u0438<\/li>\n<\/ul>\n<p><strong>\u0420\u0430\u0437\u043c\u0435\u0440\u044b: <\/strong>\u0428: 61 \u0414: 112 \/ 175 B: 148\u00a0 cm<\/p>","protected":false},"excerpt":{"rendered":"<p>Plastik G\u00f6vde Elektrostatik Boyal\u0131 DKP Profil \u0130skelet Katlanabilir Yan Kollar \u00d6n B\u00f6l\u00fcmde Kapanabilen Branda Kapak \u0130kisi Frenli, D\u00f6rt Adet Hareketli<\/p>","protected":false},"featured_media":2207,"template":"","meta":[],"product_brand":[],"product_cat":[171,176],"product_tag":[],"class_list":{"0":"post-2206","1":"product","2":"type-product","3":"status-publish","4":"has-post-thumbnail","6":"product_cat-kat-arabalari","7":"product_cat-kat-hizmetleri-ekipmanlari","9":"first","10":"instock","11":"shipping-taxable","12":"product-type-simple"},"_links":{"self":[{"href":"https:\/\/turanciaer.com\/ru\/wp-json\/wp\/v2\/product\/2206","targetHints":{"allow":["GET"]}}],"collection":[{"href":"https:\/\/turanciaer.com\/ru\/wp-json\/wp\/v2\/product"}],"about":[{"href":"https:\/\/turanciaer.com\/ru\/wp-json\/wp\/v2\/types\/product"}],"version-history":[{"count":1,"href":"https:\/\/turanciaer.com\/ru\/wp-json\/wp\/v2\/product\/2206\/revisions"}],"predecessor-version":[{"id":2208,"href":"https:\/\/turanciaer.com\/ru\/wp-json\/wp\/v2\/product\/2206\/revisions\/2208"}],"wp:featuredmedia":[{"embeddable":true,"href":"https:\/\/turanciaer.com\/ru\/wp-json\/wp\/v2\/media\/2207"}],"wp:attachment":[{"href":"https:\/\/turanciaer.com\/ru\/wp-json\/wp\/v2\/media?parent=2206"}],"wp:term":[{"taxonomy":"product_brand","embeddable":true,"href":"https:\/\/turanciaer.com\/ru\/wp-json\/wp\/v2\/product_brand?post=2206"},{"taxonomy":"product_cat","embeddable":true,"href":"https:\/\/turanciaer.com\/ru\/wp-json\/wp\/v2\/product_cat?post=2206"},{"taxonomy":"product_tag","embeddable":true,"href":"https:\/\/turanciaer.com\/ru\/wp-json\/wp\/v2\/product_tag?post=2206"}],"curies":[{"name":"wp","href":"https:\/\/api.w.org\/{rel}","templated":true}]}}