{"id":2216,"date":"2025-08-26T21:18:15","date_gmt":"2025-08-26T21:18:15","guid":{"rendered":"https:\/\/turanciaer.com\/?post_type=product&#038;p=2216"},"modified":"2025-08-26T21:20:24","modified_gmt":"2025-08-26T21:20:24","slug":"iki-kovali-paspas-arabasi","status":"publish","type":"product","link":"https:\/\/turanciaer.com\/ru\/product\/iki-kovali-paspas-arabasi\/","title":{"rendered":"\u0422\u0435\u043b\u0435\u0436\u043a\u0430 \u0434\u043b\u044f \u0448\u0432\u0430\u0431\u0440\u044b \u0441 \u0434\u0432\u0443\u043c\u044f \u0432\u0435\u0434\u0440\u0430\u043c\u0438"},"content":{"rendered":"<ul>\n<li>\u0414\u0432\u0430 \u0432\u0435\u0434\u0440\u0430 \u0438 \u043f\u0440\u0435\u0441\u0441<\/li>\n<li>\u0423\u0434\u0430\u0440\u043d\u0430\u044f \u0448\u0438\u043d\u0430<\/li>\n<li>\u0427\u0435\u0442\u044b\u0440\u0435 \u043f\u043e\u0434\u0432\u0438\u0436\u043d\u044b\u0445 \u043a\u043e\u043b\u0435\u0441\u0430, \u0434\u0432\u0430 \u0441 \u0442\u043e\u0440\u043c\u043e\u0437\u0430\u043c\u0438<\/li>\n<\/ul>\n<p><strong>\u0420\u0430\u0437\u043c\u0435\u0440\u044b: <\/strong>\u0428: 62 \u0414: 140 B: 107\u00a0 cm<\/p>","protected":false},"excerpt":{"rendered":"<p>2 Adet Kova ve Pres Aparat\u0131 \u00c7arpma Lasti\u011fi \u0130kisi Frenli, D\u00f6rt Adet Hareketli Tekerlek \u00d6l\u00e7\u00fcler: E: 62 B: 140 Y:<\/p>","protected":false},"featured_media":2217,"template":"","meta":[],"product_brand":[],"product_cat":[176,194],"product_tag":[],"class_list":{"0":"post-2216","1":"product","2":"type-product","3":"status-publish","4":"has-post-thumbnail","6":"product_cat-kat-hizmetleri-ekipmanlari","7":"product_cat-temizlik-arabalari","9":"first","10":"instock","11":"shipping-taxable","12":"product-type-simple"},"_links":{"self":[{"href":"https:\/\/turanciaer.com\/ru\/wp-json\/wp\/v2\/product\/2216","targetHints":{"allow":["GET"]}}],"collection":[{"href":"https:\/\/turanciaer.com\/ru\/wp-json\/wp\/v2\/product"}],"about":[{"href":"https:\/\/turanciaer.com\/ru\/wp-json\/wp\/v2\/types\/product"}],"version-history":[{"count":1,"href":"https:\/\/turanciaer.com\/ru\/wp-json\/wp\/v2\/product\/2216\/revisions"}],"predecessor-version":[{"id":2218,"href":"https:\/\/turanciaer.com\/ru\/wp-json\/wp\/v2\/product\/2216\/revisions\/2218"}],"wp:featuredmedia":[{"embeddable":true,"href":"https:\/\/turanciaer.com\/ru\/wp-json\/wp\/v2\/media\/2217"}],"wp:attachment":[{"href":"https:\/\/turanciaer.com\/ru\/wp-json\/wp\/v2\/media?parent=2216"}],"wp:term":[{"taxonomy":"product_brand","embeddable":true,"href":"https:\/\/turanciaer.com\/ru\/wp-json\/wp\/v2\/product_brand?post=2216"},{"taxonomy":"product_cat","embeddable":true,"href":"https:\/\/turanciaer.com\/ru\/wp-json\/wp\/v2\/product_cat?post=2216"},{"taxonomy":"product_tag","embeddable":true,"href":"https:\/\/turanciaer.com\/ru\/wp-json\/wp\/v2\/product_tag?post=2216"}],"curies":[{"name":"wp","href":"https:\/\/api.w.org\/{rel}","templated":true}]}}