{"id":2222,"date":"2025-08-26T21:25:25","date_gmt":"2025-08-26T21:25:25","guid":{"rendered":"https:\/\/turanciaer.com\/?post_type=product&#038;p=2222"},"modified":"2025-08-26T21:26:51","modified_gmt":"2025-08-26T21:26:51","slug":"plastik-cop-arabasi-84","status":"publish","type":"product","link":"https:\/\/turanciaer.com\/ru\/product\/plastik-cop-arabasi-84\/","title":{"rendered":"\u041f\u043b\u0430\u0441\u0442\u0438\u043a\u043e\u0432\u044b\u0439 \u043c\u0443\u0441\u043e\u0440\u043d\u044b\u0439 \u043a\u043e\u043d\u0442\u0435\u0439\u043d\u0435\u0440"},"content":{"rendered":"<ul>\n<li>\u041e\u0431\u044a\u0435\u043c 240 \u043b\u0438\u0442\u0440\u043e\u0432<\/li>\n<\/ul>\n<p><strong>\u0420\u0430\u0437\u043c\u0435\u0440\u044b: <\/strong>\u0428: 72 \u0414: 57 B: 110\u00a0 cm<\/p>","protected":false},"excerpt":{"rendered":"<p>240 Litre \u0130\u00e7 Hacim \u00d6l\u00e7\u00fcler: E: 72 B: 57 Y: 110\u00a0 cm<\/p>","protected":false},"featured_media":2223,"template":"","meta":[],"product_brand":[],"product_cat":[210,206],"product_tag":[],"class_list":{"0":"post-2222","1":"product","2":"type-product","3":"status-publish","4":"has-post-thumbnail","6":"product_cat-cop-arabalari","7":"product_cat-mutfak-ekipmanlari","9":"first","10":"instock","11":"shipping-taxable","12":"product-type-simple"},"_links":{"self":[{"href":"https:\/\/turanciaer.com\/ru\/wp-json\/wp\/v2\/product\/2222","targetHints":{"allow":["GET"]}}],"collection":[{"href":"https:\/\/turanciaer.com\/ru\/wp-json\/wp\/v2\/product"}],"about":[{"href":"https:\/\/turanciaer.com\/ru\/wp-json\/wp\/v2\/types\/product"}],"version-history":[{"count":1,"href":"https:\/\/turanciaer.com\/ru\/wp-json\/wp\/v2\/product\/2222\/revisions"}],"predecessor-version":[{"id":2224,"href":"https:\/\/turanciaer.com\/ru\/wp-json\/wp\/v2\/product\/2222\/revisions\/2224"}],"wp:featuredmedia":[{"embeddable":true,"href":"https:\/\/turanciaer.com\/ru\/wp-json\/wp\/v2\/media\/2223"}],"wp:attachment":[{"href":"https:\/\/turanciaer.com\/ru\/wp-json\/wp\/v2\/media?parent=2222"}],"wp:term":[{"taxonomy":"product_brand","embeddable":true,"href":"https:\/\/turanciaer.com\/ru\/wp-json\/wp\/v2\/product_brand?post=2222"},{"taxonomy":"product_cat","embeddable":true,"href":"https:\/\/turanciaer.com\/ru\/wp-json\/wp\/v2\/product_cat?post=2222"},{"taxonomy":"product_tag","embeddable":true,"href":"https:\/\/turanciaer.com\/ru\/wp-json\/wp\/v2\/product_tag?post=2222"}],"curies":[{"name":"wp","href":"https:\/\/api.w.org\/{rel}","templated":true}]}}