{"id":2225,"date":"2025-08-26T21:28:41","date_gmt":"2025-08-26T21:28:41","guid":{"rendered":"https:\/\/turanciaer.com\/?post_type=product&#038;p=2225"},"modified":"2025-08-26T21:31:28","modified_gmt":"2025-08-26T21:31:28","slug":"askili-valiz-tasima-arabasi-86","status":"publish","type":"product","link":"https:\/\/turanciaer.com\/ru\/product\/askili-valiz-tasima-arabasi-86\/","title":{"rendered":"\u0422\u0435\u043b\u0435\u0436\u043a\u0430 \u0434\u043b\u044f \u0431\u0430\u0433\u0430\u0436\u0430"},"content":{"rendered":"<ul>\n<li>\u0422\u0440\u0443\u0431\u0447\u0430\u0442\u0430\u044f \u043a\u043e\u043d\u0441\u0442\u0440\u0443\u043a\u0446\u0438\u044f \u0438\u0437 \u043d\u0435\u0440\u0436\u0430\u0432\u0435\u044e\u0449\u0435\u0439 \u0441\u0442\u0430\u043b\u0438 AISI 304<\/li>\n<li>\u041a\u043e\u0432\u0435\u0440 \u043f\u043e\u043a\u0440\u044b\u0432\u0430\u0435\u0442 \u043f\u043b\u0430\u0442\u0444\u043e\u0440\u043c\u0443<\/li>\n<li>\u0423\u0434\u0430\u0440\u043d\u0430\u044f \u0448\u0438\u043d\u0430<\/li>\n<li>\u041f\u043e\u0434\u0432\u0435\u0441\u043d\u043e\u0439 \u0430\u043f\u043f\u0430\u0440\u0430\u0442<\/li>\n<li>\u0416\u0435\u043b\u0435\u0437\u043d\u043e\u0435 \u0448\u0430\u0441\u0441\u0438<\/li>\n<li>\u0427\u0435\u0442\u044b\u0440\u0435 \u043f\u043e\u0434\u0432\u0438\u0436\u043d\u044b\u0445 \u043a\u043e\u043b\u0435\u0441\u0430, \u0434\u0432\u0430 \u0441 \u0442\u043e\u0440\u043c\u043e\u0437\u0430\u043c\u0438<\/li>\n<\/ul>\n<p><strong>\u0420\u0430\u0437\u043c\u0435\u0440\u044b: <\/strong>\u0428: 65 \u0414: 105\u00a0 B: 193 cm<\/p>","protected":false},"excerpt":{"rendered":"<p>AISI 304 Kalite Paslanmaz \u00c7elik Hal\u0131 Kaplamal\u0131 Y\u00fczey \u00c7arpma Lasti\u011fi Ask\u0131 Aparat\u0131 Demir \u015ease \u0130kisi Frenli, D\u00f6rt Adet Hareketli Tekerlek<\/p>","protected":false},"featured_media":2226,"template":"","meta":[],"product_brand":[],"product_cat":[184],"product_tag":[],"class_list":{"0":"post-2225","1":"product","2":"type-product","3":"status-publish","4":"has-post-thumbnail","6":"product_cat-valiz-tasima-arabalari","8":"first","9":"instock","10":"shipping-taxable","11":"product-type-simple"},"_links":{"self":[{"href":"https:\/\/turanciaer.com\/ru\/wp-json\/wp\/v2\/product\/2225","targetHints":{"allow":["GET"]}}],"collection":[{"href":"https:\/\/turanciaer.com\/ru\/wp-json\/wp\/v2\/product"}],"about":[{"href":"https:\/\/turanciaer.com\/ru\/wp-json\/wp\/v2\/types\/product"}],"version-history":[{"count":1,"href":"https:\/\/turanciaer.com\/ru\/wp-json\/wp\/v2\/product\/2225\/revisions"}],"predecessor-version":[{"id":2227,"href":"https:\/\/turanciaer.com\/ru\/wp-json\/wp\/v2\/product\/2225\/revisions\/2227"}],"wp:featuredmedia":[{"embeddable":true,"href":"https:\/\/turanciaer.com\/ru\/wp-json\/wp\/v2\/media\/2226"}],"wp:attachment":[{"href":"https:\/\/turanciaer.com\/ru\/wp-json\/wp\/v2\/media?parent=2225"}],"wp:term":[{"taxonomy":"product_brand","embeddable":true,"href":"https:\/\/turanciaer.com\/ru\/wp-json\/wp\/v2\/product_brand?post=2225"},{"taxonomy":"product_cat","embeddable":true,"href":"https:\/\/turanciaer.com\/ru\/wp-json\/wp\/v2\/product_cat?post=2225"},{"taxonomy":"product_tag","embeddable":true,"href":"https:\/\/turanciaer.com\/ru\/wp-json\/wp\/v2\/product_tag?post=2225"}],"curies":[{"name":"wp","href":"https:\/\/api.w.org\/{rel}","templated":true}]}}