{"id":2239,"date":"2025-04-30T21:25:02","date_gmt":"2025-04-30T21:25:02","guid":{"rendered":"https:\/\/turanciaer.com\/?post_type=product&#038;p=2239"},"modified":"2025-10-02T06:43:48","modified_gmt":"2025-10-02T06:43:48","slug":"bariyer-kordonu-93","status":"publish","type":"product","link":"https:\/\/turanciaer.com\/ru\/product\/bariyer-kordonu-93\/","title":{"rendered":"\u0411\u0430\u0440\u044c\u0435\u0440\u043d\u044b\u0439 \u0448\u043d\u0443\u0440"},"content":{"rendered":"<p>&nbsp;<\/p>\n<p><strong>\u0420\u0430\u0437\u043c\u0435\u0440: <\/strong>150 cm<\/p>","protected":false},"excerpt":{"rendered":"<p>&nbsp; \u00d6l\u00e7\u00fc: 150 cm<\/p>","protected":false},"featured_media":2233,"template":"","meta":[],"product_brand":[],"product_cat":[185],"product_tag":[],"class_list":{"0":"post-2239","1":"product","2":"type-product","3":"status-publish","4":"has-post-thumbnail","6":"product_cat-bariyer-yonlendirme-panolari","8":"first","9":"instock","10":"shipping-taxable","11":"product-type-simple"},"_links":{"self":[{"href":"https:\/\/turanciaer.com\/ru\/wp-json\/wp\/v2\/product\/2239","targetHints":{"allow":["GET"]}}],"collection":[{"href":"https:\/\/turanciaer.com\/ru\/wp-json\/wp\/v2\/product"}],"about":[{"href":"https:\/\/turanciaer.com\/ru\/wp-json\/wp\/v2\/types\/product"}],"version-history":[{"count":1,"href":"https:\/\/turanciaer.com\/ru\/wp-json\/wp\/v2\/product\/2239\/revisions"}],"predecessor-version":[{"id":2240,"href":"https:\/\/turanciaer.com\/ru\/wp-json\/wp\/v2\/product\/2239\/revisions\/2240"}],"wp:featuredmedia":[{"embeddable":true,"href":"https:\/\/turanciaer.com\/ru\/wp-json\/wp\/v2\/media\/2233"}],"wp:attachment":[{"href":"https:\/\/turanciaer.com\/ru\/wp-json\/wp\/v2\/media?parent=2239"}],"wp:term":[{"taxonomy":"product_brand","embeddable":true,"href":"https:\/\/turanciaer.com\/ru\/wp-json\/wp\/v2\/product_brand?post=2239"},{"taxonomy":"product_cat","embeddable":true,"href":"https:\/\/turanciaer.com\/ru\/wp-json\/wp\/v2\/product_cat?post=2239"},{"taxonomy":"product_tag","embeddable":true,"href":"https:\/\/turanciaer.com\/ru\/wp-json\/wp\/v2\/product_tag?post=2239"}],"curies":[{"name":"wp","href":"https:\/\/api.w.org\/{rel}","templated":true}]}}