{"id":2241,"date":"2025-04-30T21:26:31","date_gmt":"2025-04-30T21:26:31","guid":{"rendered":"https:\/\/turanciaer.com\/?post_type=product&#038;p=2241"},"modified":"2025-10-02T06:42:07","modified_gmt":"2025-10-02T06:42:07","slug":"bariyer-94","status":"publish","type":"product","link":"https:\/\/turanciaer.com\/ru\/product\/bariyer-94\/","title":{"rendered":"\u0411\u0430\u0440\u044c\u0435\u0440"},"content":{"rendered":"<ul>\n<li>Paslanmaz \u00c7elik<\/li>\n<li>\u0420\u0435\u0437\u0438\u043d\u0430 \u0434\u043b\u044f \u043f\u0440\u0435\u0434\u043e\u0442\u0432\u0440\u0430\u0449\u0435\u043d\u0438\u044f \u0446\u0430\u0440\u0430\u043f\u0438\u043d \u043d\u0430 \u043f\u043e\u043b\u0443<\/li>\n<\/ul>\n<p><strong>\u0420\u0430\u0437\u043c\u0435\u0440\u044b: <\/strong>\u00d8: 32 B: 100 cm<\/p>","protected":false},"excerpt":{"rendered":"<p>Paslanmaz \u00c7elik Zemin \u00c7izilmesini \u00d6nleyici Lastik \u00d6l\u00e7\u00fcler: \u00d8: 32 Y: 100 cm<\/p>","protected":false},"featured_media":2232,"template":"","meta":[],"product_brand":[],"product_cat":[185],"product_tag":[],"class_list":{"0":"post-2241","1":"product","2":"type-product","3":"status-publish","4":"has-post-thumbnail","6":"product_cat-bariyer-yonlendirme-panolari","8":"first","9":"instock","10":"shipping-taxable","11":"product-type-simple"},"_links":{"self":[{"href":"https:\/\/turanciaer.com\/ru\/wp-json\/wp\/v2\/product\/2241","targetHints":{"allow":["GET"]}}],"collection":[{"href":"https:\/\/turanciaer.com\/ru\/wp-json\/wp\/v2\/product"}],"about":[{"href":"https:\/\/turanciaer.com\/ru\/wp-json\/wp\/v2\/types\/product"}],"version-history":[{"count":1,"href":"https:\/\/turanciaer.com\/ru\/wp-json\/wp\/v2\/product\/2241\/revisions"}],"predecessor-version":[{"id":2242,"href":"https:\/\/turanciaer.com\/ru\/wp-json\/wp\/v2\/product\/2241\/revisions\/2242"}],"wp:featuredmedia":[{"embeddable":true,"href":"https:\/\/turanciaer.com\/ru\/wp-json\/wp\/v2\/media\/2232"}],"wp:attachment":[{"href":"https:\/\/turanciaer.com\/ru\/wp-json\/wp\/v2\/media?parent=2241"}],"wp:term":[{"taxonomy":"product_brand","embeddable":true,"href":"https:\/\/turanciaer.com\/ru\/wp-json\/wp\/v2\/product_brand?post=2241"},{"taxonomy":"product_cat","embeddable":true,"href":"https:\/\/turanciaer.com\/ru\/wp-json\/wp\/v2\/product_cat?post=2241"},{"taxonomy":"product_tag","embeddable":true,"href":"https:\/\/turanciaer.com\/ru\/wp-json\/wp\/v2\/product_tag?post=2241"}],"curies":[{"name":"wp","href":"https:\/\/api.w.org\/{rel}","templated":true}]}}