{"id":2248,"date":"2025-04-30T22:50:59","date_gmt":"2025-04-30T22:50:59","guid":{"rendered":"https:\/\/turanciaer.com\/?post_type=product&#038;p=2248"},"modified":"2025-10-02T06:42:18","modified_gmt":"2025-10-02T06:42:18","slug":"banket-sandalye-97","status":"publish","type":"product","link":"https:\/\/turanciaer.com\/ru\/product\/banket-sandalye-97\/","title":{"rendered":"\u0411\u0430\u043d\u043a\u0435\u0442\u043d\u044b\u0439 \u0441\u0442\u0443\u043b"},"content":{"rendered":"<ul>\n<li>\u0410\u043b\u044e\u043c\u0438\u043d\u0438\u0435\u0432\u0430\u044f \u043a\u043e\u043d\u0441\u0442\u0440\u0443\u043a\u0446\u0438\u044f 25 x 25 x 2 \u043c\u043c<\/li>\n<li>\u0413\u0438\u0431\u043a\u0430\u044f \u0441\u043f\u0438\u043d\u0430<\/li>\n<li>\u042d\u043b\u0435\u043a\u0442\u0440\u043e\u0441\u0442\u0430\u0442\u0438\u0447\u0435\u0441\u043a\u043e\u0435 \u043f\u043e\u0440\u043e\u0448\u043a\u043e\u0432\u043e\u0435 \u043f\u043e\u043a\u0440\u044b\u0442\u0438\u0435<\/li>\n<li>600 \u0433. \u0421\u0438\u0434\u0435\u043d\u044c\u0435 \u0438\u0437 \u043f\u043e\u043b\u0438\u0443\u0440\u0435\u0442\u0430\u043d\u043e\u0432\u043e\u0439 \u0433\u0443\u0431\u043a\u0438 \u0445\u043e\u043b\u043e\u0434\u043d\u043e\u0433\u043e \u043b\u0438\u0442\u044c\u044f<\/li>\n<\/ul>\n<p><strong>\u0420\u0430\u0437\u043c\u0435\u0440\u044b: <\/strong>\u0428: 45 \u0414: 59,5\u00a0 B: 48 \/ 93,5 cm<\/p>","protected":false},"excerpt":{"rendered":"<p>25 x 25 x 2 mm Aluminyum Profil \u0130skelet Esnek S\u0131rtl\u0131 Elektrostatik F\u0131r\u0131n Toz Boya 600 Gr. So\u011fuk D\u00f6k\u00fcm Poli\u00fcretan<\/p>","protected":false},"featured_media":2249,"template":"","meta":[],"product_brand":[],"product_cat":[178,182],"product_tag":[],"class_list":{"0":"post-2248","1":"product","2":"type-product","3":"status-publish","4":"has-post-thumbnail","6":"product_cat-banket-toplanti-ekipmanlari","7":"product_cat-sandalyeler","9":"first","10":"instock","11":"shipping-taxable","12":"product-type-simple"},"_links":{"self":[{"href":"https:\/\/turanciaer.com\/ru\/wp-json\/wp\/v2\/product\/2248","targetHints":{"allow":["GET"]}}],"collection":[{"href":"https:\/\/turanciaer.com\/ru\/wp-json\/wp\/v2\/product"}],"about":[{"href":"https:\/\/turanciaer.com\/ru\/wp-json\/wp\/v2\/types\/product"}],"version-history":[{"count":1,"href":"https:\/\/turanciaer.com\/ru\/wp-json\/wp\/v2\/product\/2248\/revisions"}],"predecessor-version":[{"id":2250,"href":"https:\/\/turanciaer.com\/ru\/wp-json\/wp\/v2\/product\/2248\/revisions\/2250"}],"wp:featuredmedia":[{"embeddable":true,"href":"https:\/\/turanciaer.com\/ru\/wp-json\/wp\/v2\/media\/2249"}],"wp:attachment":[{"href":"https:\/\/turanciaer.com\/ru\/wp-json\/wp\/v2\/media?parent=2248"}],"wp:term":[{"taxonomy":"product_brand","embeddable":true,"href":"https:\/\/turanciaer.com\/ru\/wp-json\/wp\/v2\/product_brand?post=2248"},{"taxonomy":"product_cat","embeddable":true,"href":"https:\/\/turanciaer.com\/ru\/wp-json\/wp\/v2\/product_cat?post=2248"},{"taxonomy":"product_tag","embeddable":true,"href":"https:\/\/turanciaer.com\/ru\/wp-json\/wp\/v2\/product_tag?post=2248"}],"curies":[{"name":"wp","href":"https:\/\/api.w.org\/{rel}","templated":true}]}}